{"id":30532,"date":"2025-11-18T10:43:03","date_gmt":"2025-11-18T10:43:03","guid":{"rendered":"https:\/\/petworld.ma\/?post_type=product&#038;p=30532"},"modified":"2026-04-21T15:42:34","modified_gmt":"2026-04-21T15:42:34","slug":"manteau-pour-chien-en-coton-impermeable-xl-et-2xl","status":"publish","type":"product","link":"https:\/\/petworld.ma\/index.php\/produit\/manteau-pour-chien-en-coton-impermeable-xl-et-2xl\/","title":{"rendered":"Manteau pour chien en coton imperm\u00e9able (XL et 2XL)"},"content":{"rendered":"<div class=\"row\">\n<div class=\"col\">\n<h2><strong><span dir=\"auto\">Description:<\/span><\/strong><\/h2>\n<div class=\"a11y-text-width js-read-more js-product-description Product__Description-text text-break\" data-lines-to-clamp=\"4\" data-device=\"mobile\"><span dir=\"auto\">Ce gilet pour chien est confectionn\u00e9 avec soin en coton, ce qui lui conf\u00e8re un aspect doux et adorable. Son design \u00e9l\u00e9gant, sa couleur et sa texture confortable en font un v\u00eatement pratique et tr\u00e8s appr\u00e9ci\u00e9 des petits chiens. Facile \u00e0 enfiler, il est confortable pour votre compagnon \u00e0 quatre pattes et id\u00e9al pour les occasions sp\u00e9ciales et les s\u00e9ances photo. <\/span><\/div>\n<div data-lines-to-clamp=\"4\" data-device=\"mobile\"><\/div>\n<h3 class=\"a11y-text-width js-read-more js-product-description Product__Description-text text-break\" data-lines-to-clamp=\"4\" data-device=\"mobile\"><strong><span dir=\"auto\">Caract\u00e9ristiques:<\/span><\/strong><\/h3>\n<div class=\"a11y-text-width js-read-more js-product-description Product__Description-text text-break\" data-lines-to-clamp=\"4\" data-device=\"mobile\"><span dir=\"auto\">Couleur : Bleu violac\u00e9<\/span><\/div>\n<div class=\"a11y-text-width js-read-more js-product-description Product__Description-text text-break\" data-lines-to-clamp=\"4\" data-device=\"mobile\"><span dir=\"auto\">Mati\u00e8re : Coton.<\/span><\/div>\n<div class=\"a11y-text-width js-read-more js-product-description Product__Description-text text-break\" data-lines-to-clamp=\"4\" data-device=\"mobile\"><span dir=\"auto\">Tailles: <\/span><\/div>\n<ul>\n<li class=\"a11y-text-width js-read-more js-product-description Product__Description-text text-break\" data-lines-to-clamp=\"4\" data-device=\"mobile\"><span dir=\"auto\">Taille XL : Environ 34 cm (longueur du dos) ; 48 cm (tour de poitrine) ; 34 cm (tour de cou)<\/span><\/li>\n<li class=\"a11y-text-width js-read-more js-product-description Product__Description-text text-break\" data-lines-to-clamp=\"4\" data-device=\"mobile\"><span dir=\"auto\">Taille 2XL : Environ 38 cm (longueur du dos) ; 52 cm (tour de poitrine). 37 cm (tour de cou).<\/span><\/li>\n<\/ul>\n<p><span dir=\"auto\">Haute qualit\u00e9 pour une utilisation durable. &#8211; Design original et raffin\u00e9, aux couleurs vives et agr\u00e9ables. &#8211; Un style tendance et chaleureux qui rendra votre petit chien adorable et bien au chaud en hiver. &#8211; Id\u00e9al pour les promenades, le jogging et autres activit\u00e9s de plein air. &#8211; Facile \u00e0 enfiler et confortable pour votre petit chien. &#8211; Parfait pour les occasions sp\u00e9ciales et les s\u00e9ances photo. Contenu de l&#8217;emballage : 1 x gilet pour animal de compagnie<\/span><\/p>\n<\/div>\n<\/div>\n","protected":false},"excerpt":{"rendered":"<p>Deux Tailles:<\/p>\n<ul>\n<li class=\"a11y-text-width js-read-more js-product-description Product__Description-text text-break\" data-lines-to-clamp=\"4\" data-device=\"mobile\"><span dir=\"auto\">Taille XL : Environ 34 cm (longueur du dos) ; 48 cm (tour de poitrine) ; 34 cm (tour de cou)<\/span><\/li>\n<li class=\"a11y-text-width js-read-more js-product-description Product__Description-text text-break\" data-lines-to-clamp=\"4\" data-device=\"mobile\"><span dir=\"auto\">Taille 2XL : Environ 38 cm (longueur du dos) ; 52 cm (tour de poitrine). 37 cm (tour de cou).<\/span><\/li>\n<\/ul>\n<p>&nbsp;<\/p>\n","protected":false},"featured_media":30552,"template":"","meta":{"jetpack_publicize_message":"","jetpack_publicize_feature_enabled":true,"jetpack_social_post_already_shared":true,"jetpack_social_options":{"image_generator_settings":{"template":"highway","default_image_id":0,"font":"","enabled":false},"version":2}},"product_brand":[],"product_cat":[92,90],"product_tag":[],"class_list":{"0":"post-30532","1":"product","2":"type-product","3":"status-publish","4":"has-post-thumbnail","6":"product_cat-harnais-et-laisses-pour-chien","7":"product_cat-sac-de-transport-pour-chien","9":"first","10":"onbackorder","11":"sale","12":"taxable","13":"shipping-taxable","14":"purchasable","15":"product-type-variable"},"supplier_id":5587,"supplier_sku":"","barcode":null,"atum_controlled":true,"out_stock_date":"2025-11-18 10:43:04","out_stock_threshold":null,"inheritable":true,"inbound_stock":0,"stock_on_hold":0,"sold_today":0,"sales_last_days":0,"reserved_stock":0,"customer_returns":0,"warehouse_damage":0,"lost_in_post":0,"other_logs":0,"out_stock_days":167,"lost_sales":0,"has_location":false,"update_date":"2026-05-05T00:17:54","atum_locations":[],"atum_stock_status":"onbackorder","restock_status":false,"low_stock_amount":0,"sales_update_date":"2026-05-05T00:17:54","calc_backorders":0,"jetpack_publicize_connections":[],"jetpack_sharing_enabled":true,"batches":[],"_links":{"self":[{"href":"https:\/\/petworld.ma\/index.php\/wp-json\/wp\/v2\/product\/30532","targetHints":{"allow":["GET"]}}],"collection":[{"href":"https:\/\/petworld.ma\/index.php\/wp-json\/wp\/v2\/product"}],"about":[{"href":"https:\/\/petworld.ma\/index.php\/wp-json\/wp\/v2\/types\/product"}],"wp:featuredmedia":[{"embeddable":true,"href":"https:\/\/petworld.ma\/index.php\/wp-json\/wp\/v2\/media\/30552"}],"wp:attachment":[{"href":"https:\/\/petworld.ma\/index.php\/wp-json\/wp\/v2\/media?parent=30532"}],"wp:term":[{"taxonomy":"product_brand","embeddable":true,"href":"https:\/\/petworld.ma\/index.php\/wp-json\/wp\/v2\/product_brand?post=30532"},{"taxonomy":"product_cat","embeddable":true,"href":"https:\/\/petworld.ma\/index.php\/wp-json\/wp\/v2\/product_cat?post=30532"},{"taxonomy":"product_tag","embeddable":true,"href":"https:\/\/petworld.ma\/index.php\/wp-json\/wp\/v2\/product_tag?post=30532"}],"curies":[{"name":"wp","href":"https:\/\/api.w.org\/{rel}","templated":true}]}}