{"id":3058,"date":"2023-06-28T15:40:11","date_gmt":"2023-06-28T15:40:11","guid":{"rendered":"https:\/\/petworld.ma\/?post_type=product&#038;p=3058"},"modified":"2026-02-25T02:17:07","modified_gmt":"2026-02-25T02:17:07","slug":"brosse-de-toilettage-pour-chat-2-en-1-lifestyle","status":"publish","type":"product","link":"https:\/\/petworld.ma\/index.php\/produit\/brosse-de-toilettage-pour-chat-2-en-1-lifestyle\/","title":{"rendered":"Brosse de toilettage pour chat 2 en 1 &#8211; Lifestyle"},"content":{"rendered":"<ul>\n<li>Aide votre chat \u00e0 faire sa toilette en enlevant les poiles mortes<\/li>\n<li>Tr\u00e8s appr\u00e9ci\u00e9e par les chats et stimule les sensation du bonheur<\/li>\n<li>Peut \u00eatre facilement mont\u00e9e sur des surfaces d&rsquo;angle et des surfaces planes avec des bandes (incluses)<\/li>\n<li>Gr\u00e2ce \u00e0 sa conception unique, il peut \u00e9galement \u00eatre enroul\u00e9e autour de n&rsquo;importe quel poteau de forme (par exemple, pieds de chaise ou de table et poteaux \u00e0 gratter).<\/li>\n<li>Facile \u00e0 d\u00e9monter et \u00e0 nettoyer.<\/li>\n<\/ul>\n<p><strong>Caract\u00e9ristiques:<\/strong><\/p>\n<ul>\n<li>Taille (cm)\u00a0: 22,5 (L) x 11 (l) x 2,2 (H)<\/li>\n<li>Longueur des poils (cm) : 1 &#8211; 1,5<\/li>\n<li>Mat\u00e9riau : plastique PP et caoutchouc TPR.<\/li>\n<li>Couleur : vert clair et blanc<\/li>\n<\/ul>\n","protected":false},"excerpt":{"rendered":"<p>Aide votre chat \u00e0 faire sa toilette en enlevant les poiles mortes Tr\u00e8s appr\u00e9ci\u00e9e par les chats et stimule les sensation du bonheur Peut \u00eatre facilement mont\u00e9e sur des surfaces d&rsquo;angle et des surfaces planes avec des bandes (incluses) Gr\u00e2ce \u00e0 sa conception unique, il peut \u00e9galement \u00eatre enroul\u00e9e autour de n&rsquo;importe quel poteau de [&#8230;]\n","protected":false},"featured_media":3059,"template":"","meta":{"jetpack_publicize_message":"","jetpack_publicize_feature_enabled":true,"jetpack_social_post_already_shared":false,"jetpack_social_options":{"image_generator_settings":{"template":"highway","default_image_id":0,"font":"","enabled":false},"version":2}},"product_brand":[],"product_cat":[222,100],"product_tag":[],"class_list":{"0":"post-3058","1":"product","2":"type-product","3":"status-publish","4":"has-post-thumbnail","6":"product_cat-brosses-coupe-griffes","7":"product_cat-accessoires-jouets-et-colliers","9":"first","10":"onbackorder","11":"taxable","12":"shipping-taxable","13":"purchasable","14":"product-type-simple"},"supplier_id":5603,"supplier_sku":"","barcode":null,"atum_controlled":true,"out_stock_date":null,"out_stock_threshold":null,"inheritable":false,"inbound_stock":0,"stock_on_hold":0,"sold_today":0,"sales_last_days":0,"reserved_stock":0,"customer_returns":0,"warehouse_damage":0,"lost_in_post":0,"other_logs":0,"out_stock_days":0,"lost_sales":0,"has_location":false,"update_date":"2026-04-20T16:45:53","atum_locations":[],"atum_stock_status":"onbackorder","restock_status":false,"low_stock_amount":4,"sales_update_date":"2026-04-20T16:45:53","calc_backorders":-1,"jetpack_publicize_connections":[],"jetpack_sharing_enabled":true,"batches":[],"_links":{"self":[{"href":"https:\/\/petworld.ma\/index.php\/wp-json\/wp\/v2\/product\/3058","targetHints":{"allow":["GET"]}}],"collection":[{"href":"https:\/\/petworld.ma\/index.php\/wp-json\/wp\/v2\/product"}],"about":[{"href":"https:\/\/petworld.ma\/index.php\/wp-json\/wp\/v2\/types\/product"}],"wp:featuredmedia":[{"embeddable":true,"href":"https:\/\/petworld.ma\/index.php\/wp-json\/wp\/v2\/media\/3059"}],"wp:attachment":[{"href":"https:\/\/petworld.ma\/index.php\/wp-json\/wp\/v2\/media?parent=3058"}],"wp:term":[{"taxonomy":"product_brand","embeddable":true,"href":"https:\/\/petworld.ma\/index.php\/wp-json\/wp\/v2\/product_brand?post=3058"},{"taxonomy":"product_cat","embeddable":true,"href":"https:\/\/petworld.ma\/index.php\/wp-json\/wp\/v2\/product_cat?post=3058"},{"taxonomy":"product_tag","embeddable":true,"href":"https:\/\/petworld.ma\/index.php\/wp-json\/wp\/v2\/product_tag?post=3058"}],"curies":[{"name":"wp","href":"https:\/\/api.w.org\/{rel}","templated":true}]}}