{"id":30767,"date":"2025-11-22T15:20:07","date_gmt":"2025-11-22T15:20:07","guid":{"rendered":"https:\/\/petworld.ma\/?post_type=product&#038;p=30767"},"modified":"2026-04-27T18:33:38","modified_gmt":"2026-04-27T18:33:38","slug":"tapis-absorbant-camon-pour-chiens-60x60cm-10-pcs","status":"publish","type":"product","link":"https:\/\/petworld.ma\/index.php\/produit\/tapis-absorbant-camon-pour-chiens-60x60cm-10-pcs\/","title":{"rendered":"Tapis Absorbant Camon Pour Chiens 60x60cm 10 pcs"},"content":{"rendered":"<p>Tapis jetables tr\u00e8s confortables \u00e0 utiliser dans n\u2019importe quelle situation, \u00e0 l\u2019ext\u00e9rieur et \u00e0 l\u2019int\u00e9rieur de la maison.<br \/>\nHygi\u00e9niques, pratiques et absorbants, ils sont \u00e9quip\u00e9s d\u2019un indicateur d\u2019humidit\u00e9.<br \/>\nUn accessoire indispensable dans toutes les situations : pour les chiens vivant en appartement, pour \u00e9duquer les chiots \u00e0 se salir dans l\u2019espace d\u00e9sign\u00e9, pour les chiens malades et incontinents ; et toujours sur la route, \u00e0 l\u2019h\u00f4tel, sur le bateau, dans le porte-avions.<br \/>\nLe tapis dispose d\u2019un syst\u00e8me absorbant multicouche avec un noyau en gel, qui assure un confinement maximal des liquides et des odeurs.<br \/>\nLa surface sup\u00e9rieure gaufr\u00e9e s\u00e8che tr\u00e8s rapidement, tandis que la surface inf\u00e9rieure est imperm\u00e9able pour prot\u00e9ger les sols, les tapis, etc.<br \/>\nTAPIS ABSORBANT 60X60 10PCS Dimensions du tapis : largeur 60, longueur 60. Super absorbant.<br \/>\nCaract\u00e9ristiques techniques<\/p>\n<ul class=\"c4Y32pt\">\n<li class=\"Cp9IuT\">\n<div class=\"b38yzx jKP2zg zu_yu7 gS1w88 nwczhi\">Longueur : 60 cm<\/div>\n<\/li>\n<li class=\"Cp9IuT\">\n<div class=\"b38yzx jKP2zg zu_yu7 gS1w88 nwczhi\">Longueur : 60 cm<\/div>\n<\/li>\n<li class=\"Cp9IuT\">\n<div class=\"b38yzx jKP2zg zu_yu7 gS1w88 nwczhi\">Couleur : Blanc<\/div>\n<\/li>\n<li class=\"Cp9IuT\">\n<div class=\"b38yzx jKP2zg zu_yu7 gS1w88 nwczhi\">Type d&rsquo;animal : Chien<\/div>\n<\/li>\n<\/ul>\n","protected":false},"excerpt":{"rendered":"<p>Lot de 10 pcs.<\/p>\n<p>Adh\u00e9sifs, pour fixation sur surfaces lisses.<\/p>\n","protected":false},"featured_media":30769,"template":"","meta":{"jetpack_publicize_message":"","jetpack_publicize_feature_enabled":true,"jetpack_social_post_already_shared":true,"jetpack_social_options":{"image_generator_settings":{"template":"highway","default_image_id":0,"font":"","enabled":false},"version":2}},"product_brand":[],"product_cat":[227,106],"product_tag":[],"class_list":{"0":"post-30767","1":"product","2":"type-product","3":"status-publish","4":"has-post-thumbnail","6":"product_cat-couches-tapis-absorbant","7":"product_cat-jouet-et-dressage","9":"first","10":"instock","11":"taxable","12":"shipping-taxable","13":"purchasable","14":"product-type-simple"},"supplier_id":8770,"supplier_sku":"B043\/2","barcode":null,"atum_controlled":true,"out_stock_date":null,"out_stock_threshold":null,"inheritable":false,"inbound_stock":0,"stock_on_hold":0,"sold_today":0,"sales_last_days":0,"reserved_stock":0,"customer_returns":0,"warehouse_damage":0,"lost_in_post":0,"other_logs":0,"out_stock_days":0,"lost_sales":0,"has_location":false,"update_date":"2026-05-12T00:23:08","atum_locations":[],"atum_stock_status":"instock","restock_status":false,"low_stock_amount":10,"sales_update_date":"2026-05-12T00:23:08","calc_backorders":null,"jetpack_publicize_connections":[],"jetpack_sharing_enabled":true,"batches":[],"_links":{"self":[{"href":"https:\/\/petworld.ma\/index.php\/wp-json\/wp\/v2\/product\/30767","targetHints":{"allow":["GET"]}}],"collection":[{"href":"https:\/\/petworld.ma\/index.php\/wp-json\/wp\/v2\/product"}],"about":[{"href":"https:\/\/petworld.ma\/index.php\/wp-json\/wp\/v2\/types\/product"}],"wp:featuredmedia":[{"embeddable":true,"href":"https:\/\/petworld.ma\/index.php\/wp-json\/wp\/v2\/media\/30769"}],"wp:attachment":[{"href":"https:\/\/petworld.ma\/index.php\/wp-json\/wp\/v2\/media?parent=30767"}],"wp:term":[{"taxonomy":"product_brand","embeddable":true,"href":"https:\/\/petworld.ma\/index.php\/wp-json\/wp\/v2\/product_brand?post=30767"},{"taxonomy":"product_cat","embeddable":true,"href":"https:\/\/petworld.ma\/index.php\/wp-json\/wp\/v2\/product_cat?post=30767"},{"taxonomy":"product_tag","embeddable":true,"href":"https:\/\/petworld.ma\/index.php\/wp-json\/wp\/v2\/product_tag?post=30767"}],"curies":[{"name":"wp","href":"https:\/\/api.w.org\/{rel}","templated":true}]}}