{"id":30771,"date":"2025-11-22T15:30:46","date_gmt":"2025-11-22T15:30:46","guid":{"rendered":"https:\/\/petworld.ma\/?post_type=product&#038;p=30771"},"modified":"2026-04-02T18:16:11","modified_gmt":"2026-04-02T18:16:11","slug":"tapis-absorbant-camon-60x90-pour-chiens-60x90cm-10-pcs","status":"publish","type":"product","link":"https:\/\/petworld.ma\/index.php\/produit\/tapis-absorbant-camon-60x90-pour-chiens-60x90cm-10-pcs\/","title":{"rendered":"Tapis Absorbant Camon 60X90 Pour Chiens 60x90cm 10 pcs"},"content":{"rendered":"<p>Tapis jetables pratiques Pampers pour chiens, utilisables en toutes circonstances, \u00e0 l&rsquo;int\u00e9rieur comme \u00e0 l&rsquo;ext\u00e9rieur. Hygi\u00e9niques et absorbants, ils sont dot\u00e9s d&rsquo;un indicateur d&rsquo;humidit\u00e9. Ils conviennent aux animaux malades, \u00e2g\u00e9s ou vivant exclusivement \u00e0 l&rsquo;int\u00e9rieur. Leur syst\u00e8me multicouche matelass\u00e9 en gel de qualit\u00e9 sup\u00e9rieure retient l&rsquo;humidit\u00e9 et neutralise les odeurs. La couche sup\u00e9rieure \u00e0 s\u00e9chage rapide maintient un taux d&rsquo;humidit\u00e9 optimal, tandis que la couche inf\u00e9rieure en plastique prot\u00e8ge les sols et les tapis.<br \/>\nTAPIS ABSORBANT 60X90 10PCS Dimensions du tapis : largeur 60, longueur 90. Super absorbant.<br \/>\nCaract\u00e9ristiques techniques<\/p>\n<ul class=\"c4Y32pt\">\n<li class=\"Cp9IuT\">\n<div class=\"b38yzx jKP2zg zu_yu7 gS1w88 nwczhi\">Longueur : 60 cm<\/div>\n<\/li>\n<li class=\"Cp9IuT\">\n<div class=\"b38yzx jKP2zg zu_yu7 gS1w88 nwczhi\">Longueur : 90 cm<\/div>\n<\/li>\n<li class=\"Cp9IuT\">\n<div class=\"b38yzx jKP2zg zu_yu7 gS1w88 nwczhi\">Couleur : Blanc<\/div>\n<\/li>\n<li class=\"Cp9IuT\">\n<div class=\"b38yzx jKP2zg zu_yu7 gS1w88 nwczhi\">Type d&rsquo;animal : Chien<\/div>\n<\/li>\n<\/ul>\n","protected":false},"excerpt":{"rendered":"<p>Lot de 10 pcs.<\/p>\n<p>Adh\u00e9sifs, pour fixation sur surfaces lisses.<\/p>\n","protected":false},"featured_media":30772,"template":"","meta":{"jetpack_publicize_message":"","jetpack_publicize_feature_enabled":true,"jetpack_social_post_already_shared":true,"jetpack_social_options":{"image_generator_settings":{"template":"highway","default_image_id":0,"font":"","enabled":false},"version":2}},"product_brand":[],"product_cat":[227,106],"product_tag":[],"class_list":{"0":"post-30771","1":"product","2":"type-product","3":"status-publish","4":"has-post-thumbnail","6":"product_cat-couches-tapis-absorbant","7":"product_cat-jouet-et-dressage","9":"first","10":"instock","11":"taxable","12":"shipping-taxable","13":"purchasable","14":"product-type-simple"},"supplier_id":8770,"supplier_sku":"B043\/4","barcode":null,"atum_controlled":true,"out_stock_date":null,"out_stock_threshold":null,"inheritable":false,"inbound_stock":0,"stock_on_hold":0,"sold_today":0,"sales_last_days":0,"reserved_stock":0,"customer_returns":0,"warehouse_damage":0,"lost_in_post":0,"other_logs":0,"out_stock_days":0,"lost_sales":0,"has_location":false,"update_date":"2026-05-10T00:21:01","atum_locations":[],"atum_stock_status":"instock","restock_status":false,"low_stock_amount":10,"sales_update_date":"2026-05-10T00:21:00","calc_backorders":null,"jetpack_publicize_connections":[],"jetpack_sharing_enabled":true,"batches":[],"_links":{"self":[{"href":"https:\/\/petworld.ma\/index.php\/wp-json\/wp\/v2\/product\/30771","targetHints":{"allow":["GET"]}}],"collection":[{"href":"https:\/\/petworld.ma\/index.php\/wp-json\/wp\/v2\/product"}],"about":[{"href":"https:\/\/petworld.ma\/index.php\/wp-json\/wp\/v2\/types\/product"}],"wp:featuredmedia":[{"embeddable":true,"href":"https:\/\/petworld.ma\/index.php\/wp-json\/wp\/v2\/media\/30772"}],"wp:attachment":[{"href":"https:\/\/petworld.ma\/index.php\/wp-json\/wp\/v2\/media?parent=30771"}],"wp:term":[{"taxonomy":"product_brand","embeddable":true,"href":"https:\/\/petworld.ma\/index.php\/wp-json\/wp\/v2\/product_brand?post=30771"},{"taxonomy":"product_cat","embeddable":true,"href":"https:\/\/petworld.ma\/index.php\/wp-json\/wp\/v2\/product_cat?post=30771"},{"taxonomy":"product_tag","embeddable":true,"href":"https:\/\/petworld.ma\/index.php\/wp-json\/wp\/v2\/product_tag?post=30771"}],"curies":[{"name":"wp","href":"https:\/\/api.w.org\/{rel}","templated":true}]}}