{"id":31377,"date":"2025-12-03T13:27:33","date_gmt":"2025-12-03T13:27:33","guid":{"rendered":"https:\/\/petworld.ma\/?post_type=product&#038;p=31377"},"modified":"2026-04-06T19:14:17","modified_gmt":"2026-04-06T19:14:17","slug":"monge-medium-adult-poulet-croquettes-3kg-12kg","status":"publish","type":"product","link":"https:\/\/petworld.ma\/index.php\/produit\/monge-medium-adult-poulet-croquettes-3kg-12kg\/","title":{"rendered":"Monge Medium Adult Poulet Croquettes 3kg | 12kg"},"content":{"rendered":"<p>Monge Natural Superpremium Medium Adulte Riche en Poulet est un aliment complet pour chiens adultes \u00e2g\u00e9s de taille moyenne (10-32 kg). Sp\u00e9cifiquement formul\u00e9 pour favoriser le bien-\u00eatre de votre chien senior, il contient des nutriments de haute qualit\u00e9, issus de la recherche Made in Italy.Le poulet est le premier ingr\u00e9dient, garantissant app\u00e9tence et digestibilit\u00e9 gr\u00e2ce \u00e0 l\u2019inclusion de viande fra\u00eeche. Cette recette est enrichie en pr\u00e9biotiques de derni\u00e8re g\u00e9n\u00e9ration (XOS) pour le soutien de la flore intestinale.Elle contient \u00e9galement de la glucosamine et du sulfate de chondro\u00eftine pour favoriser la sant\u00e9 des articulations et des os, ainsi que de la L-carnitine pour le maintien de la masse musculaire.Sans colorants ni conservateurs artificiels ajout\u00e9s.<\/p>\n<p><strong>Composition :<\/strong><\/p>\n<p>Poulet (d\u00e9shydrat\u00e9 30 %, viande fra\u00eeche 10 %), riz, avoine, pulpe de betterave s\u00e9ch\u00e9e, ma\u00efs, graisse animale (huile de poulet purifi\u00e9e \u00e0 99,5 %), levures de bi\u00e8re inactiv\u00e9es, prot\u00e9ines animales hydrolys\u00e9es (foie), prot\u00e9ines de pomme de terre, \u0153ufs s\u00e9ch\u00e9s, poisson (saumon s\u00e9ch\u00e9), huile de poisson (huile de saumon), min\u00e9raux, mannane-oligosaccharides (MOS 1 %), xilo-oligosaccharides (XOS 0,3 %), yucca schidigera (0,3 %), farine d\u2019algues (spiruline &#8211; Arthrospira platensis 0,3 %), glucosamine (0,057 %), sulfate de chondro\u00eftine (0,04 %).<\/p>\n<p><strong>Constituants analytiques :<\/strong><\/p>\n<p>Prot\u00e9ines brutes : 26 %, Fibres brutes : 3 % ,Mati\u00e8res grasses brutes : 13 %, Cendres brutes : 6,5 %, Calcium : 1,2 %, Phosphore : 1 %, Acides gras om\u00e9ga-3 : 0,4 %, Acides gras om\u00e9ga-6 : 3 %, \u00c9nergie M\u00e9tabolisable : 3 950 kcal\/kg<\/p>\n<p><strong>Additifs nutritionnels :<\/strong><\/p>\n<p>Vitamine A (ac\u00e9tate de r\u00e9tinyle) : 32 300 UI\/kg, Vitamine D3 : 1 690 UI\/kg, Vitamine E (tout-rac-alpha-tocoph\u00e9rol ac\u00e9tate) : 75 mg\/kg, S\u00e9l\u00e9nium (s\u00e9l\u00e9nite de sodium 0,4 mg\/kg) : 0,2 mg\/kg, Mangan\u00e8se (sulfate mangan\u00e8se monohydrat\u00e9 96 mg\/kg) : 31 mg\/kg, Zinc (oxyde de zinc 183 mg\/kg) : 147 mg\/kg, Cuivre (sulfate de cuivre (II) pentahydrat\u00e9 49 mg\/kg) : 12 mg\/kg, Fer (sulfate de fer (II) monohydrat\u00e9 319 mg\/kg) : 105 mg\/kg, Iode (iodate de calcium anhydre 2,5 mg\/kg) : 1,68 mg\/kg, L-Carnitine : 130 mg\/kg, DL-M\u00e9thionine : 1 500 mg\/kg<\/p>\n<p><strong>Additifs technologiques :<\/strong><\/p>\n<p>Antioxydants : Extraits de tocoph\u00e9rol issus d\u2019huiles v\u00e9g\u00e9tales.<\/p>\n<p><strong>Additifs organoleptiques :<\/strong><\/p>\n<p>Extrait de ch\u00e2taigne (Castanea sativa) : 20 mg\/kg<\/p>\n<p><strong>Mode d&#8217;emploi :<\/strong><\/p>\n<p>La ration journali\u00e8re recommand\u00e9e peut \u00eatre r\u00e9partie en 2 repas par jour. Les quantit\u00e9s doivent \u00eatre adapt\u00e9es en fonction de la taille, de l\u2019\u00e2ge et de l\u2019activit\u00e9 physique du chien. Toujours laisser de l\u2019eau fra\u00eeche et propre \u00e0 disposition.Lors du passage \u00e0 cet aliment depuis une autre alimentation, il est conseill\u00e9 de l\u2019introduire progressivement sur au moins une semaine.<\/p>\n<p>Aliment pour chiens non destin\u00e9 \u00e0 la consommation humaine.<\/p>\n","protected":false},"excerpt":{"rendered":"<p>Sans colorants ni conservateurs artificiels ajout\u00e9s.<\/p>\n<p>Riche en Poulet est un aliment complet pour adulte de taille moyenne (10-32 kg).<\/p>\n","protected":false},"featured_media":31380,"template":"","meta":{"jetpack_publicize_message":"","jetpack_publicize_feature_enabled":true,"jetpack_social_post_already_shared":true,"jetpack_social_options":{"image_generator_settings":{"template":"highway","default_image_id":0,"font":"","enabled":false},"version":2}},"product_brand":[],"product_cat":[26],"product_tag":[],"class_list":{"0":"post-31377","1":"product","2":"type-product","3":"status-publish","4":"has-post-thumbnail","6":"product_cat-croquettes","8":"first","9":"instock","10":"taxable","11":"shipping-taxable","12":"purchasable","13":"product-type-variable"},"supplier_id":5590,"supplier_sku":"","barcode":null,"atum_controlled":true,"out_stock_date":null,"out_stock_threshold":null,"inheritable":true,"inbound_stock":0,"stock_on_hold":0,"sold_today":0,"sales_last_days":0,"reserved_stock":0,"customer_returns":0,"warehouse_damage":0,"lost_in_post":0,"other_logs":0,"out_stock_days":0,"lost_sales":0,"has_location":false,"update_date":"2026-05-14T00:01:05","atum_locations":[],"atum_stock_status":"instock","restock_status":false,"low_stock_amount":"","sales_update_date":"2026-05-14T00:01:05","calc_backorders":null,"jetpack_publicize_connections":[],"jetpack_sharing_enabled":true,"batches":[],"_links":{"self":[{"href":"https:\/\/petworld.ma\/index.php\/wp-json\/wp\/v2\/product\/31377","targetHints":{"allow":["GET"]}}],"collection":[{"href":"https:\/\/petworld.ma\/index.php\/wp-json\/wp\/v2\/product"}],"about":[{"href":"https:\/\/petworld.ma\/index.php\/wp-json\/wp\/v2\/types\/product"}],"wp:featuredmedia":[{"embeddable":true,"href":"https:\/\/petworld.ma\/index.php\/wp-json\/wp\/v2\/media\/31380"}],"wp:attachment":[{"href":"https:\/\/petworld.ma\/index.php\/wp-json\/wp\/v2\/media?parent=31377"}],"wp:term":[{"taxonomy":"product_brand","embeddable":true,"href":"https:\/\/petworld.ma\/index.php\/wp-json\/wp\/v2\/product_brand?post=31377"},{"taxonomy":"product_cat","embeddable":true,"href":"https:\/\/petworld.ma\/index.php\/wp-json\/wp\/v2\/product_cat?post=31377"},{"taxonomy":"product_tag","embeddable":true,"href":"https:\/\/petworld.ma\/index.php\/wp-json\/wp\/v2\/product_tag?post=31377"}],"curies":[{"name":"wp","href":"https:\/\/api.w.org\/{rel}","templated":true}]}}