{"id":31509,"date":"2025-12-05T14:58:41","date_gmt":"2025-12-05T14:58:41","guid":{"rendered":"https:\/\/petworld.ma\/?post_type=product&#038;p=31509"},"modified":"2026-03-12T17:13:34","modified_gmt":"2026-03-12T17:13:34","slug":"monge-mini-chiot-agneau-riz-croquettes-2-5kg","status":"publish","type":"product","link":"https:\/\/petworld.ma\/index.php\/produit\/monge-mini-chiot-agneau-riz-croquettes-2-5kg\/","title":{"rendered":"Monge Mini Puppy And Junior Agneau Riz Croquettes 2.5kg"},"content":{"rendered":"<p>Croquettes 100 % naturelles Monge pour chiot de taille mini.<\/p>\n<p>MINI PUPPY &amp; Junior \u00e0 l&rsquo;Agneau<\/p>\n<p><strong>Composition :<\/strong><br \/>\nAgneau (d\u00e9shydrat\u00e9 30%,\u00a0frais 10%), riz, prot\u00e9ines de pommes de terre, ma\u00efs, pulpe de betterave,\u00a0gluten de ma\u00efs, levure (source de M.O.S. et de vitamine B12), prot\u00e9ine animale hydrolys\u00e9e, graisse animale (poulet, teneur en huile 99,6% de mati\u00e8res grasses, conserv\u00e9e avec des antioxydants naturels), flocons d&rsquo;avoine (riche en fibres nobles), X.O.S. (Xylo &#8211; oligosaccharides 3 g \/ kg), levure hydrolys\u00e9es (MOS), yucca, spiruline, hydrolysat de cartilage (source de sulfate de chondro\u00eftine), hydrolysat de crustac\u00e9s (source de glucosamine), m\u00e9thylsulfonylm\u00e9thane, racine d&rsquo;\u00e9chinac\u00e9e, origan, ail.<\/p>\n<p><strong>Analyses :<\/strong><br \/>\nProt\u00e9ines brutes 28,00 %<br \/>\nMati\u00e8res grasses brutes 18,00%<br \/>\nfibres brutes \u00a02,00%<br \/>\ncendres brutes 6,50%<br \/>\ncalcium 1,70%<br \/>\nphosphore 1,10%,<br \/>\nOmega 6 acides gras essentiels 3.30 %,<br \/>\nom\u00e9ga-3 acides gras essentiels 0,50%,<\/p>\n<p><strong>\u00e9nergie m\u00e9tabolisable :<\/strong>\u00a04240 Kcal \/ Kg.<\/p>\n","protected":false},"excerpt":{"rendered":"<p>Sans colorants ni conservateurs artificiels ajout\u00e9s.<\/p>\n<p>Chiot et Junior Monoprot\u00e9ine Agneau avec Riz pour chien petite race (&lt;10kg).<\/p>\n","protected":false},"featured_media":31514,"template":"","meta":{"jetpack_publicize_message":"","jetpack_publicize_feature_enabled":true,"jetpack_social_post_already_shared":true,"jetpack_social_options":{"image_generator_settings":{"template":"highway","default_image_id":0,"font":"","enabled":false},"version":2}},"product_brand":[],"product_cat":[26],"product_tag":[],"class_list":{"0":"post-31509","1":"product","2":"type-product","3":"status-publish","4":"has-post-thumbnail","6":"product_cat-croquettes","8":"first","9":"instock","10":"taxable","11":"shipping-taxable","12":"purchasable","13":"product-type-simple"},"supplier_id":31321,"supplier_sku":"142710","barcode":null,"atum_controlled":true,"out_stock_date":null,"out_stock_threshold":null,"inheritable":false,"inbound_stock":0,"stock_on_hold":0,"sold_today":0,"sales_last_days":0,"reserved_stock":0,"customer_returns":0,"warehouse_damage":0,"lost_in_post":0,"other_logs":0,"out_stock_days":0,"lost_sales":0,"has_location":false,"update_date":"2026-05-14T00:03:47","atum_locations":[],"atum_stock_status":"instock","restock_status":false,"low_stock_amount":1,"sales_update_date":"2026-05-14T00:03:46","calc_backorders":null,"jetpack_publicize_connections":[],"jetpack_sharing_enabled":true,"batches":[{"id":"6464","date_created":"2025-12-05 15:16:14","date_expiry":"2027-04-25 00:00:00","user_id":"2760","batch_number":"MongeChiotLamb2.5kg250427","location":"","quantity":"1.0000","quantity_available":"1.0000","units":"1","status":"active","order_ids":null,"supplier":"Monge","po":{"id":"6410","date_created":"2025-12-05 15:16:15","batch_id":"6464","po_number":"","supplier":"Monge","cost":null,"regular_price":null,"sale_price":null,"price_margin":null,"price_discount":null}},{"id":"7725","date_created":"2026-02-17 10:44:02","date_expiry":"2027-04-15 00:00:00","user_id":"2760","batch_number":"MongeChiotLamb2.5kg150427","location":"","quantity":"1.0000","quantity_available":"1.0000","units":"1","status":"active","order_ids":null,"supplier":"Monge","po":{"id":"7660","date_created":"2026-02-17 10:44:02","batch_id":"7725","po_number":"","supplier":"Monge","cost":null,"regular_price":null,"sale_price":null,"price_margin":null,"price_discount":null}}],"_links":{"self":[{"href":"https:\/\/petworld.ma\/index.php\/wp-json\/wp\/v2\/product\/31509","targetHints":{"allow":["GET"]}}],"collection":[{"href":"https:\/\/petworld.ma\/index.php\/wp-json\/wp\/v2\/product"}],"about":[{"href":"https:\/\/petworld.ma\/index.php\/wp-json\/wp\/v2\/types\/product"}],"wp:featuredmedia":[{"embeddable":true,"href":"https:\/\/petworld.ma\/index.php\/wp-json\/wp\/v2\/media\/31514"}],"wp:attachment":[{"href":"https:\/\/petworld.ma\/index.php\/wp-json\/wp\/v2\/media?parent=31509"}],"wp:term":[{"taxonomy":"product_brand","embeddable":true,"href":"https:\/\/petworld.ma\/index.php\/wp-json\/wp\/v2\/product_brand?post=31509"},{"taxonomy":"product_cat","embeddable":true,"href":"https:\/\/petworld.ma\/index.php\/wp-json\/wp\/v2\/product_cat?post=31509"},{"taxonomy":"product_tag","embeddable":true,"href":"https:\/\/petworld.ma\/index.php\/wp-json\/wp\/v2\/product_tag?post=31509"}],"curies":[{"name":"wp","href":"https:\/\/api.w.org\/{rel}","templated":true}]}}