{"id":31511,"date":"2025-12-05T15:18:57","date_gmt":"2025-12-05T15:18:57","guid":{"rendered":"https:\/\/petworld.ma\/?post_type=product&#038;p=31511"},"modified":"2026-04-24T09:44:41","modified_gmt":"2026-04-24T09:44:41","slug":"monge-toutes-races-puppy-and-junior-agneau-et-riz-croquettes-2-5kg","status":"publish","type":"product","link":"https:\/\/petworld.ma\/index.php\/produit\/monge-toutes-races-puppy-and-junior-agneau-et-riz-croquettes-2-5kg\/","title":{"rendered":"Monge Toutes Races Puppy And Junior Agneau et Riz Croquettes 2.5kg | 12kg"},"content":{"rendered":"<p>Monge Natural Superpremium Toutes races Chiot et Junior Monoprot\u00e9ine* Truite avec Riz et Pommes de terre est un aliment complet pour chiots de toutes tailles. Sp\u00e9cifiquement d\u00e9velopp\u00e9 en pensant au bien-\u00eatre de votre chien, gr\u00e2ce \u00e0 la pr\u00e9sence de nutriments de qualit\u00e9 issus de la recherche Made in Italy. Produit formul\u00e9 avec une seule source de prot\u00e9ines animales*, la truite est le premier ingr\u00e9dient, et avec l&rsquo;inclusion de poisson frais pour une digestibilit\u00e9 et une app\u00e9tence optimales. La recette est enrichie en pr\u00e9biotiques de derni\u00e8re g\u00e9n\u00e9ration, les xylo-oligosaccharides (XOS), et en riz complet pour soutenir le bien-\u00eatre intestinal, ainsi qu&rsquo;en ingr\u00e9dients super-aliments comme les graines de tournesol, naturellement riches en om\u00e9ga-6 et en vitamine E. La formulation contient \u00e9galement de la glucosamine et du sulfate de chondro\u00eftine pour soutenir le d\u00e9veloppement des articulations, ainsi qu&rsquo;un rapport \u00e9quilibr\u00e9 calcium\/phosphore pour une croissance r\u00e9guli\u00e8re des os et des articulations du chiot. Sans colorants ni conservateurs artificiels ajout\u00e9s.<\/p>\n<p><strong>COMPOSITION :<\/strong>\u00a0Truite (d\u00e9shydrat\u00e9e 32 %, fra\u00eeche 10 %), riz complet (15 %), graisse animale (huile de poulet purifi\u00e9e \u00e0 99,5 %), ma\u00efs, prot\u00e9ine de pomme de terre, pommes de terre (4 %), gluten de ma\u00efs, levures de bi\u00e8re inactiv\u00e9es, pulpe de betterave s\u00e9ch\u00e9e, prot\u00e9ines animales hydrolys\u00e9es (foie), huile de poisson (huile de saumon), graines de tournesol (1 %), substances min\u00e9rales, produits de levure (mannane oligosaccharides MOS 1 %), xylo-oligosaccharides (XOS 0,3 %), yucca schidigera (0,3 %), farine d\u2019algues (spiruline &#8211; Arthrospira platensis 0,3 %), produits d\u00e9riv\u00e9s de la transformation de v\u00e9g\u00e9taux (racine d\u2019Echinacea purpurea 0,2 %, Origanum vulgare 0,1 %), ail s\u00e9ch\u00e9 (0,2 %), glucosamine (0,057 %), sulfate de chondro\u00eftine (0,04 %).<\/p>\n<p><strong>COMPOSANTS ANALYTIQUES :<\/strong>\u00a0Prot\u00e9ines brutes : 31,5 %, Fibres brutes : 1,9 %, Graisses brutes : 18,5 %, Cendres brutes : 5,5 %, Calcium : 1,1 %, Phosphore : 0,7 %, Ratio Calcium\/Phosphore : 1,5, Acides gras om\u00e9ga-3 : 0,5 %, Acides gras om\u00e9ga-6 : 4,5 %. \u00c9nergie m\u00e9tabolisable : 4 309 kcal\/kg.<\/p>\n<p><strong>ADDITIFS :<\/strong>\u00a0Additifs nutritionnels : Vitamine A (ac\u00e9tate de r\u00e9tinyle) 32 308 UI\/kg, Vitamine D3 1 690 UI\/kg, Vitamine E (alpha-tocoph\u00e9rol tout-rac-3a700i) 175 mg\/kg, S\u00e9l\u00e9nium (s\u00e9l\u00e9nite de sodium 0,38 mg\/kg) 0,18 mg\/kg, Mangan\u00e8se (sulfate de mangan\u00e8se monohydrat\u00e9 80 mg\/kg) 26 mg\/kg, Zinc (oxyde de zinc 152 mg\/kg) : 122 mg\/kg, Cuivre (sulfate de cuivre (II) pentahydrat\u00e9 41 mg\/kg) 10,5 mg\/kg, Fer (sulfate de fer (II) monohydrat\u00e9 266 mg\/kg) 87,5 mg\/kg, Iode (iodate de calcium anhydre 2,15 mg\/kg) 1,4 mg\/kg ; L-Carnitine 135 mg\/kg ; DL-M\u00e9thionine pure : 1 370 mg\/kg.Additifs technologiques : Antioxydants : Extraits de tocoph\u00e9rols issus d\u2019huiles v\u00e9g\u00e9tales.Additifs organoleptiques : Extrait de ch\u00e2taignier (Castanea sativa) 20 mg\/kg, extrait d\u2019artichaut (Cynara scolymus L.) 300 mg\/kg.<\/p>\n<p><strong>INSTRUCTIONS D&rsquo;UTILISATION :<\/strong>\u00a0La ration journali\u00e8re recommand\u00e9e indiqu\u00e9e dans le tableau peut \u00eatre r\u00e9partie en 3 repas par jour. Les quantit\u00e9s peuvent \u00eatre ajust\u00e9es selon la taille, l&rsquo;\u00e2ge et l&rsquo;activit\u00e9 physique de l&rsquo;animal. Laisser toujours de l&rsquo;eau fra\u00eeche et propre \u00e0 disposition. Lors de la transition vers ce produit, introduisez-le progressivement sur une p\u00e9riode d&rsquo;au moins une semaine. *Peut contenir des traces d&rsquo;autres sources prot\u00e9iques. Aliment pour chiens non destin\u00e9 \u00e0 la consommation humaine.<\/p>\n","protected":false},"excerpt":{"rendered":"<p>Sans colorants ni conservateurs artificiels ajout\u00e9s.<\/p>\n<p>Toutes races Chiot et Junior Monoprot\u00e9ine Truite avec Riz et Pommes de terre<\/p>\n<p>Aliment complet pour chiots de toutes tailles.<\/p>\n","protected":false},"featured_media":31510,"template":"","meta":{"jetpack_publicize_message":"","jetpack_publicize_feature_enabled":true,"jetpack_social_post_already_shared":true,"jetpack_social_options":{"image_generator_settings":{"template":"highway","default_image_id":0,"font":"","enabled":false},"version":2}},"product_brand":[],"product_cat":[26],"product_tag":[],"class_list":{"0":"post-31511","1":"product","2":"type-product","3":"status-publish","4":"has-post-thumbnail","6":"product_cat-croquettes","8":"first","9":"instock","10":"taxable","11":"shipping-taxable","12":"purchasable","13":"product-type-variable"},"supplier_id":31321,"supplier_sku":"","barcode":null,"atum_controlled":true,"out_stock_date":null,"out_stock_threshold":null,"inheritable":true,"inbound_stock":0,"stock_on_hold":0,"sold_today":0,"sales_last_days":0,"reserved_stock":0,"customer_returns":0,"warehouse_damage":0,"lost_in_post":0,"other_logs":0,"out_stock_days":0,"lost_sales":0,"has_location":false,"update_date":"2026-05-14T00:02:12","atum_locations":[],"atum_stock_status":"instock","restock_status":false,"low_stock_amount":"","sales_update_date":"2026-05-14T00:02:12","calc_backorders":null,"jetpack_publicize_connections":[],"jetpack_sharing_enabled":true,"batches":[],"_links":{"self":[{"href":"https:\/\/petworld.ma\/index.php\/wp-json\/wp\/v2\/product\/31511","targetHints":{"allow":["GET"]}}],"collection":[{"href":"https:\/\/petworld.ma\/index.php\/wp-json\/wp\/v2\/product"}],"about":[{"href":"https:\/\/petworld.ma\/index.php\/wp-json\/wp\/v2\/types\/product"}],"wp:featuredmedia":[{"embeddable":true,"href":"https:\/\/petworld.ma\/index.php\/wp-json\/wp\/v2\/media\/31510"}],"wp:attachment":[{"href":"https:\/\/petworld.ma\/index.php\/wp-json\/wp\/v2\/media?parent=31511"}],"wp:term":[{"taxonomy":"product_brand","embeddable":true,"href":"https:\/\/petworld.ma\/index.php\/wp-json\/wp\/v2\/product_brand?post=31511"},{"taxonomy":"product_cat","embeddable":true,"href":"https:\/\/petworld.ma\/index.php\/wp-json\/wp\/v2\/product_cat?post=31511"},{"taxonomy":"product_tag","embeddable":true,"href":"https:\/\/petworld.ma\/index.php\/wp-json\/wp\/v2\/product_tag?post=31511"}],"curies":[{"name":"wp","href":"https:\/\/api.w.org\/{rel}","templated":true}]}}