{"id":31516,"date":"2025-12-05T15:34:22","date_gmt":"2025-12-05T15:34:22","guid":{"rendered":"https:\/\/petworld.ma\/?post_type=product&#038;p=31516"},"modified":"2026-03-23T11:59:48","modified_gmt":"2026-03-23T11:59:48","slug":"monge-croquettes-chat-adult-indoor-poulet-1-5kg","status":"publish","type":"product","link":"https:\/\/petworld.ma\/index.php\/produit\/monge-croquettes-chat-adult-indoor-poulet-1-5kg\/","title":{"rendered":"Monge Croquettes Chat Adult Indoor Poulet 1.5kg"},"content":{"rendered":"<p>Monge Natural Superpremium Gatto Indoor Ricco en Poulet est un aliment complet et \u00e9quilibr\u00e9 pour les chats adultes s\u00e9dentaires vivant \u00e0 l&rsquo;int\u00e9rieur. Le premier ingr\u00e9dient est le poulet et la formule est caract\u00e9ris\u00e9e par une grande digestibilit\u00e9 et app\u00e9tence gr\u00e2ce \u00e0 l&rsquo;inclusion de viande fra\u00eeche. La formule est enrichie en XOS (Xilo-oligosaccharides), des pr\u00e9biotiques de derni\u00e8re g\u00e9n\u00e9ration qui soutiennent le bien-\u00eatre intestinal. L&rsquo;inclusion d&rsquo;ingr\u00e9dients recherch\u00e9s, tels que la rose musqu\u00e9e, qui poss\u00e8de des composants antioxydants pour aider \u00e0 neutraliser les radicaux libres, et le yucca schidigera pour contr\u00f4ler les odeurs intestinales, est le fruit de la recherche Made in Italy pour am\u00e9liorer la qualit\u00e9 de vie de nos chats s\u00e9dentaires. La formule contient \u00e9galement de l&rsquo;huile de saumon, source d&rsquo;acides gras om\u00e9ga-3, pour la brillance du pelage, et de la L-carnitine pour soutenir la masse musculaire. Sans colorants ni conservateurs artificiels ajout\u00e9s.<\/p>\n<p><strong>Composition :<\/strong><\/p>\n<p>Poulet (d\u00e9shydrat\u00e9 26%, viande fra\u00eeche 10%),\u00a0Riz,\u00a0Graisse animale (huile de poulet purifi\u00e9e \u00e0 99,5%),\u00a0Pulpe de betterave s\u00e9ch\u00e9e,\u00a0Gluten de ma\u00efs,\u00a0Prot\u00e9ines animales hydrolys\u00e9es (foie),\u00a0\u0152ufs s\u00e9ch\u00e9s,\u00a0Poisson (saumon s\u00e9ch\u00e9),\u00a0Huile de poisson (huile de saumon 1%),\u00a0Levures de bi\u00e8re inactiv\u00e9es,\u00a0Fibre de pois,\u00a0Min\u00e9raux,\u00a0Produits de levure (mannan-oligosaccharides MOS 1%),\u00a0Xilo-oligosaccharides (XOS 0,3%),\u00a0Yucca schidigera (0,1%),\u00a0Produits issus de la transformation des herbes (rose musqu\u00e9e 0,1%)<\/p>\n<p><strong>COMPOSANTS ANALYTIQUES :<\/strong><\/p>\n<p>Prot\u00e9ines brutes : 29%,\u00a0Fibres brutes : 3%,\u00a0Graisses brutes : 12%,\u00a0Cendres brutes : 6,5%,\u00a0Calcium : 1,4%,\u00a0Phosphore : 0,9%,\u00a0Acides gras Om\u00e9ga-3 : 0,6%,\u00a0Acides gras Om\u00e9ga-6 : 3%,\u00a0\u00c9nergie M\u00e9tabolisable : 3.840 kcal\/kg<\/p>\n<p><strong>Additifs nutritionnels :<\/strong><\/p>\n<p>Vitamine A (ac\u00e9tate de r\u00e9tinyle) : 30.700 UI\/kg,\u00a0Vitamine D3 : 1.610 UI\/kg,\u00a0Vitamine E (tout-rac-alph-tocoph\u00e9rol ac\u00e9tate 3a700i) : 72 mg\/kg,\u00a0S\u00e9l\u00e9nium (S\u00e9l\u00e9nite de sodium) : 0,2 mg\/kg,\u00a0Mangan\u00e8se (sulfate manganosique monohydrat\u00e9) : 30 mg\/kg,\u00a0Zinc (oxyde de zinc) : 140 mg\/kg,\u00a0Cuivre (sulfate de cuivre (II) pentahydrat\u00e9) : 12 mg\/kg,\u00a0Fer (sulfate de fer (II) monohydrat\u00e9) : 100 mg\/kg,\u00a0Iode (iodate de calcium anhydre) : 1,6 mg\/kg,\u00a0L-carnitine : 1.000 mg\/kg,\u00a0DL-M\u00e9thionine pure techniquement : 1.000 mg\/kg,\u00a0Taurine : 2.000 mg\/kg<\/p>\n<p><strong>Additifs technologiques :<\/strong><\/p>\n<p>Extraits de tocoph\u00e9rols provenant d&rsquo;huiles v\u00e9g\u00e9tales.<\/p>\n<p><strong>Mode d&#8217;emploi :<\/strong><\/p>\n<p>La ration journali\u00e8re recommand\u00e9e indiqu\u00e9e dans le tableau peut \u00eatre r\u00e9partie en 2 repas par jour. Les quantit\u00e9s peuvent \u00eatre ajust\u00e9es en fonction de la taille, de l&rsquo;\u00e2ge et des conditions de vie de l&rsquo;animal. Laisser toujours de l&rsquo;eau fra\u00eeche et propre \u00e0 disposition. Lorsque ce produit remplace un autre type d&rsquo;aliment ou de r\u00e9gime alimentaire, il est conseill\u00e9 de l&rsquo;introduire progressivement sur une p\u00e9riode d&rsquo;au moins 1 semaine.<\/p>\n<p>Aliment pour chats non destin\u00e9 \u00e0 la consommation humaine.<\/p>\n","protected":false},"excerpt":{"rendered":"<p>Sans colorants ni conservateurs artificiels ajout\u00e9s.<\/p>\n<p>Aliment complet et \u00e9quilibr\u00e9 pour les chats adultes s\u00e9dentaires vivant \u00e0 l&rsquo;int\u00e9rieur.<\/p>\n","protected":false},"featured_media":31517,"template":"","meta":{"jetpack_publicize_message":"","jetpack_publicize_feature_enabled":true,"jetpack_social_post_already_shared":true,"jetpack_social_options":{"image_generator_settings":{"template":"highway","default_image_id":0,"font":"","enabled":false},"version":2}},"product_brand":[],"product_cat":[40],"product_tag":[],"class_list":{"0":"post-31516","1":"product","2":"type-product","3":"status-publish","4":"has-post-thumbnail","6":"product_cat-coquettes-pour-chat","8":"first","9":"instock","10":"taxable","11":"shipping-taxable","12":"purchasable","13":"product-type-simple"},"supplier_id":31321,"supplier_sku":"142071","barcode":null,"atum_controlled":true,"out_stock_date":null,"out_stock_threshold":null,"inheritable":false,"inbound_stock":0,"stock_on_hold":0,"sold_today":0,"sales_last_days":0,"reserved_stock":0,"customer_returns":0,"warehouse_damage":0,"lost_in_post":0,"other_logs":0,"out_stock_days":0,"lost_sales":0,"has_location":false,"update_date":"2026-05-07T00:19:40","atum_locations":[],"atum_stock_status":"instock","restock_status":false,"low_stock_amount":1,"sales_update_date":"2026-05-07T00:19:40","calc_backorders":null,"jetpack_publicize_connections":[],"jetpack_sharing_enabled":true,"batches":[{"id":"6466","date_created":"2025-12-05 15:38:47","date_expiry":"2027-04-13 00:00:00","user_id":"2760","batch_number":"MongeChatIndoor1.5kg130427","location":"","quantity":"2.0000","quantity_available":"2.0000","units":"1","status":"active","order_ids":null,"supplier":"Monge","po":{"id":"6412","date_created":"2025-12-05 15:38:47","batch_id":"6466","po_number":"","supplier":"Monge","cost":null,"regular_price":null,"sale_price":null,"price_margin":null,"price_discount":null}},{"id":"8416","date_created":"2026-03-23 11:59:47","date_expiry":"2027-04-13 00:00:00","user_id":"2760","batch_number":"MongeChatIndoor1.5kg130427","location":"","quantity":"2.0000","quantity_available":"2.0000","units":"1","status":"active","order_ids":null,"supplier":"Monge","po":{"id":"8344","date_created":"2026-03-23 11:59:47","batch_id":"8416","po_number":"","supplier":"Monge","cost":null,"regular_price":null,"sale_price":null,"price_margin":null,"price_discount":null}}],"_links":{"self":[{"href":"https:\/\/petworld.ma\/index.php\/wp-json\/wp\/v2\/product\/31516","targetHints":{"allow":["GET"]}}],"collection":[{"href":"https:\/\/petworld.ma\/index.php\/wp-json\/wp\/v2\/product"}],"about":[{"href":"https:\/\/petworld.ma\/index.php\/wp-json\/wp\/v2\/types\/product"}],"wp:featuredmedia":[{"embeddable":true,"href":"https:\/\/petworld.ma\/index.php\/wp-json\/wp\/v2\/media\/31517"}],"wp:attachment":[{"href":"https:\/\/petworld.ma\/index.php\/wp-json\/wp\/v2\/media?parent=31516"}],"wp:term":[{"taxonomy":"product_brand","embeddable":true,"href":"https:\/\/petworld.ma\/index.php\/wp-json\/wp\/v2\/product_brand?post=31516"},{"taxonomy":"product_cat","embeddable":true,"href":"https:\/\/petworld.ma\/index.php\/wp-json\/wp\/v2\/product_cat?post=31516"},{"taxonomy":"product_tag","embeddable":true,"href":"https:\/\/petworld.ma\/index.php\/wp-json\/wp\/v2\/product_tag?post=31516"}],"curies":[{"name":"wp","href":"https:\/\/api.w.org\/{rel}","templated":true}]}}