{"id":31522,"date":"2025-12-05T15:47:27","date_gmt":"2025-12-05T15:47:27","guid":{"rendered":"https:\/\/petworld.ma\/?post_type=product&#038;p=31522"},"modified":"2026-04-22T12:48:40","modified_gmt":"2026-04-22T12:48:40","slug":"monge-croquettes-chat-adult-saumon-monoprotein-1-5kg","status":"publish","type":"product","link":"https:\/\/petworld.ma\/index.php\/produit\/monge-croquettes-chat-adult-saumon-monoprotein-1-5kg\/","title":{"rendered":"Monge Croquettes Chat Adult Saumon Monoprotein 1.5kg"},"content":{"rendered":"<p>Monge Natural Superpremium Monoprotein Chat Adulte Saumon* est un aliment complet et \u00e9quilibr\u00e9 pour chats adultes.Ce produit est formul\u00e9 avec une seule source de prot\u00e9ines animales*, le saumon, qui est le premier ingr\u00e9dient, ainsi que du poisson frais pour une digestibilit\u00e9 et une app\u00e9tence optimales.La formulation est enrichie en XOS (Xilo-oligosaccharides), des pr\u00e9biotiques de derni\u00e8re g\u00e9n\u00e9ration qui favorisent le bien-\u00eatre intestinal. L\u2019inclusion d\u2019ingr\u00e9dients soigneusement s\u00e9lectionn\u00e9s, tels que l\u2019\u00e9glantier aux propri\u00e9t\u00e9s antioxydantes pour aider \u00e0 neutraliser les radicaux libres, et la yucca schidigera pour le contr\u00f4le des odeurs intestinales, est le fruit de la recherche Made in Italy pour am\u00e9liorer la qualit\u00e9 de vie des chats.Cette recette contient des acides gras om\u00e9ga-3 pour un pelage brillant.Sans colorants ni conservateurs artificiels ajout\u00e9s.<\/p>\n<p><strong><br \/>\nComposition :<\/strong><\/p>\n<p>Poisson (saumon d\u00e9shydrat\u00e9 26% et frais 10%), Riz, Ma\u00efs, Graisse animale (huile de poulet purifi\u00e9e \u00e0 99,5%), Prot\u00e9ines animales hydrolys\u00e9es (foie), Levures de bi\u00e8re inactiv\u00e9es, Huile de poisson (huile de saumon), Min\u00e9raux, Produits de levure (mannan-oligosaccharides MOS 1%), Xilo-oligosaccharides (XOS 0,3%), Yucca schidigera (0,1%), Produits issus de la transformation d\u2019herbes (\u00e9glantier 0,1%)<\/p>\n<p><strong>Composants analytiques :\u00a0<\/strong><\/p>\n<p>Prot\u00e9ines brutes : 33%, Fibres brutes : 1,4%, Graisses brutes : 15%, Cendres brutes : 6%, Calcium : 1,6%, Phosphore : 1,1%, Acides gras om\u00e9ga-3 : 0,6%, Acides gras om\u00e9ga-6 : 3,85%, \u00c9nergie m\u00e9tabolisable : 4 230 kcal\/kg<\/p>\n<p><strong><br \/>\nAdditifs nutritionnels :<\/strong><\/p>\n<p>Vitamine A (ac\u00e9tate de r\u00e9tinyle) : 30 700 UI\/kg, Vitamine D3 : 1 610 UI\/kg, Vitamine E (tout-rac-alpha-tocoph\u00e9rol ac\u00e9tate) : 72 mg\/kg, S\u00e9l\u00e9nium (s\u00e9l\u00e9nite de sodium) : 0,17 mg\/kg, Mangan\u00e8se (sulfate manganosique monohydrat\u00e9) : 26 mg\/kg, Zinc (oxyde de zinc) : 122 mg\/kg, Cuivre (sulfate de cuivre (II) pentahydrat\u00e9) : 10,5 mg\/kg, Fer (sulfate de fer (II) monohydrat\u00e9) : 87 mg\/kg, Iode (iodate de calcium anhydre) : 1,4 mg\/kg, DL-M\u00e9thionine techniquement pure : 1 000 mg\/kg, Taurine : 1 200 mg\/kg<\/p>\n<p><strong>Additifs technologiques :<\/strong><\/p>\n<p>Extraits de tocoph\u00e9rols issus d\u2019huiles v\u00e9g\u00e9tales.<\/p>\n<p><strong>Mode d&#8217;emploi :<\/strong><\/p>\n<p>La ration journali\u00e8re recommand\u00e9e, indiqu\u00e9e dans le tableau, peut \u00eatre r\u00e9partie en 2 repas quotidiens. Les quantit\u00e9s peuvent \u00eatre ajust\u00e9es en fonction de la taille, de l\u2019\u00e2ge et du mode de vie de l\u2019animal.Toujours laisser de l\u2019eau fra\u00eeche et propre \u00e0 disposition.Lorsqu\u2019un changement d\u2019alimentation est n\u00e9cessaire, il est conseill\u00e9 d\u2019introduire le nouvel aliment progressivement sur une p\u00e9riode d\u2019au moins une semaine.* Peut contenir des traces d\u2019autres sources de prot\u00e9ines.<\/p>\n<p>Aliment pour chats, non destin\u00e9 \u00e0 la consommation humaine.<\/p>\n","protected":false},"excerpt":{"rendered":"<p>Sans colorants ni conservateurs artificiels ajout\u00e9s.<\/p>\n<p>Aliment complet et \u00e9quilibr\u00e9 pour chats adultes. Ce produit est formul\u00e9 avec une seule source de prot\u00e9ines animales.<\/p>\n","protected":false},"featured_media":31523,"template":"","meta":{"jetpack_publicize_message":"","jetpack_publicize_feature_enabled":true,"jetpack_social_post_already_shared":true,"jetpack_social_options":{"image_generator_settings":{"template":"highway","default_image_id":0,"font":"","enabled":false},"version":2}},"product_brand":[],"product_cat":[40],"product_tag":[],"class_list":{"0":"post-31522","1":"product","2":"type-product","3":"status-publish","4":"has-post-thumbnail","6":"product_cat-coquettes-pour-chat","8":"first","9":"instock","10":"taxable","11":"shipping-taxable","12":"purchasable","13":"product-type-simple"},"supplier_id":31321,"supplier_sku":"141368","barcode":null,"atum_controlled":true,"out_stock_date":null,"out_stock_threshold":null,"inheritable":false,"inbound_stock":0,"stock_on_hold":0,"sold_today":0,"sales_last_days":0,"reserved_stock":0,"customer_returns":0,"warehouse_damage":0,"lost_in_post":0,"other_logs":0,"out_stock_days":0,"lost_sales":0,"has_location":false,"update_date":"2026-05-07T00:19:38","atum_locations":[],"atum_stock_status":"instock","restock_status":false,"low_stock_amount":1,"sales_update_date":"2026-05-07T00:19:38","calc_backorders":null,"jetpack_publicize_connections":[],"jetpack_sharing_enabled":true,"batches":[{"id":"6468","date_created":"2025-12-05 15:54:05","date_expiry":"2027-03-23 00:00:00","user_id":"2760","batch_number":"MongeChatSaumo,n1.5kg230327","location":"","quantity":"2.0000","quantity_available":"0.0000","units":"1","status":"archived","order_ids":"[31691,40530]","supplier":"Monge","po":{"id":"6414","date_created":"2025-12-05 15:54:05","batch_id":"6468","po_number":"","supplier":"Monge","cost":null,"regular_price":null,"sale_price":null,"price_margin":null,"price_discount":null}},{"id":"7728","date_created":"2026-02-17 10:46:39","date_expiry":"2027-03-23 00:00:00","user_id":"2760","batch_number":"MongeChatSaumo,n1.5kg230327","location":"","quantity":"1.0000","quantity_available":"1.0000","units":"1","status":"active","order_ids":null,"supplier":"Monge","po":{"id":"7663","date_created":"2026-02-17 10:46:39","batch_id":"7728","po_number":"","supplier":"Monge","cost":null,"regular_price":null,"sale_price":null,"price_margin":null,"price_discount":null}}],"_links":{"self":[{"href":"https:\/\/petworld.ma\/index.php\/wp-json\/wp\/v2\/product\/31522","targetHints":{"allow":["GET"]}}],"collection":[{"href":"https:\/\/petworld.ma\/index.php\/wp-json\/wp\/v2\/product"}],"about":[{"href":"https:\/\/petworld.ma\/index.php\/wp-json\/wp\/v2\/types\/product"}],"wp:featuredmedia":[{"embeddable":true,"href":"https:\/\/petworld.ma\/index.php\/wp-json\/wp\/v2\/media\/31523"}],"wp:attachment":[{"href":"https:\/\/petworld.ma\/index.php\/wp-json\/wp\/v2\/media?parent=31522"}],"wp:term":[{"taxonomy":"product_brand","embeddable":true,"href":"https:\/\/petworld.ma\/index.php\/wp-json\/wp\/v2\/product_brand?post=31522"},{"taxonomy":"product_cat","embeddable":true,"href":"https:\/\/petworld.ma\/index.php\/wp-json\/wp\/v2\/product_cat?post=31522"},{"taxonomy":"product_tag","embeddable":true,"href":"https:\/\/petworld.ma\/index.php\/wp-json\/wp\/v2\/product_tag?post=31522"}],"curies":[{"name":"wp","href":"https:\/\/api.w.org\/{rel}","templated":true}]}}