{"id":31746,"date":"2025-12-10T09:35:47","date_gmt":"2025-12-10T09:35:47","guid":{"rendered":"https:\/\/petworld.ma\/?post_type=product&#038;p=31746"},"modified":"2026-03-12T17:15:00","modified_gmt":"2026-03-12T17:15:00","slug":"monge-croquettes-chat-adult-hairball-poulet-1-5kg","status":"publish","type":"product","link":"https:\/\/petworld.ma\/index.php\/produit\/monge-croquettes-chat-adult-hairball-poulet-1-5kg\/","title":{"rendered":"Monge Croquettes Chat Adult Hairball Poulet 1.5kg"},"content":{"rendered":"<p>Monge Natural Superpremium Chat Hairball Riche en Poulet est un aliment complet et \u00e9quilibr\u00e9 pour les chats adultes sujets \u00e0 la formation de boules de poils intestinales. Le premier ingr\u00e9dient est le poulet, et la formulation se distingue par sa digestibilit\u00e9 et son app\u00e9tence gr\u00e2ce \u00e0 l\u2019inclusion de viande fra\u00eeche. Elle est enrichie en XOS (xilo-oligosaccharides), des pr\u00e9biotiques de derni\u00e8re g\u00e9n\u00e9ration qui favorisent le bien-\u00eatre intestinal. L\u2019inclusion d\u2019ingr\u00e9dients soigneusement s\u00e9lectionn\u00e9s, tels que l\u2019\u00e9glantier, riche en antioxydants pour aider \u00e0 neutraliser les radicaux libres, et la yucca schidigera, qui contribue au contr\u00f4le des odeurs intestinales, est le fruit de la recherche Made in Italy, visant \u00e0 am\u00e9liorer la qualit\u00e9 de vie de nos chats. Cette formulation contient \u00e9galement de l\u2019huile de saumon, source d\u2019acides gras om\u00e9ga-3, pour un pelage doux et brillant, ainsi que des fibres de pois, qui facilitent l\u2019\u00e9limination naturelle des boules de poils. Sans colorants ni conservateurs artificiels ajout\u00e9s.<\/p>\n<p><strong>Composition :<\/strong><\/p>\n<p>Poulet (d\u00e9shydrat\u00e9 26 %, viande fra\u00eeche 10 %), ma\u00efs, graisse animale (huile de poulet purifi\u00e9e \u00e0 99,5 %), riz, pulpe de betterave s\u00e9ch\u00e9e, gluten de ma\u00efs, prot\u00e9ines animales hydrolys\u00e9es (foie), \u0153ufs s\u00e9ch\u00e9s, poisson (saumon s\u00e9ch\u00e9), huile de poisson (huile de saumon 1 %), levures de bi\u00e8re inactiv\u00e9es, fibres de pois (1 %), substances min\u00e9rales, produits d\u00e9riv\u00e9s de la levure (mannane-oligosaccharides MOS 1 %), xilo-oligosaccharides XOS 0,3 %, yucca schidigera 0,1 %, produits d\u00e9riv\u00e9s de plantes (\u00e9glantier 0,1 %).<\/p>\n<p><strong>Constituants analytiques :<\/strong><\/p>\n<p>Prot\u00e9ines brutes : 31 %, Fibres brutes : 3,5 %, Mati\u00e8res grasses brutes : 16 %, Cendres brutes : 6,5 %, Calcium : 1,4 %, Phosphore : 1 %, Acides gras Om\u00e9ga-3 : 0,6 %, Acides gras Om\u00e9ga-6 : 4,5 %, \u00c9nergie M\u00e9tabolisable : 4 000 kcal\/kg<\/p>\n<p><strong>Additifs nutritionnels :<\/strong><\/p>\n<p>Vitamine A (ac\u00e9tate de r\u00e9tinyle) : 30 700 UI\/kg, Vitamine D3 : 1 610 UI\/kg, Vitamine E (tout-rac-alpha-tocoph\u00e9rol ac\u00e9tate) : 72 mg\/kg, S\u00e9l\u00e9nium (s\u00e9l\u00e9nite de sodium 0,4 mg\/kg) : 0,2 mg\/kg, Mangan\u00e8se (sulfate mangan\u00e8se monohydrat\u00e9 92 mg\/kg) : 30 mg\/kg, Zinc (oxyde de zinc 174 mg\/kg) : 140 mg\/kg, Cuivre (sulfate de cuivre (II) pentahydrat\u00e9 47 mg\/kg) : 12 mg\/kg, Fer (sulfate de fer (II) monohydrat\u00e9 304 mg\/kg) : 100 mg\/kg, Iode (iodate de calcium anhydre 2,4 mg\/kg) : 1,6 mg\/kg, L-carnitine : 1 000 mg\/kg, DL-M\u00e9thionine pure : 1 000 mg\/kg, Taurine : 2 000 mg\/kg<\/p>\n<p><strong>Additifs technologiques :<\/strong><\/p>\n<p>Extraits de tocoph\u00e9rol issus d\u2019huiles v\u00e9g\u00e9tales.<\/p>\n<p><strong>Mode d&#8217;emploi :<\/strong><\/p>\n<p>La ration journali\u00e8re recommand\u00e9e indiqu\u00e9e dans le tableau peut \u00eatre r\u00e9partie en 2 repas par jour. Les quantit\u00e9s peuvent \u00eatre ajust\u00e9es en fonction de la taille, de l\u2019\u00e2ge et des conditions de vie du chat. Toujours laisser de l\u2019eau fra\u00eeche et propre \u00e0 disposition. Lors du passage \u00e0 cet aliment \u00e0 partir d\u2019un autre type de nourriture, il est conseill\u00e9 de l\u2019introduire progressivement sur au moins une semaine.<\/p>\n<p>Aliment pour chats non destin\u00e9 \u00e0 la consommation humaine.<\/p>\n","protected":false},"excerpt":{"rendered":"<p>Sans colorants ni conservateurs artificiels ajout\u00e9s.<\/p>\n<p>Aliment di\u00e9t\u00e9tique complet formul\u00e9 pour r\u00e9duire les r\u00e9cidives des calculs de struvite chez les chats.<\/p>\n","protected":false},"featured_media":31747,"template":"","meta":{"jetpack_publicize_message":"","jetpack_publicize_feature_enabled":true,"jetpack_social_post_already_shared":true,"jetpack_social_options":{"image_generator_settings":{"template":"highway","default_image_id":0,"font":"","enabled":false},"version":2}},"product_brand":[],"product_cat":[40],"product_tag":[],"class_list":{"0":"post-31746","1":"product","2":"type-product","3":"status-publish","4":"has-post-thumbnail","6":"product_cat-coquettes-pour-chat","8":"first","9":"instock","10":"taxable","11":"shipping-taxable","12":"purchasable","13":"product-type-simple"},"supplier_id":31321,"supplier_sku":"141252","barcode":null,"atum_controlled":true,"out_stock_date":null,"out_stock_threshold":null,"inheritable":false,"inbound_stock":0,"stock_on_hold":0,"sold_today":0,"sales_last_days":0,"reserved_stock":0,"customer_returns":0,"warehouse_damage":0,"lost_in_post":0,"other_logs":0,"out_stock_days":0,"lost_sales":0,"has_location":false,"update_date":"2026-05-12T00:22:38","atum_locations":[],"atum_stock_status":"instock","restock_status":false,"low_stock_amount":1,"sales_update_date":"2026-05-12T00:22:37","calc_backorders":null,"jetpack_publicize_connections":[],"jetpack_sharing_enabled":true,"batches":[{"id":"6602","date_created":"2025-12-10 09:38:51","date_expiry":"2027-03-19 00:00:00","user_id":"2760","batch_number":"MongeChatHairball1.5kg190327","location":"","quantity":"2.0000","quantity_available":"1.0000","units":"1","status":"active","order_ids":"[35512]","supplier":"Monge","po":{"id":"6547","date_created":"2025-12-10 09:38:52","batch_id":"6602","po_number":"","supplier":"Monge","cost":null,"regular_price":null,"sale_price":null,"price_margin":null,"price_discount":null}},{"id":"7727","date_created":"2026-02-17 10:46:07","date_expiry":"2027-03-19 00:00:00","user_id":"2760","batch_number":"MongeChatHairball1.5kg190327","location":"","quantity":"1.0000","quantity_available":"1.0000","units":"1","status":"active","order_ids":null,"supplier":"Monge","po":{"id":"7662","date_created":"2026-02-17 10:46:07","batch_id":"7727","po_number":"","supplier":"Monge","cost":null,"regular_price":null,"sale_price":null,"price_margin":null,"price_discount":null}}],"_links":{"self":[{"href":"https:\/\/petworld.ma\/index.php\/wp-json\/wp\/v2\/product\/31746","targetHints":{"allow":["GET"]}}],"collection":[{"href":"https:\/\/petworld.ma\/index.php\/wp-json\/wp\/v2\/product"}],"about":[{"href":"https:\/\/petworld.ma\/index.php\/wp-json\/wp\/v2\/types\/product"}],"wp:featuredmedia":[{"embeddable":true,"href":"https:\/\/petworld.ma\/index.php\/wp-json\/wp\/v2\/media\/31747"}],"wp:attachment":[{"href":"https:\/\/petworld.ma\/index.php\/wp-json\/wp\/v2\/media?parent=31746"}],"wp:term":[{"taxonomy":"product_brand","embeddable":true,"href":"https:\/\/petworld.ma\/index.php\/wp-json\/wp\/v2\/product_brand?post=31746"},{"taxonomy":"product_cat","embeddable":true,"href":"https:\/\/petworld.ma\/index.php\/wp-json\/wp\/v2\/product_cat?post=31746"},{"taxonomy":"product_tag","embeddable":true,"href":"https:\/\/petworld.ma\/index.php\/wp-json\/wp\/v2\/product_tag?post=31746"}],"curies":[{"name":"wp","href":"https:\/\/api.w.org\/{rel}","templated":true}]}}