{"id":31775,"date":"2025-12-10T15:33:03","date_gmt":"2025-12-10T15:33:03","guid":{"rendered":"https:\/\/petworld.ma\/?post_type=product&#038;p=31775"},"modified":"2026-04-03T15:06:39","modified_gmt":"2026-04-03T15:06:39","slug":"shampoing-pour-chien-versele-laga-anti-demangeaisons-250-ml","status":"publish","type":"product","link":"https:\/\/petworld.ma\/index.php\/produit\/shampoing-pour-chien-versele-laga-anti-demangeaisons-250-ml\/","title":{"rendered":"Shampoing Oropharma pour Chien Versele-Laga Anti-D\u00e9mangeaisons 250 ml"},"content":{"rendered":"<p><b>Shampooing calmant sp\u00e9cial pour des d\u00e9mangeaisons<\/b><\/p>\n<p>Shampooing calmant \u00e0 base d&rsquo;allanto\u00efne et d\u2019extrait d\u2019avoine.<\/p>\n<ul>\n<li>L&rsquo;alanto\u00efne att\u00e9nue la sensation de d\u00e9mangeaison.<\/li>\n<li>Hydrate la peau et le pelage et neutralise les mauvaises odeurs du pelage.<\/li>\n<li>Formule hypoallerg\u00e9nique. Sans parab\u00e8nes, colorants ni silicones.<\/li>\n<\/ul>\n<p><strong>Composition: <\/strong><span style=\"font-size: 14.4px\">Contient entre autres composants: base lavante, extrait v\u00e9g\u00e9tal avoine, allanto\u00efne, parfum hypoallerg\u00e9nique, conservateur, eau<\/span><\/p>\n<p><strong>Mode d&#8217;emploi<\/strong>: Mouiller le pelage \u00e0 l&rsquo;eau ti\u00e8de. Appliquer le shampooing et bien masser. Bien rincer. R\u00e9p\u00e9ter le lavage si vous le souhaitez.<br \/>\nFermer le flacon apr\u00e8s usage. Shampooing \u00e0 utiliser uniquement chez les animaux. Tenir hors de port\u00e9e des enfants. Ne pas avaler. \u00c9viter tout contact avec les yeux. En cas de contact avec les yeux, rincer imm\u00e9diatement et abondamment \u00e0 l\u2019eau. Ne pas utiliser pour laver des animaux malades ou convalescents.<\/p>\n<p>&nbsp;<\/p>\n","protected":false},"excerpt":{"rendered":"<ul>\n<li>L&rsquo;alanto\u00efne att\u00e9nue la sensation de d\u00e9mangeaison.<\/li>\n<li>Hydrate la peau et le pelage et neutralise les mauvaises odeurs du pelage.<\/li>\n<li>Formule hypoallerg\u00e9nique. Sans parab\u00e8nes, colorants ni silicones.<\/li>\n<\/ul>\n","protected":false},"featured_media":31776,"template":"","meta":{"jetpack_publicize_message":"","jetpack_publicize_feature_enabled":true,"jetpack_social_post_already_shared":true,"jetpack_social_options":{"image_generator_settings":{"template":"highway","default_image_id":0,"font":"","enabled":false},"version":2}},"product_brand":[],"product_cat":[214],"product_tag":[],"class_list":{"0":"post-31775","1":"product","2":"type-product","3":"status-publish","4":"has-post-thumbnail","6":"product_cat-parfums-shampoing","8":"first","9":"instock","10":"taxable","11":"shipping-taxable","12":"purchasable","13":"product-type-simple"},"supplier_id":5589,"supplier_sku":"460392","barcode":null,"atum_controlled":true,"out_stock_date":null,"out_stock_threshold":null,"inheritable":false,"inbound_stock":0,"stock_on_hold":0,"sold_today":0,"sales_last_days":0,"reserved_stock":0,"customer_returns":0,"warehouse_damage":0,"lost_in_post":0,"other_logs":0,"out_stock_days":0,"lost_sales":0,"has_location":false,"update_date":"2026-05-06T00:18:50","atum_locations":[],"atum_stock_status":"instock","restock_status":false,"low_stock_amount":2,"sales_update_date":"2026-05-06T00:18:49","calc_backorders":null,"jetpack_publicize_connections":[],"jetpack_sharing_enabled":true,"batches":[],"_links":{"self":[{"href":"https:\/\/petworld.ma\/index.php\/wp-json\/wp\/v2\/product\/31775","targetHints":{"allow":["GET"]}}],"collection":[{"href":"https:\/\/petworld.ma\/index.php\/wp-json\/wp\/v2\/product"}],"about":[{"href":"https:\/\/petworld.ma\/index.php\/wp-json\/wp\/v2\/types\/product"}],"wp:featuredmedia":[{"embeddable":true,"href":"https:\/\/petworld.ma\/index.php\/wp-json\/wp\/v2\/media\/31776"}],"wp:attachment":[{"href":"https:\/\/petworld.ma\/index.php\/wp-json\/wp\/v2\/media?parent=31775"}],"wp:term":[{"taxonomy":"product_brand","embeddable":true,"href":"https:\/\/petworld.ma\/index.php\/wp-json\/wp\/v2\/product_brand?post=31775"},{"taxonomy":"product_cat","embeddable":true,"href":"https:\/\/petworld.ma\/index.php\/wp-json\/wp\/v2\/product_cat?post=31775"},{"taxonomy":"product_tag","embeddable":true,"href":"https:\/\/petworld.ma\/index.php\/wp-json\/wp\/v2\/product_tag?post=31775"}],"curies":[{"name":"wp","href":"https:\/\/api.w.org\/{rel}","templated":true}]}}