{"id":31788,"date":"2025-12-10T17:00:31","date_gmt":"2025-12-10T17:00:31","guid":{"rendered":"https:\/\/petworld.ma\/?post_type=product&#038;p=31788"},"modified":"2026-04-27T10:48:39","modified_gmt":"2026-04-27T10:48:39","slug":"canaris-granules-extrudes-aliment-dentretien-pour-canaris-oiseaux-exotiques-et-indigenes-1kg","status":"publish","type":"product","link":"https:\/\/petworld.ma\/index.php\/produit\/canaris-granules-extrudes-aliment-dentretien-pour-canaris-oiseaux-exotiques-et-indigenes-1kg\/","title":{"rendered":"Canaris: NutriBird Granul\u00e9s extrud\u00e9s &#8211; aliment d&rsquo;entretien pour canaris, oiseaux exotiques et indig\u00e8nes 1Kg"},"content":{"rendered":"<p><b>Granul\u00e9s extrud\u00e9s &#8211; aliment d&rsquo;entretien pour canaris, oiseaux exotiques et indig\u00e8nes<\/b><\/p>\n<p>Composition scientifiquement justifi\u00e9e avec tous les nutriments dont vos oiseaux ont besoin. Enti\u00e8rement consommable, \u00e9vite le comportement alimentaire s\u00e9lectif.<\/p>\n<ul>\n<li>\u00c0 base de graines s\u00e9lectionn\u00e9es, fruits et 50% d&rsquo;alpiste.<\/li>\n<li>Soutient la flore intestinale et prot\u00e8ge contre les troubles intestinaux.<\/li>\n<li>Recommand\u00e9 par des v\u00e9t\u00e9rinaires et utilis\u00e9 mondialement par des parcs ornithologiques et des \u00e9leveurs champions.\n<div class=\"row\">\n<div class=\"col-8 col-md-10\">\n<div class=\"rich-text\">\n<h3>Opti Digest<\/h3>\n<p>Avec des min\u00e9raux argileux naturels et des pr\u00e9biotiques pour une flore intestinale saine et une digestion optimale.<\/p>\n<\/div>\n<\/div>\n<div class=\"col-4 col-md-2 px-0\"><img decoding=\"async\" src=\"https:\/\/www.versele-laga.com\/-\/media\/VerseleLaga-Tenant\/Product-assets\/Nutribird\/Claims\/NutriBirdOptiDigest.ashx?mh=90&amp;la=fr&amp;h=90&amp;w=90&amp;mw=90&amp;hash=F776CF67DC469C75E3EAB01BE07ED95B\" alt=\"\" \/><\/div>\n<\/div>\n<div class=\"row\">\n<div class=\"col-8 col-md-10\">\n<div class=\"rich-text\">\n<h3>Opti Feather<\/h3>\n<p>Contient tous les nutriments pour un superbe plumage.<\/p>\n<\/div>\n<\/div>\n<div class=\"col-4 col-md-2 px-0\"><img decoding=\"async\" src=\"https:\/\/www.versele-laga.com\/-\/media\/VerseleLaga-Tenant\/Product-assets\/Nutribird\/Claims\/NutriBirdOptiFeather.ashx?mh=90&amp;la=fr&amp;h=90&amp;w=90&amp;mw=90&amp;hash=358742E6DA53B72DE62C0E491B011D18\" alt=\"\" \/><\/div>\n<\/div>\n<div class=\"row\">\n<div class=\"col-8 col-md-10\">\n<div class=\"rich-text\">\n<h3>Opti Calcium<\/h3>\n<div class=\"col-8 col-md-10\">\n<div class=\"rich-text\">\n<p>Le rapport calcium\/phosphore optimal pour la sant\u00e9 des os.<\/p>\n<\/div>\n<\/div>\n<div class=\"col-4 col-md-2 px-0\"><img decoding=\"async\" src=\"https:\/\/www.versele-laga.com\/-\/media\/VerseleLaga-Tenant\/Product-assets\/Nutribird\/Claims\/NutriBirdOptiCalcium.ashx?mh=90&amp;la=fr&amp;h=90&amp;w=90&amp;mw=90&amp;hash=E3260BDBB73E62042628AC1C63B05434\" alt=\"\" \/><\/div>\n<\/div>\n<\/div>\n<\/div>\n<\/li>\n<\/ul>\n<div class=\"row\">\n<div class=\"col-12\">\n<div class=\"rich-text\">\n<p><strong>Composition<\/strong>: graines (alpiste 50%, graines de lin 5%), c\u00e9r\u00e9ales, huiles et graisses, l\u00e9gumes, sous-produits d&rsquo;origine v\u00e9g\u00e9tale, substances min\u00e9rales, fruits (pomme 5%*), sucres, MOS, tag\u00e8te, yucca<br \/>\n*fruits et l\u00e9gumes d\u00e9shydrat\u00e9s, % \u00e9quivalent avant s\u00e9chage<\/p>\n<\/div>\n<\/div>\n<\/div>\n<div class=\"col-12\">\n<div class=\"rich-text\">\n<p><strong>Constituants analytiques<\/strong>: <span style=\"color: #333333;font-size: 14.4px\">prot\u00e9ine 15%, teneur en mati\u00e8res grasses 16%, cellulose brute 4,5%, cendres brutes 8,5%, calcium 0,9%, phosphore 0,6%, m\u00e9thionine 0,3%, lysine 0,9%, thr\u00e9onine 0,4%, tryptophane 0,15%, cystine 0,35%<\/span><\/p>\n<\/div>\n<\/div>\n<p><strong>Additifs\/kg<\/strong><\/p>\n<div class=\"col-12\">\n<div class=\"rich-text\">\n<h4>Additifs nutritionnels<\/h4>\n<p>vitamine A 15000 UI, vitamine D3 1650 UI, vitamine E 90 mg, vitamine B1 7,50 mg, vitamine B2 17,50 mg, D-pantoth\u00e9nate de calcium 22,00 mg, vitamine B6 6,50 mg, vitamine B12 0,03 mg, vitamine C 55 mg, niacine 90 mg, acide folique 1,65 mg, biotine 0,29 mg, chlorure de choline 770 mg, 3b202 (iode) 2,3 mg, 3b405 (cuivre) 11 mg, 3b502 (mangan\u00e8se) 110 mg, 3b603 (zinc) 105 mg, 3b802 (s\u00e9l\u00e9nium) 0,11 mg, 3b811 (s\u00e9l\u00e9nium organique) 0,11 mg<\/p>\n<\/div>\n<\/div>\n<div class=\"col-12\">\n<div class=\"rich-text\">\n<h4><strong>Additifs techniques<\/strong><\/h4>\n<p>antioxydants : avec tocoph\u00e9rols, conservateurs, bentonite<\/p>\n<\/div>\n<\/div>\n<div class=\"row\">\n<div class=\"col-12\">\n<div class=\"rich-text\">\n<p><strong>Additifs sensoriels<\/strong><\/p>\n<p>colorants, substances aromatiques<\/p>\n<p><strong>Mode d&#8217;emploi:<\/strong> \u00c0 distribuer librement. Vous pouvez remarquer un l\u00e9ger changement de couleur des granules extrud\u00e9s NutriBird. Cela n\u2019a qu\u2019un impact mineur sur l\u2019aspect visuel et n\u2019affecte en aucun cas la saveur ou la qualit\u00e9.<\/p>\n<\/div>\n<\/div>\n<\/div>\n","protected":false},"excerpt":{"rendered":"<p>Porduit import\u00e9 d&rsquo;Europe.<\/p>\n<p>Poid: 1kg<\/p>\n","protected":false},"featured_media":31792,"template":"","meta":{"jetpack_publicize_message":"","jetpack_publicize_feature_enabled":true,"jetpack_social_post_already_shared":true,"jetpack_social_options":{"image_generator_settings":{"template":"highway","default_image_id":0,"font":"","enabled":false},"version":2}},"product_brand":[],"product_cat":[141],"product_tag":[],"class_list":{"0":"post-31788","1":"product","2":"type-product","3":"status-publish","4":"has-post-thumbnail","6":"product_cat-oiseaux","8":"first","9":"instock","10":"taxable","11":"shipping-taxable","12":"purchasable","13":"product-type-simple"},"supplier_id":5589,"supplier_sku":"422105","barcode":null,"atum_controlled":true,"out_stock_date":null,"out_stock_threshold":null,"inheritable":false,"inbound_stock":0,"stock_on_hold":0,"sold_today":0,"sales_last_days":1,"reserved_stock":0,"customer_returns":0,"warehouse_damage":0,"lost_in_post":0,"other_logs":0,"out_stock_days":0,"lost_sales":0,"has_location":false,"update_date":"2026-05-06T00:18:17","atum_locations":[],"atum_stock_status":"instock","restock_status":false,"low_stock_amount":"","sales_update_date":"2026-05-06T00:18:16","calc_backorders":null,"jetpack_publicize_connections":[],"jetpack_sharing_enabled":true,"batches":[{"id":"6611","date_created":"2025-12-10 17:08:22","date_expiry":"2027-03-17 00:00:00","user_id":"9","batch_number":"CanariVerseleLaga1kg170327","location":"","quantity":"6.0000","quantity_available":"0.0000","units":"1","status":"archived","order_ids":"[36169,36738]","supplier":"Zooluxe","po":{"id":"6556","date_created":"2025-12-10 17:08:22","batch_id":"6611","po_number":"","supplier":"Zooluxe","cost":null,"regular_price":null,"sale_price":null,"price_margin":null,"price_discount":null}},{"id":"7514","date_created":"2026-02-05 08:32:07","date_expiry":"2027-03-17 00:00:00","user_id":"9","batch_number":"CanariVerseleLaga1kg170327","location":"","quantity":"15.0000","quantity_available":"13.0000","units":"1","status":"active","order_ids":"[36775,40775]","supplier":"Zooluxe","po":{"id":"7449","date_created":"2026-02-05 08:32:08","batch_id":"7514","po_number":"","supplier":"Zooluxe","cost":null,"regular_price":null,"sale_price":null,"price_margin":null,"price_discount":null}}],"_links":{"self":[{"href":"https:\/\/petworld.ma\/index.php\/wp-json\/wp\/v2\/product\/31788","targetHints":{"allow":["GET"]}}],"collection":[{"href":"https:\/\/petworld.ma\/index.php\/wp-json\/wp\/v2\/product"}],"about":[{"href":"https:\/\/petworld.ma\/index.php\/wp-json\/wp\/v2\/types\/product"}],"wp:featuredmedia":[{"embeddable":true,"href":"https:\/\/petworld.ma\/index.php\/wp-json\/wp\/v2\/media\/31792"}],"wp:attachment":[{"href":"https:\/\/petworld.ma\/index.php\/wp-json\/wp\/v2\/media?parent=31788"}],"wp:term":[{"taxonomy":"product_brand","embeddable":true,"href":"https:\/\/petworld.ma\/index.php\/wp-json\/wp\/v2\/product_brand?post=31788"},{"taxonomy":"product_cat","embeddable":true,"href":"https:\/\/petworld.ma\/index.php\/wp-json\/wp\/v2\/product_cat?post=31788"},{"taxonomy":"product_tag","embeddable":true,"href":"https:\/\/petworld.ma\/index.php\/wp-json\/wp\/v2\/product_tag?post=31788"}],"curies":[{"name":"wp","href":"https:\/\/api.w.org\/{rel}","templated":true}]}}