{"id":31816,"date":"2025-12-11T08:51:35","date_gmt":"2025-12-11T08:51:35","guid":{"rendered":"https:\/\/petworld.ma\/?post_type=product&#038;p=31816"},"modified":"2026-04-17T13:28:59","modified_gmt":"2026-04-17T13:28:59","slug":"perroquet-granules-extrudes-aliment-dentretien-pour-perroquets-monocouleur-1kg","status":"publish","type":"product","link":"https:\/\/petworld.ma\/index.php\/produit\/perroquet-granules-extrudes-aliment-dentretien-pour-perroquets-monocouleur-1kg\/","title":{"rendered":"Perroquet: NutriBird Granul\u00e9s extrud\u00e9s &#8211; aliment d&rsquo;entretien pour perroquets &#8211; monocouleur 1kg"},"content":{"rendered":"<p><b>Granul\u00e9s extrud\u00e9s &#8211; aliment d&rsquo;entretien pour perroquets &#8211; monocouleur<\/b><\/p>\n<p>Composition scientifiquement justifi\u00e9e avec tous les nutriments dont vos oiseaux ont besoin. Enti\u00e8rement consommable, \u00e9vite le comportement alimentaire s\u00e9lectif.<\/p>\n<ul>\n<li>\u00c0 base de graines s\u00e9lectionn\u00e9es, de fruits et d&rsquo;arachides.<\/li>\n<li>Soutient la flore intestinale et prot\u00e8ge contre les troubles intestinaux.<\/li>\n<li>Recommand\u00e9 par des v\u00e9t\u00e9rinaires et utilis\u00e9 mondialement par des parcs ornithologiques et des \u00e9leveurs champions.<\/li>\n<\/ul>\n<div class=\"row\">\n<div class=\"col-8 col-md-10\">\n<div class=\"rich-text\">\n<h3>Opti Digest<\/h3>\n<p>Avec des min\u00e9raux argileux naturels et des pr\u00e9biotiques pour une flore intestinale saine et une digestion optimale.<\/p>\n<\/div>\n<\/div>\n<div class=\"col-4 col-md-2 px-0\"><img decoding=\"async\" src=\"https:\/\/www.versele-laga.com\/-\/media\/VerseleLaga-Tenant\/Product-assets\/Nutribird\/Claims\/NutriBirdOptiDigest.ashx?mh=90&amp;la=fr&amp;h=90&amp;w=90&amp;mw=90&amp;hash=F776CF67DC469C75E3EAB01BE07ED95B\" alt=\"\" \/><\/div>\n<\/div>\n<div class=\"row\">\n<div class=\"col-8 col-md-10\">\n<div class=\"rich-text\">\n<h3>Opti Feather<\/h3>\n<p>Contient tous les nutriments pour un superbe plumage.<\/p>\n<\/div>\n<\/div>\n<div class=\"col-4 col-md-2 px-0\"><img decoding=\"async\" src=\"https:\/\/www.versele-laga.com\/-\/media\/VerseleLaga-Tenant\/Product-assets\/Nutribird\/Claims\/NutriBirdOptiFeather.ashx?mh=90&amp;la=fr&amp;h=90&amp;w=90&amp;mw=90&amp;hash=358742E6DA53B72DE62C0E491B011D18\" alt=\"\" \/><\/div>\n<\/div>\n<div class=\"row\">\n<div class=\"col-8 col-md-10\">\n<div class=\"rich-text\">\n<h3>Opti Calcium<\/h3>\n<p>Le rapport calcium\/phosphore optimal pour la sant\u00e9 des os.<\/p>\n<\/div>\n<\/div>\n<div class=\"col-4 col-md-2 px-0\"><img decoding=\"async\" src=\"https:\/\/www.versele-laga.com\/-\/media\/VerseleLaga-Tenant\/Product-assets\/Nutribird\/Claims\/NutriBirdOptiCalcium.ashx?mh=90&amp;la=fr&amp;h=90&amp;w=90&amp;mw=90&amp;hash=E3260BDBB73E62042628AC1C63B05434\" alt=\"\" \/><\/div>\n<div>\n<div class=\"row\">\n<div class=\"col-12\">\n<div class=\"rich-text\">\n<h3>Composition<\/h3>\n<p>c\u00e9r\u00e9ales, noix (arachides pel\u00e9es 10%), sous-produits d&rsquo;origine v\u00e9g\u00e9tale, l\u00e9gumes, substances min\u00e9rales, huiles et graisses, graines (3%), fruits (pomme 5%*), sucres, MOS, yucca<br \/>\n*fruits et l\u00e9gumes d\u00e9shydrat\u00e9s, % \u00e9quivalent avant s\u00e9chage<\/p>\n<\/div>\n<\/div>\n<\/div>\n<div class=\"row\">\n<div class=\"col-12\">\n<div class=\"rich-text\">\n<h3>Constituants analytiques<\/h3>\n<p>prot\u00e9ine 15%, teneur en mati\u00e8res grasses 16%, cellulose brute 2,5%, cendres brutes 7%, calcium 0,9%, phosphore 0,6%, m\u00e9thionine 0,35%, lysine 0,8%, thr\u00e9onine 0,5%, tryptophane 0,15%, cystine 0,25%<\/p>\n<\/div>\n<\/div>\n<\/div>\n<h3>Additifs\/kg<\/h3>\n<div class=\"row\">\n<div class=\"col-12\">\n<div class=\"rich-text\">\n<h4>Additifs nutritionnels<\/h4>\n<p>vitamine A 8000 UI, vitamine D3 1650 UI, \u03b2-carot\u00e8ne 4,8 mg, vitamine E 95 mg, vitamine B1 8 mg, vitamine B2 17,5 mg, D-pantoth\u00e9nate de calcium 22 mg, vitamine B6 6,5 mg, vitamine B12 0,03 mg, vitamine C 55 mg, niacine 90 mg, acide folique 1,65 mg, biotine 0,29 mg, chlorure de choline 770 mg, 3b202 (iode) 2,3 mg, 3b405 (cuivre) 11 mg, 3b503 (mangan\u00e8se) 110 mg, 3b605 (zinc) 105 mg, 3b802 (s\u00e9l\u00e9nium) 0,11 mg, 3b811 (s\u00e9l\u00e9nium organique) 0,11 mg<\/p>\n<\/div>\n<\/div>\n<\/div>\n<div class=\"row\">\n<div class=\"col-12\">\n<div class=\"rich-text\">\n<h4>Additifs techniques<\/h4>\n<p>antioxydants : avec tocoph\u00e9rols, conservateurs, bentonite<\/p>\n<\/div>\n<\/div>\n<\/div>\n<div class=\"row\">\n<div class=\"col-12\">\n<div class=\"rich-text\">\n<h4>Additifs sensoriels<\/h4>\n<p>substances aromatiques<\/p>\n<\/div>\n<\/div>\n<\/div>\n<\/div>\n<\/div>\n","protected":false},"excerpt":{"rendered":"<p>Porduit import\u00e9 d&rsquo;Europe.<\/p>\n<p>Poid: 1kg<\/p>\n","protected":false},"featured_media":31818,"template":"","meta":{"jetpack_publicize_message":"","jetpack_publicize_feature_enabled":true,"jetpack_social_post_already_shared":true,"jetpack_social_options":{"image_generator_settings":{"template":"highway","default_image_id":0,"font":"","enabled":false},"version":2}},"product_brand":[],"product_cat":[141],"product_tag":[],"class_list":{"0":"post-31816","1":"product","2":"type-product","3":"status-publish","4":"has-post-thumbnail","6":"product_cat-oiseaux","8":"first","9":"instock","10":"taxable","11":"shipping-taxable","12":"purchasable","13":"product-type-simple"},"supplier_id":5589,"supplier_sku":"422125","barcode":"5410340221259","atum_controlled":true,"out_stock_date":null,"out_stock_threshold":null,"inheritable":false,"inbound_stock":0,"stock_on_hold":0,"sold_today":0,"sales_last_days":0,"reserved_stock":0,"customer_returns":0,"warehouse_damage":0,"lost_in_post":0,"other_logs":0,"out_stock_days":0,"lost_sales":0,"has_location":false,"update_date":"2026-05-06T00:16:40","atum_locations":[],"atum_stock_status":"instock","restock_status":false,"low_stock_amount":6,"sales_update_date":"2026-05-06T00:16:40","calc_backorders":null,"jetpack_publicize_connections":[],"jetpack_sharing_enabled":true,"batches":[{"id":"6615","date_created":"2025-12-11 08:56:56","date_expiry":"2027-03-18 00:00:00","user_id":"2461","batch_number":"PeroquetVerseleLaga180327","location":"","quantity":"6.0000","quantity_available":"0.0000","units":"1","status":"archived","order_ids":"[32411,32431,33140,33470,37477,37999]","supplier":"Zooluxe","po":{"id":"6560","date_created":"2025-12-11 08:56:57","batch_id":"6615","po_number":"","supplier":"Zooluxe","cost":null,"regular_price":null,"sale_price":null,"price_margin":null,"price_discount":null}},{"id":"7516","date_created":"2026-02-05 08:34:59","date_expiry":"2027-03-18 00:00:00","user_id":"2461","batch_number":"PeroquetVerseleLaga180327","location":"","quantity":"36.0000","quantity_available":"29.0000","units":"1","status":"active","order_ids":"[37477,37482,37487,38587,39522,40029]","supplier":"Zooluxe","po":{"id":"7451","date_created":"2026-02-05 08:35:00","batch_id":"7516","po_number":"","supplier":"Zooluxe","cost":null,"regular_price":null,"sale_price":null,"price_margin":null,"price_discount":null}}],"_links":{"self":[{"href":"https:\/\/petworld.ma\/index.php\/wp-json\/wp\/v2\/product\/31816","targetHints":{"allow":["GET"]}}],"collection":[{"href":"https:\/\/petworld.ma\/index.php\/wp-json\/wp\/v2\/product"}],"about":[{"href":"https:\/\/petworld.ma\/index.php\/wp-json\/wp\/v2\/types\/product"}],"wp:featuredmedia":[{"embeddable":true,"href":"https:\/\/petworld.ma\/index.php\/wp-json\/wp\/v2\/media\/31818"}],"wp:attachment":[{"href":"https:\/\/petworld.ma\/index.php\/wp-json\/wp\/v2\/media?parent=31816"}],"wp:term":[{"taxonomy":"product_brand","embeddable":true,"href":"https:\/\/petworld.ma\/index.php\/wp-json\/wp\/v2\/product_brand?post=31816"},{"taxonomy":"product_cat","embeddable":true,"href":"https:\/\/petworld.ma\/index.php\/wp-json\/wp\/v2\/product_cat?post=31816"},{"taxonomy":"product_tag","embeddable":true,"href":"https:\/\/petworld.ma\/index.php\/wp-json\/wp\/v2\/product_tag?post=31816"}],"curies":[{"name":"wp","href":"https:\/\/api.w.org\/{rel}","templated":true}]}}