{"id":32088,"date":"2025-12-16T20:55:06","date_gmt":"2025-12-16T20:55:06","guid":{"rendered":"https:\/\/petworld.ma\/?post_type=product&#038;p=32088"},"modified":"2026-04-22T10:16:13","modified_gmt":"2026-04-22T10:16:13","slug":"royal-canin-ageing-12-en-sauce-85g-boite-de-12-pochons-promo","status":"publish","type":"product","link":"https:\/\/petworld.ma\/index.php\/produit\/royal-canin-ageing-12-en-sauce-85g-boite-de-12-pochons-promo\/","title":{"rendered":"Royal Canin Ageing 12+ En Sauce 85G Boite De 12 Pochons Promo"},"content":{"rendered":"<div class=\"product-section description-section\">\n<div class=\"single-description fr-view\">\n<div>\n<div>\n<div>\n<h2><strong>Aliment complet pour chats adultes Ageing 12+ (\u00e9minc\u00e9 en sauce).<\/strong><\/h2>\n<\/div>\n<\/div>\n<div><\/div>\n<\/div>\n<div>\n<div>Pour garantir \u00e0 votre chat \u00e2g\u00e9 (12 ans et plus) les nutriments sp\u00e9cifiques n\u00e9cessaires au maintien d&rsquo;une sant\u00e9 optimale, il est important de lui offrir une alimentation qu&rsquo;il appr\u00e9cie naturellement. C&rsquo;est pourquoi ROYAL CANIN\u00ae Ageing 12+ en sauce est formul\u00e9 pour r\u00e9pondre au profil nutritionnel optimal instinctivement pr\u00e9f\u00e9r\u00e9 par les chats \u00e2g\u00e9s comme le v\u00f4tre. Les chats \u00e2g\u00e9s ont souvent besoin d&rsquo;un apport nutritionnel plus important pour pr\u00e9server la sant\u00e9 de leurs articulations. C\u2019est pourquoi ROYAL CANIN\u00ae Ageing 12+ en sauce est sp\u00e9cialement formul\u00e9 pour contribuer au maintien de la sant\u00e9 articulaire gr\u00e2ce \u00e0 sa teneur \u00e9lev\u00e9e en acides gras om\u00e9ga-3, notamment en EPA et DHA. Pour favoriser une fonction r\u00e9nale saine et une bonne sant\u00e9 r\u00e9nale globale, ROYAL CANIN\u00ae Ageing 12+ en sauce contient \u00e9galement une teneur adapt\u00e9e en phosphore. Afin de satisfaire les pr\u00e9f\u00e9rences de chaque chat, ROYAL CANIN\u00ae Ageing 12+ est \u00e9galement disponible en gel\u00e9e onctueuse ou en croquettes savoureuses et croustillantes. Si vous envisagez une alimentation mixte, suivez simplement nos recommandations pour garantir \u00e0 votre chat un apport pr\u00e9cis en aliments humides et secs, pour un b\u00e9n\u00e9fice optimal.<\/div>\n<h3 class=\"TabbedAccordion-module_contentTitle__0TBwO TabbedAccordion-module_activeContent__Oh8Ol\" data-qa=\"tabbed-accordion-section-title\"><strong><span dir=\"auto\">AVANTAGES<\/span><\/strong><\/h3>\n<div id=\"tabbed-accordion-:r1c:-section-1\" class=\"TabbedAccordion-module_content__YHr0u TabbedAccordion-module_activeContent__Oh8Ol TabbedAccordion-module_multiColumn__J9UXy\" role=\"tabpanel\" aria-labelledby=\"tabbed-accordion-:r1c:-tab-1\" data-qa=\"tabbed-accordion-section-content\">\n<div data-qa=\"product-benefits\">\n<div class=\"ProductBenefits-module_productBenefitsItem__ECHED\" data-qa=\"product-benefits-item\">\n<div>\n<h3 class=\"ProductBenefits-module_productBenefitsItemSubtitle__10NrU\" data-qa=\"product-benefits-item-subtitle\"><span dir=\"auto\">Sant\u00e9 articulaire<\/span><\/h3>\n<p class=\"ProductBenefits-module_productBenefitsItemText__gtemj\" data-qa=\"product-benefits-item-text\"><span dir=\"auto\">Contribue au maintien de la sant\u00e9 des articulations gr\u00e2ce \u00e0 sa teneur \u00e9lev\u00e9e en acides gras EPA\/DHA.<\/span><\/p>\n<\/div>\n<\/div>\n<div class=\"ProductBenefits-module_productBenefitsItem__ECHED\" data-qa=\"product-benefits-item\">\n<div>\n<h3 class=\"ProductBenefits-module_productBenefitsItemSubtitle__10NrU\" data-qa=\"product-benefits-item-subtitle\"><span dir=\"auto\">Instinctivement pr\u00e9f\u00e9r\u00e9<\/span><\/h3>\n<p class=\"ProductBenefits-module_productBenefitsItemText__gtemj\" data-qa=\"product-benefits-item-text\"><span dir=\"auto\">Formul\u00e9 pour correspondre au profil nutritionnel macro optimal instinctivement pr\u00e9f\u00e9r\u00e9 par les chats.<\/span><\/p>\n<\/div>\n<\/div>\n<div class=\"ProductBenefits-module_productBenefitsItem__ECHED\" data-qa=\"product-benefits-item\">\n<div>\n<h3 class=\"ProductBenefits-module_productBenefitsItemSubtitle__10NrU\" data-qa=\"product-benefits-item-subtitle\"><span dir=\"auto\">Sant\u00e9 r\u00e9nale<\/span><\/h3>\n<p class=\"ProductBenefits-module_productBenefitsItemText__gtemj\" data-qa=\"product-benefits-item-text\"><span dir=\"auto\">Teneur en phosphore adapt\u00e9e.<\/span><\/p>\n<\/div>\n<\/div>\n<\/div>\n<\/div>\n<div>\n<h3 class=\"ProductNutritionalInfo-module_nutritional-item-subtitle__Tjk1e\" data-qa=\"product-nutritional-info-item-subtitle\"><strong><span dir=\"auto\">Composition<\/span><\/strong><\/h3>\n<h3 class=\"ProductNutritionalInfo-module_nutritional-item-subtitle__Tjk1e\" data-qa=\"product-nutritional-info-item-subtitle\"><span dir=\"auto\">viandes et sous-produits animaux, c\u00e9r\u00e9ales, extraits de prot\u00e9ines v\u00e9g\u00e9tales, huiles et graisses, sous-produits d&rsquo;origine v\u00e9g\u00e9tale, substances min\u00e9rales, sucres divers, mollusques et crustac\u00e9s.<\/span><\/h3>\n<div>\n<h3 class=\"ProductNutritionalInfo-module_nutritional-item-subtitle__Tjk1e\" data-qa=\"product-nutritional-info-item-subtitle\"><strong><span dir=\"auto\">Recommandations quotidiennes en mati\u00e8re d&rsquo;alimentation<\/span><\/strong><\/h3>\n<div class=\"ProductNutritionalInfo-module_icon-wrapper__cw228\">\n<div class=\"ProductNutritionalInfo-module_icon-minus__LnlCs\"><\/div>\n<\/div>\n<div class=\"ProductNutritionalInfo-module_nutritional-item-content-wrapper__igckI\" data-testid=\"product-nutrition-content\" aria-expanded=\"true\">\n<div class=\"sc-iHGNWf cCdhgp\">\n<div class=\"sc-dtBdUo kOAVnO\">\n<table>\n<thead>\n<tr>\n<th><span dir=\"auto\">Poids du chat (kg)<\/span><\/th>\n<th><span dir=\"auto\">Inactif Faibles besoins \u00e9nerg\u00e9tiques<\/span><\/th>\n<th><span dir=\"auto\">&#8211;<\/span><\/th>\n<th><span dir=\"auto\">NORMALE<\/span><\/th>\n<th><span dir=\"auto\">&#8211;<\/span><\/th>\n<th><span dir=\"auto\">Besoins \u00e9nerg\u00e9tiques \u00e9lev\u00e9s ACTIFS<\/span><\/th>\n<th><\/th>\n<\/tr>\n<\/thead>\n<tbody>\n<tr>\n<td><\/td>\n<td><span dir=\"auto\">(g\/jour)<\/span><\/td>\n<td><span dir=\"auto\">Sachet \/ jour<\/span><\/td>\n<td><span dir=\"auto\">(g\/jour)<\/span><\/td>\n<td><span dir=\"auto\">Sachet \/ jour<\/span><\/td>\n<td><span dir=\"auto\">(g\/jour)<\/span><\/td>\n<td><span dir=\"auto\">Sachet \/ jour<\/span><\/td>\n<\/tr>\n<tr>\n<td><span dir=\"auto\">2<\/span><\/td>\n<td><span dir=\"auto\">105<\/span><\/td>\n<td><span dir=\"auto\">1 1\/4<\/span><\/td>\n<td><span dir=\"auto\">135<\/span><\/td>\n<td><span dir=\"auto\">1 1\/2<\/span><\/td>\n<td><span dir=\"auto\">160<\/span><\/td>\n<td><span dir=\"auto\">2<\/span><\/td>\n<\/tr>\n<tr>\n<td><span dir=\"auto\">3<\/span><\/td>\n<td><span dir=\"auto\">145<\/span><\/td>\n<td><span dir=\"auto\">1 3\/4<\/span><\/td>\n<td><span dir=\"auto\">180<\/span><\/td>\n<td><span dir=\"auto\">2<\/span><\/td>\n<td><span dir=\"auto\">215<\/span><\/td>\n<td><span dir=\"auto\">2 1\/2<\/span><\/td>\n<\/tr>\n<tr>\n<td><span dir=\"auto\">4<\/span><\/td>\n<td><span dir=\"auto\">175<\/span><\/td>\n<td><span dir=\"auto\">2<\/span><\/td>\n<td><span dir=\"auto\">220<\/span><\/td>\n<td><span dir=\"auto\">2 1\/2<\/span><\/td>\n<td><span dir=\"auto\">265<\/span><\/td>\n<td><span dir=\"auto\">3<\/span><\/td>\n<\/tr>\n<tr>\n<td><span dir=\"auto\">5<\/span><\/td>\n<td><span dir=\"auto\">205<\/span><\/td>\n<td><span dir=\"auto\">2 1\/2<\/span><\/td>\n<td><span dir=\"auto\">255<\/span><\/td>\n<td><span dir=\"auto\">3<\/span><\/td>\n<td><span dir=\"auto\">310<\/span><\/td>\n<td><span dir=\"auto\">3 3\/4<\/span><\/td>\n<\/tr>\n<tr>\n<td><span dir=\"auto\">6<\/span><\/td>\n<td><span dir=\"auto\">235<\/span><\/td>\n<td><span dir=\"auto\">2 3\/4<\/span><\/td>\n<td><span dir=\"auto\">290<\/span><\/td>\n<td><span dir=\"auto\">3 1\/2<\/span><\/td>\n<td><span dir=\"auto\">350<\/span><\/td>\n<td><span dir=\"auto\">4<\/span><\/td>\n<\/tr>\n<tr>\n<td><span dir=\"auto\">7<\/span><\/td>\n<td><span dir=\"auto\">260<\/span><\/td>\n<td><span dir=\"auto\">3<\/span><\/td>\n<td><span dir=\"auto\">325<\/span><\/td>\n<td><span dir=\"auto\">3 3\/4<\/span><\/td>\n<td><span dir=\"auto\">390<\/span><\/td>\n<td><span dir=\"auto\">4 1\/2<\/span><\/td>\n<\/tr>\n<tr>\n<td><span dir=\"auto\">8<\/span><\/td>\n<td><span dir=\"auto\">285<\/span><\/td>\n<td><span dir=\"auto\">3 1\/4<\/span><\/td>\n<td><span dir=\"auto\">360<\/span><\/td>\n<td><span dir=\"auto\">4 1\/4<\/span><\/td>\n<td><span dir=\"auto\">430<\/span><\/td>\n<td><span dir=\"auto\">5<\/span><\/td>\n<\/tr>\n<tr>\n<td><span dir=\"auto\">9<\/span><\/td>\n<td><span dir=\"auto\">310<\/span><\/td>\n<td><span dir=\"auto\">3 3\/4<\/span><\/td>\n<td><span dir=\"auto\">390<\/span><\/td>\n<td><span dir=\"auto\">4 1\/2<\/span><\/td>\n<td><span dir=\"auto\">470<\/span><\/td>\n<td><span dir=\"auto\">5 1\/2<\/span><\/td>\n<\/tr>\n<tr>\n<td><span dir=\"auto\">10<\/span><\/td>\n<td><span dir=\"auto\">335<\/span><\/td>\n<td><span dir=\"auto\">4<\/span><\/td>\n<td><span dir=\"auto\">420<\/span><\/td>\n<td><span dir=\"auto\">5<\/span><\/td>\n<td><span dir=\"auto\">505<\/span><\/td>\n<td><span dir=\"auto\">6<\/span><\/td>\n<\/tr>\n<\/tbody>\n<\/table>\n<\/div>\n<\/div>\n<\/div>\n<p><a href=\"https:\/\/wa.me\/212708052510\" target=\"_blank\" rel=\"noopener noreferrer\"><img decoding=\"async\" class=\"fr-fic fr-dib aligncenter\" src=\"https:\/\/cdn.youcan.shop\/stores\/d0742d556df94ddbc7ae4c9810aff04b\/others\/taspjCWy5MuS0YnRHh3Dlg5krCsU4OD9ZS32GtsZ.png\" width=\"296\" height=\"78\" data-name=\"stores\/d0742d556df94ddbc7ae4c9810aff04b\/others\/taspjCWy5MuS0YnRHh3Dlg5krCsU4OD9ZS32GtsZ.png\" \/><\/a><\/p>\n<\/div>\n<\/div>\n<\/div>\n<\/div>\n<\/div>\n<div class=\"product-section add-to-cart-section\">\n<div class=\"quantity\"><\/div>\n<\/div>\n","protected":false},"excerpt":{"rendered":"<p>Aliment complet pour chats \u00e2g\u00e9s de plus de 12 ans (fines tranches en sauce).<\/p>\n","protected":false},"featured_media":32729,"template":"","meta":{"jetpack_publicize_message":"","jetpack_publicize_feature_enabled":true,"jetpack_social_post_already_shared":true,"jetpack_social_options":{"image_generator_settings":{"template":"highway","default_image_id":0,"font":"","enabled":false},"version":2}},"product_brand":[],"product_cat":[187,41,239],"product_tag":[],"class_list":{"0":"post-32088","1":"product","2":"type-product","3":"status-publish","4":"has-post-thumbnail","6":"product_cat-destockage","7":"product_cat-friandises-et-pate-pour-chat","8":"product_cat-pate-humides-chat","10":"first","11":"instock","12":"sale","13":"taxable","14":"shipping-taxable","15":"purchasable","16":"product-type-simple"},"supplier_id":5587,"supplier_sku":"100056-500","barcode":null,"atum_controlled":true,"out_stock_date":null,"out_stock_threshold":null,"inheritable":false,"inbound_stock":0,"stock_on_hold":0,"sold_today":0,"sales_last_days":2,"reserved_stock":0,"customer_returns":0,"warehouse_damage":0,"lost_in_post":0,"other_logs":0,"out_stock_days":0,"lost_sales":0,"has_location":false,"update_date":"2026-04-27T14:56:50","atum_locations":[],"atum_stock_status":"instock","restock_status":false,"low_stock_amount":20,"sales_update_date":"2026-04-27T14:56:50","calc_backorders":null,"jetpack_publicize_connections":[],"jetpack_sharing_enabled":true,"batches":[{"id":"6725","date_created":"2025-12-16 21:24:04","date_expiry":"2027-01-04 00:00:00","user_id":"2461","batch_number":"Royal Canin Ageing 12+ En Sauce 85G Boite De 12 Pochons Promo040127","location":"","quantity":"10.0000","quantity_available":"7.0000","units":"1","status":"active","order_ids":"[37826,40212,40505]","supplier":"Royal Canin","po":{"id":"6671","date_created":"2025-12-16 21:24:04","batch_id":"6725","po_number":"","supplier":"Royal Canin","cost":null,"regular_price":null,"sale_price":null,"price_margin":null,"price_discount":null}},{"id":"7211","date_created":"2026-01-17 16:47:50","date_expiry":"2027-01-04 00:00:00","user_id":"2461","batch_number":"Royal Canin Ageing 12+ En Sauce 85G Boite De 12 Pochons Promo040127","location":"","quantity":"4.0000","quantity_available":"0.0000","units":"1","status":"archived","order_ids":"[34682,35733,37826,38961]","supplier":"Royal Canin","po":{"id":"7147","date_created":"2026-01-17 16:47:50","batch_id":"7211","po_number":"","supplier":"Royal Canin","cost":null,"regular_price":null,"sale_price":null,"price_margin":null,"price_discount":null}}],"_links":{"self":[{"href":"https:\/\/petworld.ma\/index.php\/wp-json\/wp\/v2\/product\/32088","targetHints":{"allow":["GET"]}}],"collection":[{"href":"https:\/\/petworld.ma\/index.php\/wp-json\/wp\/v2\/product"}],"about":[{"href":"https:\/\/petworld.ma\/index.php\/wp-json\/wp\/v2\/types\/product"}],"wp:featuredmedia":[{"embeddable":true,"href":"https:\/\/petworld.ma\/index.php\/wp-json\/wp\/v2\/media\/32729"}],"wp:attachment":[{"href":"https:\/\/petworld.ma\/index.php\/wp-json\/wp\/v2\/media?parent=32088"}],"wp:term":[{"taxonomy":"product_brand","embeddable":true,"href":"https:\/\/petworld.ma\/index.php\/wp-json\/wp\/v2\/product_brand?post=32088"},{"taxonomy":"product_cat","embeddable":true,"href":"https:\/\/petworld.ma\/index.php\/wp-json\/wp\/v2\/product_cat?post=32088"},{"taxonomy":"product_tag","embeddable":true,"href":"https:\/\/petworld.ma\/index.php\/wp-json\/wp\/v2\/product_tag?post=32088"}],"curies":[{"name":"wp","href":"https:\/\/api.w.org\/{rel}","templated":true}]}}