{"id":32148,"date":"2025-12-17T23:06:54","date_gmt":"2025-12-17T23:06:54","guid":{"rendered":"https:\/\/petworld.ma\/?post_type=product&#038;p=32148"},"modified":"2026-03-12T17:15:53","modified_gmt":"2026-03-12T17:15:53","slug":"gosbi-life-croquettes-pour-chat-adulte-3kg-1-sachet-natsbi-offert","status":"publish","type":"product","link":"https:\/\/petworld.ma\/index.php\/produit\/gosbi-life-croquettes-pour-chat-adulte-3kg-1-sachet-natsbi-offert\/","title":{"rendered":"Gosbi Life Croquettes Pour Chat Adulte ( 3kg ) +1 Sachet Natsbi Offert"},"content":{"rendered":"<div class=\"hidden-xs\">\n<div class=\"hidden-xs\">\n<div class=\"hidden-xs\">\n<div class=\"product-tabs tabs\">\n<h4 class=\"ng-star-inserted\">LIFE CAT est un aliment \u00e0 base de poulet cuit \u00e0 basse temp\u00e9rature. Enrichi en fruits, l\u00e9gumes et huile de poisson, il garantit un \u00e9quilibre optimal en nutriments essentiels pour votre chat.<br \/>\nNourriture compl\u00e8te pour chats adultes. Contient des pr\u00e9biotiques qui contribuent \u00e0 la sant\u00e9 intestinale.<br \/>\n<strong>Taille de la croquette:\u00a0<\/strong>8 mm<\/h4>\n<div class=\"col-12\">\n<h2 class=\"ng-star-inserted\"><b>Composition<\/b><\/h2>\n<p>Prot\u00e9ines animales d\u00e9shydrat\u00e9es (poulet* 22%, porc*), ma\u00efs, riz, orge, graisse de poulet, gluten de ma\u00efs, petits pois, min\u00e9raux, huile de poisson, pulpe de betterave, inuline de chicor\u00e9e (500 mg\/kg), produits \u00e0 base de levure (200 mg\/kg).<\/p>\n<\/div>\n<div class=\"col-12\">\n<h2 class=\"ng-star-inserted\"><b>Composants analytiques<\/b><\/h2>\n<p>Prot\u00e9ine brute: 29%, mati\u00e8res grasses brutes: 12%, cendres brutes: 9%, cellulose brute: 2,5%.<\/p>\n<div class=\"container product-detail\">\n<div class=\"card-body tab-content\">\n<div id=\"ngb-nav-0-panel\" class=\"tab-pane fade show active ng-star-inserted\" role=\"tabpanel\" aria-labelledby=\"ngb-nav-0\">\n<div class=\"row ng-star-inserted\">\n<div class=\"col-12 col-md-5\">\n<div class=\"row align-items-between h-100\">\n<div class=\"col-12\">\n<h2 class=\"ng-star-inserted\"><b>Instructions d\u2019utilisation<\/b><\/h2>\n<p>Conserver dans un endroit sec et frais. Servir en vous aidant des rations quotidiennes recommand\u00e9es. Ces quantit\u00e9s sont indicatives, elles doivent ensuite \u00eatre adapt\u00e9es aux besoins \u00e9nerg\u00e9tiques de votre chat. Peut contenir des traces d\u2019autres ingr\u00e9dients. Laissez toujours de l\u2019eau propre et fraiche \u00e0 disposition du chat.<\/p>\n<\/div>\n<div class=\"col-12 mt-auto\">\n<p>&nbsp;<\/p>\n<\/div>\n<\/div>\n<\/div>\n<\/div>\n<\/div>\n<\/div>\n<\/div>\n<div class=\"mt-4\">\n<div class=\"row mb-5\">\n<div class=\"col-12\"><\/div>\n<\/div>\n<\/div>\n<\/div>\n<\/div>\n<section class=\"category-products block clearfix\"><\/section>\n<\/div>\n<\/div>\n<\/div>\n","protected":false},"excerpt":{"rendered":"<p>Avec des ingr\u00e9dients de qualit\u00e9 sup\u00e9rieure et une densit\u00e9 nutritionnelle \u00e9lev\u00e9e, la formule Gosbi Original Adult donne aux chats une vie plus saine et plus vitale.<br \/>\n<strong>Taille de la croquette:\u00a0<\/strong>12 mm<\/p>\n","protected":false},"featured_media":32737,"template":"","meta":{"jetpack_publicize_message":"","jetpack_publicize_feature_enabled":true,"jetpack_social_post_already_shared":true,"jetpack_social_options":{"image_generator_settings":{"template":"highway","default_image_id":0,"font":"","enabled":false},"version":2}},"product_brand":[],"product_cat":[40,187],"product_tag":[],"class_list":{"0":"post-32148","1":"product","2":"type-product","3":"status-publish","4":"has-post-thumbnail","6":"product_cat-coquettes-pour-chat","7":"product_cat-destockage","9":"first","10":"instock","11":"sale","12":"taxable","13":"shipping-taxable","14":"purchasable","15":"product-type-simple"},"supplier_id":30385,"supplier_sku":"","barcode":null,"atum_controlled":true,"out_stock_date":null,"out_stock_threshold":null,"inheritable":false,"inbound_stock":0,"stock_on_hold":0,"sold_today":0,"sales_last_days":0,"reserved_stock":0,"customer_returns":0,"warehouse_damage":0,"lost_in_post":0,"other_logs":0,"out_stock_days":0,"lost_sales":0,"has_location":false,"update_date":"2026-05-02T00:18:37","atum_locations":[],"atum_stock_status":"instock","restock_status":false,"low_stock_amount":2,"sales_update_date":"2026-05-02T00:18:37","calc_backorders":null,"jetpack_publicize_connections":[],"jetpack_sharing_enabled":true,"batches":[{"id":"6732","date_created":"2025-12-17 23:22:53","date_expiry":"2026-04-30 00:00:00","user_id":"2461","batch_number":"Gosbi Life Croquettes Pour Chat Adulte ( 3kg ) +1 Sachet Natsbi Offert300426","location":"","quantity":"2.0000","quantity_available":"2.0000","units":"1","status":"active","order_ids":null,"supplier":"Gosbi","po":{"id":"6678","date_created":"2025-12-17 23:22:53","batch_id":"6732","po_number":"","supplier":"Gosbi","cost":null,"regular_price":null,"sale_price":null,"price_margin":null,"price_discount":null}}],"_links":{"self":[{"href":"https:\/\/petworld.ma\/index.php\/wp-json\/wp\/v2\/product\/32148","targetHints":{"allow":["GET"]}}],"collection":[{"href":"https:\/\/petworld.ma\/index.php\/wp-json\/wp\/v2\/product"}],"about":[{"href":"https:\/\/petworld.ma\/index.php\/wp-json\/wp\/v2\/types\/product"}],"wp:featuredmedia":[{"embeddable":true,"href":"https:\/\/petworld.ma\/index.php\/wp-json\/wp\/v2\/media\/32737"}],"wp:attachment":[{"href":"https:\/\/petworld.ma\/index.php\/wp-json\/wp\/v2\/media?parent=32148"}],"wp:term":[{"taxonomy":"product_brand","embeddable":true,"href":"https:\/\/petworld.ma\/index.php\/wp-json\/wp\/v2\/product_brand?post=32148"},{"taxonomy":"product_cat","embeddable":true,"href":"https:\/\/petworld.ma\/index.php\/wp-json\/wp\/v2\/product_cat?post=32148"},{"taxonomy":"product_tag","embeddable":true,"href":"https:\/\/petworld.ma\/index.php\/wp-json\/wp\/v2\/product_tag?post=32148"}],"curies":[{"name":"wp","href":"https:\/\/api.w.org\/{rel}","templated":true}]}}