{"id":32397,"date":"2025-12-23T10:32:44","date_gmt":"2025-12-23T10:32:44","guid":{"rendered":"https:\/\/petworld.ma\/?post_type=product&#038;p=32397"},"modified":"2026-05-12T18:21:47","modified_gmt":"2026-05-12T18:21:47","slug":"tapis-de-bac-a-litiere-chat-forme-de-pattes-flamingo-30x40-cm","status":"publish","type":"product","link":"https:\/\/petworld.ma\/index.php\/produit\/tapis-de-bac-a-litiere-chat-forme-de-pattes-flamingo-30x40-cm\/","title":{"rendered":"Tapis De Bac \u00e0 liti\u00e8re Chat Forme de Pattes Flamingo 30\u00d740 cm"},"content":{"rendered":"<p>Offrez une petite aide \u00e0 votre chat avec ce tapis pratique pour la liti\u00e8re ! Fini les pattes blanches \u00e0 cause du gravier dans la maison. Il suffit de l&rsquo;essuyer et c&rsquo;est pr\u00eat !<\/p>\n<p><strong><em>Dimensions :<\/em><\/strong> 30\u00d740 cm.<\/p>\n<ul>\n<li>Mat\u00e9riau : PVC<\/li>\n<li>Capture la liti\u00e8re que le chat emm\u00e8ne avec lui quand il sort de la liti\u00e8re<\/li>\n<li>Garde l&rsquo;environnement sec et propre et agit comme un aimant \u00e0 poussi\u00e8re<\/li>\n<li>Fond anti-d\u00e9rapant<\/li>\n<li>R\u00e9sistant aux \u00e9claboussures<\/li>\n<li>Facile \u00e0 nettoyer<\/li>\n<\/ul>\n","protected":false},"excerpt":{"rendered":"<p><strong><em>Dimensions :<\/em><\/strong> 30\u00d740 cm.<\/p>\n","protected":false},"featured_media":32402,"template":"","meta":{"jetpack_publicize_message":"","jetpack_publicize_feature_enabled":true,"jetpack_social_post_already_shared":true,"jetpack_social_options":{"image_generator_settings":{"template":"highway","default_image_id":0,"font":"","enabled":false},"version":2}},"product_brand":[],"product_cat":[133,94],"product_tag":[],"class_list":{"0":"post-32397","1":"product","2":"type-product","3":"status-publish","4":"has-post-thumbnail","6":"product_cat-gamelle","7":"product_cat-litieres-et-bacs","9":"first","10":"instock","11":"taxable","12":"shipping-taxable","13":"purchasable","14":"product-type-simple"},"supplier_id":8770,"supplier_sku":"560542","barcode":null,"atum_controlled":true,"out_stock_date":null,"out_stock_threshold":null,"inheritable":false,"inbound_stock":0,"stock_on_hold":1,"sold_today":1,"sales_last_days":1,"reserved_stock":0,"customer_returns":0,"warehouse_damage":0,"lost_in_post":0,"other_logs":0,"out_stock_days":0,"lost_sales":0,"has_location":false,"update_date":"2026-05-12T18:37:29","atum_locations":[],"atum_stock_status":"instock","restock_status":false,"low_stock_amount":2,"sales_update_date":"2026-05-12T18:37:28","calc_backorders":null,"jetpack_publicize_connections":[],"jetpack_sharing_enabled":true,"batches":[],"_links":{"self":[{"href":"https:\/\/petworld.ma\/index.php\/wp-json\/wp\/v2\/product\/32397","targetHints":{"allow":["GET"]}}],"collection":[{"href":"https:\/\/petworld.ma\/index.php\/wp-json\/wp\/v2\/product"}],"about":[{"href":"https:\/\/petworld.ma\/index.php\/wp-json\/wp\/v2\/types\/product"}],"wp:featuredmedia":[{"embeddable":true,"href":"https:\/\/petworld.ma\/index.php\/wp-json\/wp\/v2\/media\/32402"}],"wp:attachment":[{"href":"https:\/\/petworld.ma\/index.php\/wp-json\/wp\/v2\/media?parent=32397"}],"wp:term":[{"taxonomy":"product_brand","embeddable":true,"href":"https:\/\/petworld.ma\/index.php\/wp-json\/wp\/v2\/product_brand?post=32397"},{"taxonomy":"product_cat","embeddable":true,"href":"https:\/\/petworld.ma\/index.php\/wp-json\/wp\/v2\/product_cat?post=32397"},{"taxonomy":"product_tag","embeddable":true,"href":"https:\/\/petworld.ma\/index.php\/wp-json\/wp\/v2\/product_tag?post=32397"}],"curies":[{"name":"wp","href":"https:\/\/api.w.org\/{rel}","templated":true}]}}