{"id":32403,"date":"2025-12-23T10:46:06","date_gmt":"2025-12-23T10:46:06","guid":{"rendered":"https:\/\/petworld.ma\/?post_type=product&#038;p=32403"},"modified":"2026-01-06T13:24:51","modified_gmt":"2026-01-06T13:24:51","slug":"arbre-a-chat-turquois-et-gris-la-marque-flamingo-cachette-griffoir-et-relax-jouet-balle","status":"publish","type":"product","link":"https:\/\/petworld.ma\/index.php\/produit\/arbre-a-chat-turquois-et-gris-la-marque-flamingo-cachette-griffoir-et-relax-jouet-balle\/","title":{"rendered":"Arbre \u00e0 chat Turquois et Gris la marque Flamingo (Cachette | Griffoir et Relax | Jouet Balle)"},"content":{"rendered":"<p>Ce griffoir est parfait pour ton chat ! Fabriqu\u00e9 en peluche douce et \u00e9quip\u00e9 d&rsquo;une corde \u00e0 griffer en sisal. Avec une plateforme rembourr\u00e9e et une bo\u00eete de jeu avec des balles pour stimuler mentalement ton chat. Inclus des jouets avec des clochettes pour encore plus de plaisir de jeu.<\/p>\n<p><strong>Dimension: 28x28x39CM<\/strong><\/p>\n<ul>\n<li>Mat\u00e9riau : peluche douce (267 g\/m\u00b2)<\/li>\n<li>Grattoir avec corde \u00e0 gratter en sisal (5 mm)<\/li>\n<li>\u00c9paisseur plaque de base : 8 cm et diam\u00e8tre grattoir : 6 cm<\/li>\n<li>Plateforme rembourr\u00e9e<\/li>\n<li>Bo\u00eete avec des balles \u00e0 l&rsquo;int\u00e9rieur pour stimuler mentalement votre chat<\/li>\n<li>Jouets avec clochette pour chat pour encore plus de plaisir<\/li>\n<\/ul>\n","protected":false},"excerpt":{"rendered":"<p><strong>Dimension: 28x28x39CM<\/strong><\/p>\n","protected":false},"featured_media":32405,"template":"","meta":{"jetpack_publicize_message":"","jetpack_publicize_feature_enabled":true,"jetpack_social_post_already_shared":true,"jetpack_social_options":{"image_generator_settings":{"template":"highway","default_image_id":0,"font":"","enabled":false},"version":2}},"product_brand":[],"product_cat":[95],"product_tag":[],"class_list":{"0":"post-32403","1":"product","2":"type-product","3":"status-publish","4":"has-post-thumbnail","6":"product_cat-arbres-a-chat","8":"first","9":"instock","10":"taxable","11":"shipping-taxable","12":"purchasable","13":"product-type-simple"},"supplier_id":8770,"supplier_sku":"560820","barcode":null,"atum_controlled":true,"out_stock_date":null,"out_stock_threshold":null,"inheritable":false,"inbound_stock":0,"stock_on_hold":0,"sold_today":0,"sales_last_days":0,"reserved_stock":0,"customer_returns":0,"warehouse_damage":0,"lost_in_post":0,"other_logs":0,"out_stock_days":0,"lost_sales":0,"has_location":false,"update_date":"2026-04-04T10:32:26","atum_locations":[],"atum_stock_status":"instock","restock_status":false,"low_stock_amount":1,"sales_update_date":"2026-04-04T10:32:25","calc_backorders":null,"jetpack_publicize_connections":[],"jetpack_sharing_enabled":true,"batches":[],"_links":{"self":[{"href":"https:\/\/petworld.ma\/index.php\/wp-json\/wp\/v2\/product\/32403","targetHints":{"allow":["GET"]}}],"collection":[{"href":"https:\/\/petworld.ma\/index.php\/wp-json\/wp\/v2\/product"}],"about":[{"href":"https:\/\/petworld.ma\/index.php\/wp-json\/wp\/v2\/types\/product"}],"wp:featuredmedia":[{"embeddable":true,"href":"https:\/\/petworld.ma\/index.php\/wp-json\/wp\/v2\/media\/32405"}],"wp:attachment":[{"href":"https:\/\/petworld.ma\/index.php\/wp-json\/wp\/v2\/media?parent=32403"}],"wp:term":[{"taxonomy":"product_brand","embeddable":true,"href":"https:\/\/petworld.ma\/index.php\/wp-json\/wp\/v2\/product_brand?post=32403"},{"taxonomy":"product_cat","embeddable":true,"href":"https:\/\/petworld.ma\/index.php\/wp-json\/wp\/v2\/product_cat?post=32403"},{"taxonomy":"product_tag","embeddable":true,"href":"https:\/\/petworld.ma\/index.php\/wp-json\/wp\/v2\/product_tag?post=32403"}],"curies":[{"name":"wp","href":"https:\/\/api.w.org\/{rel}","templated":true}]}}