{"id":32406,"date":"2025-12-23T10:53:24","date_gmt":"2025-12-23T10:53:24","guid":{"rendered":"https:\/\/petworld.ma\/?post_type=product&#038;p=32406"},"modified":"2025-12-26T18:08:00","modified_gmt":"2025-12-26T18:08:00","slug":"hamac-a-chat-en-bois-et-tissu","status":"publish","type":"product","link":"https:\/\/petworld.ma\/index.php\/produit\/hamac-a-chat-en-bois-et-tissu\/","title":{"rendered":"Hamac \u00e0 chat En Bois et Tissu"},"content":{"rendered":"<div class=\"expand-collapse-content dangerous-html w_4qRt\">\n<p><span dir=\"auto\">Hamac pour animaux de compagnie avec base en bois massif naturel, sain et respectueux de l&rsquo;environnement. \u00c9pais et robuste, son tissage haute densit\u00e9 est solide et r\u00e9sistant, ne s&rsquo;affaisse pas. Les coutures serr\u00e9es et la sangle de soutien sont tr\u00e8s solides et durables.<\/span><br \/>\n<span dir=\"auto\">Conception Parfaite : Fix\u00e9 en quatre points et maintenu par des ventouses aux quatre coins, le hamac offre une stabilit\u00e9 optimale. La tension est r\u00e9partie uniform\u00e9ment, garantissant une grande stabilit\u00e9.<\/span><br \/>\n<span dir=\"auto\">Adapt\u00e9 aux Animaux : Ce hamac de fen\u00eatre offre une grande surface et supporte jusqu&rsquo;\u00e0 10 kg. Votre animal peut s&rsquo;y allonger confortablement.<\/span><br \/>\n<span dir=\"auto\">Gain de Place : Facile \u00e0 ranger et pliable, ce mobilier suspendu pour animaux de compagnie est un <\/span><span dir=\"auto\">cadeau id\u00e9al pour vos amis ou votre famille qui poss\u00e8dent des animaux. Il convient non seulement aux chats, mais aussi aux chiots et autres animaux de compagnie.<\/span><\/p>\n<p><b><span dir=\"auto\">Sp\u00e9cification:<\/span><\/b><\/p>\n<p><span dir=\"auto\">45,5 cm x 37 cm x 56 cm<\/span><\/p>\n<p><b><span dir=\"auto\">Le paquet comprend\u00a0:<\/span><\/b><\/p>\n<p><span dir=\"auto\">Lit suspendu pour chat (1 pi\u00e8ce)<\/span><\/p>\n<\/div>\n<p>&nbsp;<\/p>\n","protected":false},"excerpt":{"rendered":"<p><span dir=\"auto\">Lit de fen\u00eatre pour chat spacieux et confortable pour prendre le soleil.<\/span><\/p>\n","protected":false},"featured_media":32408,"template":"","meta":{"jetpack_publicize_message":"","jetpack_publicize_feature_enabled":true,"jetpack_social_post_already_shared":true,"jetpack_social_options":{"image_generator_settings":{"template":"highway","default_image_id":0,"font":"","enabled":false},"version":2}},"product_brand":[],"product_cat":[95,124],"product_tag":[],"class_list":{"0":"post-32406","1":"product","2":"type-product","3":"status-publish","4":"has-post-thumbnail","6":"product_cat-arbres-a-chat","7":"product_cat-lits-et-cages","9":"first","10":"instock","11":"taxable","12":"shipping-taxable","13":"purchasable","14":"product-type-simple"},"supplier_id":5592,"supplier_sku":"","barcode":null,"atum_controlled":true,"out_stock_date":null,"out_stock_threshold":null,"inheritable":false,"inbound_stock":0,"stock_on_hold":0,"sold_today":0,"sales_last_days":0,"reserved_stock":0,"customer_returns":0,"warehouse_damage":0,"lost_in_post":0,"other_logs":0,"out_stock_days":0,"lost_sales":0,"has_location":false,"update_date":"2026-04-04T10:34:58","atum_locations":[],"atum_stock_status":"instock","restock_status":false,"low_stock_amount":1,"sales_update_date":"2026-04-04T10:34:58","calc_backorders":null,"jetpack_publicize_connections":[],"jetpack_sharing_enabled":true,"batches":[],"_links":{"self":[{"href":"https:\/\/petworld.ma\/index.php\/wp-json\/wp\/v2\/product\/32406","targetHints":{"allow":["GET"]}}],"collection":[{"href":"https:\/\/petworld.ma\/index.php\/wp-json\/wp\/v2\/product"}],"about":[{"href":"https:\/\/petworld.ma\/index.php\/wp-json\/wp\/v2\/types\/product"}],"wp:featuredmedia":[{"embeddable":true,"href":"https:\/\/petworld.ma\/index.php\/wp-json\/wp\/v2\/media\/32408"}],"wp:attachment":[{"href":"https:\/\/petworld.ma\/index.php\/wp-json\/wp\/v2\/media?parent=32406"}],"wp:term":[{"taxonomy":"product_brand","embeddable":true,"href":"https:\/\/petworld.ma\/index.php\/wp-json\/wp\/v2\/product_brand?post=32406"},{"taxonomy":"product_cat","embeddable":true,"href":"https:\/\/petworld.ma\/index.php\/wp-json\/wp\/v2\/product_cat?post=32406"},{"taxonomy":"product_tag","embeddable":true,"href":"https:\/\/petworld.ma\/index.php\/wp-json\/wp\/v2\/product_tag?post=32406"}],"curies":[{"name":"wp","href":"https:\/\/api.w.org\/{rel}","templated":true}]}}