{"id":32434,"date":"2025-12-23T16:08:47","date_gmt":"2025-12-23T16:08:47","guid":{"rendered":"https:\/\/petworld.ma\/?post_type=product&#038;p=32434"},"modified":"2026-05-11T01:34:15","modified_gmt":"2026-05-11T01:34:15","slug":"litiere-agglomerante-parfumee-et-ultra-absorbante-kitty-life-plusieurs-parfums-10kg-5-kg","status":"publish","type":"product","link":"https:\/\/petworld.ma\/index.php\/produit\/litiere-agglomerante-parfumee-et-ultra-absorbante-kitty-life-plusieurs-parfums-10kg-5-kg\/","title":{"rendered":"Liti\u00e8re agglom\u00e9rante parfum\u00e9e et ultra-absorbante Kitty Life (Plusieurs Parfums) 10kg | 5 Kg"},"content":{"rendered":"<p>Offrez \u00e0 votre chat le confort qu\u2019il m\u00e9rite avec la liti\u00e8re agglom\u00e9rante Kittylife Clumping au parfum Baby Powder. Con\u00e7ue pour garantir une maison propre et fra\u00eeche, cette liti\u00e8re Super Premium est fabriqu\u00e9e \u00e0 partir de bentonite blanche naturelle, 100 % biod\u00e9gradable et respectueuse de l\u2019environnement.<\/p>\n<p>Gr\u00e2ce \u00e0 son pouvoir super agglom\u00e9rant, elle forme des amas solides faciles \u00e0 retirer, r\u00e9duisant ainsi les odeurs et minimisant les d\u00e9chets. Avec une absorption sup\u00e9rieure, elle garde le bac \u00e0 liti\u00e8re sec et \u00e9vite le gaspillage. De plus, elle est 99,5 % sans poussi\u00e8re, offrant un environnement sain pour vous et votre chat.<\/p>\n<p>Disponible en versions parfum\u00e9es Baby Powder et Savon de Marseille et lavande ,<\/p>\n<p>Utilisation : remplissez le bac \u00e0 liti\u00e8re avec 7 cm de liti\u00e8re, retirez quotidiennement les mottes et les d\u00e9chets solides, et maintenez toujours le niveau \u00e0 7 cm pour des r\u00e9sultats optimaux.<\/p>\n<p>Choisissez Kittylife pour une solution efficace, naturelle et \u00e9cologique qui assure bien-\u00eatre et propret\u00e9 au quotidien.<\/p>\n<p><u><strong>Trois parfums:<\/strong><\/u><\/p>\n<ul>\n<li>Lavande<\/li>\n<li>Baby Powder<\/li>\n<li>Savon de Marseille<\/li>\n<\/ul>\n<p><img loading=\"lazy\" decoding=\"async\" class=\"fr-fic fr-dib aligncenter\" src=\"https:\/\/cdn.youcan.shop\/stores\/d0742d556df94ddbc7ae4c9810aff04b\/others\/9KixDK0GoKx88tXn7gkGRnhOgegW3JmtEISXONsP.jpeg\" width=\"299\" height=\"79\" data-name=\"stores\/d0742d556df94ddbc7ae4c9810aff04b\/others\/9KixDK0GoKx88tXn7gkGRnhOgegW3JmtEISXONsP.jpeg\" \/><\/p>\n","protected":false},"excerpt":{"rendered":"<p>Liti\u00e8re agglom\u00e9rante parfum\u00e9e et ultra-absorbante.<\/p>\n","protected":false},"featured_media":32443,"template":"","meta":{"jetpack_publicize_message":"","jetpack_publicize_feature_enabled":true,"jetpack_social_post_already_shared":true,"jetpack_social_options":{"image_generator_settings":{"template":"highway","default_image_id":0,"font":"","enabled":false},"version":2}},"product_brand":[],"product_cat":[94],"product_tag":[],"class_list":{"0":"post-32434","1":"product","2":"type-product","3":"status-publish","4":"has-post-thumbnail","6":"product_cat-litieres-et-bacs","8":"first","9":"instock","10":"taxable","11":"shipping-taxable","12":"purchasable","13":"product-type-variable"},"supplier_id":null,"supplier_sku":"","barcode":null,"atum_controlled":true,"out_stock_date":null,"out_stock_threshold":null,"inheritable":true,"inbound_stock":0,"stock_on_hold":5,"sold_today":0,"sales_last_days":7,"reserved_stock":0,"customer_returns":0,"warehouse_damage":0,"lost_in_post":0,"other_logs":0,"out_stock_days":0,"lost_sales":0,"has_location":false,"update_date":"2026-05-13T00:23:04","atum_locations":[],"atum_stock_status":"instock","restock_status":false,"low_stock_amount":"","sales_update_date":"2026-05-13T00:23:04","calc_backorders":null,"jetpack_publicize_connections":[],"jetpack_sharing_enabled":true,"batches":[],"_links":{"self":[{"href":"https:\/\/petworld.ma\/index.php\/wp-json\/wp\/v2\/product\/32434","targetHints":{"allow":["GET"]}}],"collection":[{"href":"https:\/\/petworld.ma\/index.php\/wp-json\/wp\/v2\/product"}],"about":[{"href":"https:\/\/petworld.ma\/index.php\/wp-json\/wp\/v2\/types\/product"}],"wp:featuredmedia":[{"embeddable":true,"href":"https:\/\/petworld.ma\/index.php\/wp-json\/wp\/v2\/media\/32443"}],"wp:attachment":[{"href":"https:\/\/petworld.ma\/index.php\/wp-json\/wp\/v2\/media?parent=32434"}],"wp:term":[{"taxonomy":"product_brand","embeddable":true,"href":"https:\/\/petworld.ma\/index.php\/wp-json\/wp\/v2\/product_brand?post=32434"},{"taxonomy":"product_cat","embeddable":true,"href":"https:\/\/petworld.ma\/index.php\/wp-json\/wp\/v2\/product_cat?post=32434"},{"taxonomy":"product_tag","embeddable":true,"href":"https:\/\/petworld.ma\/index.php\/wp-json\/wp\/v2\/product_tag?post=32434"}],"curies":[{"name":"wp","href":"https:\/\/api.w.org\/{rel}","templated":true}]}}