{"id":32456,"date":"2025-12-24T08:48:45","date_gmt":"2025-12-24T08:48:45","guid":{"rendered":"https:\/\/petworld.ma\/?post_type=product&#038;p=32456"},"modified":"2026-03-16T20:19:07","modified_gmt":"2026-03-16T20:19:07","slug":"hills-science-plan-croquettes-pour-chaton-au-poulet-1-5kg-7kg-promo","status":"publish","type":"product","link":"https:\/\/petworld.ma\/index.php\/produit\/hills-science-plan-croquettes-pour-chaton-au-poulet-1-5kg-7kg-promo\/","title":{"rendered":"Hill\u2019s Science Plan Croquettes Pour Chaton Au Poulet (1.5kg | 7kg) Promo"},"content":{"rendered":"<p>Hill&rsquo;s\u2122 Science Plan\u2122\u00a0CHATON POULET (Poulet 29 % ; total volaille 45%) est un aliment complet pour les chatons de 3 semaines jusqu&rsquo;\u00e0 l&rsquo;\u00e2ge de 12 mois et pour les chattes en gestation ou en lactation.<\/p>\n<p><strong>Description<\/strong><\/p>\n<ul type=\"disc\">\n<li>\u00a0Soutient l&rsquo;immunit\u00e9 et la croissance saine des chatons.<\/li>\n<li>\u00a0DHA issu de l&rsquo;huile de poisson pour un d\u00e9veloppement sain du cerveau et des yeux.<\/li>\n<li>\u00a0Min\u00e9raux \u00e9quilibr\u00e9s pour des os et des dents solides.<\/li>\n<\/ul>\n<p><a href=\"https:\/\/wa.me\/212708052510\" target=\"_blank\" rel=\"noopener noreferrer\"><img decoding=\"async\" class=\"fr-fic fr-dib aligncenter\" src=\"https:\/\/cdn.youcan.shop\/stores\/d0742d556df94ddbc7ae4c9810aff04b\/others\/V4tBd9NOh7j9ybQGIw9yMBVutn8GGRBelisHrY9j.png\" width=\"307\" height=\"81\" data-name=\"stores\/d0742d556df94ddbc7ae4c9810aff04b\/others\/V4tBd9NOh7j9ybQGIw9yMBVutn8GGRBelisHrY9j.png\" \/><\/a><\/p>\n","protected":false},"excerpt":{"rendered":"<p>Hill&rsquo;s\u2122 Science Plan\u2122\u00a0CHATON POULET (Poulet 29 % ; total volaille 45%) est un aliment complet pour les chatons de 3 semaines jusqu&rsquo;\u00e0 l&rsquo;\u00e2ge de 12 mois et pour les chattes en gestation ou en lactation. Description \u00a0Soutient l&rsquo;immunit\u00e9 et la croissance saine des chatons. \u00a0DHA issu de l&rsquo;huile de poisson pour un d\u00e9veloppement sain du [&#8230;]\n","protected":false},"featured_media":32603,"template":"","meta":{"jetpack_publicize_message":"","jetpack_publicize_feature_enabled":true,"jetpack_social_post_already_shared":true,"jetpack_social_options":{"image_generator_settings":{"template":"highway","default_image_id":0,"font":"","enabled":false},"version":2}},"product_brand":[],"product_cat":[40,187],"product_tag":[],"class_list":{"0":"post-32456","1":"product","2":"type-product","3":"status-publish","4":"has-post-thumbnail","6":"product_cat-coquettes-pour-chat","7":"product_cat-destockage","9":"first","10":"instock","11":"sale","12":"taxable","13":"shipping-taxable","14":"purchasable","15":"product-type-variable"},"supplier_id":null,"supplier_sku":"","barcode":null,"atum_controlled":true,"out_stock_date":null,"out_stock_threshold":null,"inheritable":true,"inbound_stock":0,"stock_on_hold":0,"sold_today":0,"sales_last_days":0,"reserved_stock":0,"customer_returns":0,"warehouse_damage":0,"lost_in_post":0,"other_logs":0,"out_stock_days":0,"lost_sales":0,"has_location":false,"update_date":"2026-05-01T00:14:52","atum_locations":[],"atum_stock_status":"instock","restock_status":false,"low_stock_amount":"","sales_update_date":"2026-05-01T00:14:52","calc_backorders":null,"jetpack_publicize_connections":[],"jetpack_sharing_enabled":true,"batches":[],"_links":{"self":[{"href":"https:\/\/petworld.ma\/index.php\/wp-json\/wp\/v2\/product\/32456","targetHints":{"allow":["GET"]}}],"collection":[{"href":"https:\/\/petworld.ma\/index.php\/wp-json\/wp\/v2\/product"}],"about":[{"href":"https:\/\/petworld.ma\/index.php\/wp-json\/wp\/v2\/types\/product"}],"wp:featuredmedia":[{"embeddable":true,"href":"https:\/\/petworld.ma\/index.php\/wp-json\/wp\/v2\/media\/32603"}],"wp:attachment":[{"href":"https:\/\/petworld.ma\/index.php\/wp-json\/wp\/v2\/media?parent=32456"}],"wp:term":[{"taxonomy":"product_brand","embeddable":true,"href":"https:\/\/petworld.ma\/index.php\/wp-json\/wp\/v2\/product_brand?post=32456"},{"taxonomy":"product_cat","embeddable":true,"href":"https:\/\/petworld.ma\/index.php\/wp-json\/wp\/v2\/product_cat?post=32456"},{"taxonomy":"product_tag","embeddable":true,"href":"https:\/\/petworld.ma\/index.php\/wp-json\/wp\/v2\/product_tag?post=32456"}],"curies":[{"name":"wp","href":"https:\/\/api.w.org\/{rel}","templated":true}]}}