{"id":32476,"date":"2025-12-24T11:38:36","date_gmt":"2025-12-24T11:38:36","guid":{"rendered":"https:\/\/petworld.ma\/?post_type=product&#038;p=32476"},"modified":"2026-04-10T17:54:07","modified_gmt":"2026-04-10T17:54:07","slug":"hills-science-plan-croquettes-pour-chat-adulte-poulet-1-5kg-15kg-promo","status":"publish","type":"product","link":"https:\/\/petworld.ma\/index.php\/produit\/hills-science-plan-croquettes-pour-chat-adulte-poulet-1-5kg-15kg-promo\/","title":{"rendered":"Hill&rsquo;s Science plan Croquettes pour Chat Adulte Poulet (1.5kg | 15kg) Promo"},"content":{"rendered":"<div class=\"productAwareRichText richText component section default-style even col-xs-12 initialized\">\n<div class=\"component-content\">\n<div class=\"richText-content\">\n<p>Les croquettes pour chats HILL\u2019S\u00a0<span class=\"nowrap\">SCIENCE PLAN<\/span> Adult sont sp\u00e9cialement formul\u00e9es pour r\u00e9pondre aux besoins \u00e9nerg\u00e9tiques des chats dans la force de l\u2019\u00e2ge. Elabor\u00e9 \u00e0 partir d\u2019ingr\u00e9dient de haute qualit\u00e9, faciles \u00e0 dig\u00e9rer. Contient de la taurine essentielle pour la sant\u00e9 cardiaque et une teneur \u00e9quilibr\u00e9e en min\u00e9raux pour la sant\u00e9 des reins et de la vessie. Des prot\u00e9ines de haute qualit\u00e9 pour pr\u00e9server la masse musculaire Avec de la vitamine E et des acides gras om\u00e9ga-3 &amp; -6 pour une peau saine et un pelage brillant.<\/p>\n<\/div>\n<\/div>\n<\/div>\n<div class=\"conditionalBox box component section default-style odd col-xs-12\">\n<div id=\"1517239228\" class=\"component-content\">\n<div class=\"paragraphSystem content\">\n<div class=\"productAwareRichText richText component section col-xs-12 productawarerichtext default-style initialized\">\n<div class=\"component-content\">\n<div class=\"richText-content\">\n<h4><strong>Recommandations<\/strong> : Chats adultes 1 &#8211; 6 ans.<\/h4>\n<\/div>\n<\/div>\n<\/div>\n<\/div>\n<\/div>\n<\/div>\n<div class=\"conditionalBox box component section default-style even col-xs-12\">\n<div id=\"1014499245\" class=\"component-content\">\n<div class=\"paragraphSystem content\">\n<div class=\"productAwareRichText richText component section default-style first odd last col-xs-12 initialized\">\n<div class=\"component-content\">\n<div class=\"richText-content\">\n<h4><strong>Ne pas utiliser cet aliment<\/strong> : Chez les chatons et les femelles en gestation ou en lactation. Pendant la gestation et la lactation, utiliser les croquettes ou les aliments humides\u00a0<span class=\"nowrap\">HILL&rsquo;S SCIENCE PLAN<\/span> Kitten.<\/h4>\n<div class=\"productAwareRichText richText component section schema-ingredients-tab first odd col-xs-12 col-lg-12 col-lg-offset-0 initialized\">\n<div class=\"component-content\">\n<div class=\"richText-content\">\n<p><strong>COMPOSITION<\/strong>: Prot\u00e9ines d\u00e9shydrat\u00e9es de poulet et de dinde, froment, ma\u00efs, graisses animales, farine de gluten de ma\u00efs, riz de brasserie, hydrolysat de prot\u00e9ines animales , substances min\u00e9rales, pulpe de betterave s\u00e9ch\u00e9e, huile de poisson.<\/p>\n<\/div>\n<\/div>\n<\/div>\n<div class=\"productAwareRichText richText component section default-style even col-xs-12 col-lg-12 col-lg-offset-0 initialized\">\n<div class=\"component-content\">\n<div class=\"richText-content\">\n<p><strong>CONSTITUANTS ANALYTIQUES<\/strong>: Prot\u00e9ines 32,3%, Teneur en mati\u00e8res grasses 20,5%, Cellulose brute 1,4%, Cendres brutes 5,3%, Acides gras om\u00e9ga-3 0,5%, Acides gras om\u00e9ga-6 3,2%, Calcium 0,76%, Phosphore 0,74%, Sodium 0,30%, Potassium 0,81%, Magn\u00e9sium 0,08%; par kg: Vitamine A 6 208UI, Vitamine D3 587UI, Vitamine E 600mg, Vitamine C 100mg, B\u00eata-carot\u00e8ne 1,5mg, Taurine 2 000mg.<\/p>\n<\/div>\n<\/div>\n<\/div>\n<div class=\"productAwareRichText richText component section default-style odd last col-xs-12 col-lg-12 col-lg-offset-0 initialized\">\n<div class=\"component-content\">\n<div class=\"richText-content\">\n<p><strong>ADDITIFS PAR KG<\/strong>: Additifs nutritionnels: 3b103 (Fer) 91,1mg, 3b202 (Iode) 4,0mg, 3b405 (Cuivre) 9,0mg, 3b502 (Mangan\u00e8se) 9,4mg, 3b603 (Zinc) 141mg; avec un antioxydant naturel.<\/p>\n<h3>Guide alimentaire<\/h3>\n<table>\n<tbody>\n<tr>\n<td>Poids (kg)<\/td>\n<td>Sec (g)<\/td>\n<\/tr>\n<tr>\n<td>2<\/td>\n<td>35<\/td>\n<\/tr>\n<tr>\n<td>3<\/td>\n<td>45<\/td>\n<\/tr>\n<tr>\n<td>4<\/td>\n<td>55<\/td>\n<\/tr>\n<tr>\n<td>5<\/td>\n<td>70<\/td>\n<\/tr>\n<tr>\n<td>6<\/td>\n<td>80<\/td>\n<\/tr>\n<tr>\n<td>7 +<\/td>\n<td>12 par kg<\/td>\n<\/tr>\n<\/tbody>\n<\/table>\n<\/div>\n<\/div>\n<\/div>\n<\/div>\n<\/div>\n<\/div>\n<\/div>\n<\/div>\n<\/div>\n","protected":false},"excerpt":{"rendered":"<p><span class=\"nowrap\">Hill&rsquo;s Science Plan<\/span>\u00a0ALIMENT POUR CHAT ADULTE au POULET (Poulet 18 %, total volaille 28 %) est un aliment complet pour les chats adultes de 1 \u00e0 6 ans.<\/p>\n","protected":false},"featured_media":39365,"template":"","meta":{"jetpack_publicize_message":"","jetpack_publicize_feature_enabled":true,"jetpack_social_post_already_shared":true,"jetpack_social_options":{"image_generator_settings":{"template":"highway","default_image_id":0,"font":"","enabled":false},"version":2}},"product_brand":[],"product_cat":[40,187],"product_tag":[],"class_list":{"0":"post-32476","1":"product","2":"type-product","3":"status-publish","4":"has-post-thumbnail","6":"product_cat-coquettes-pour-chat","7":"product_cat-destockage","9":"first","10":"instock","11":"sale","12":"taxable","13":"shipping-taxable","14":"purchasable","15":"product-type-variable"},"supplier_id":null,"supplier_sku":"","barcode":null,"atum_controlled":true,"out_stock_date":null,"out_stock_threshold":null,"inheritable":true,"inbound_stock":0,"stock_on_hold":0,"sold_today":0,"sales_last_days":0,"reserved_stock":0,"customer_returns":0,"warehouse_damage":0,"lost_in_post":0,"other_logs":0,"out_stock_days":0,"lost_sales":0,"has_location":false,"update_date":"2026-05-01T00:14:53","atum_locations":[],"atum_stock_status":"instock","restock_status":false,"low_stock_amount":"","sales_update_date":"2026-05-01T00:14:53","calc_backorders":null,"jetpack_publicize_connections":[],"jetpack_sharing_enabled":true,"batches":[],"_links":{"self":[{"href":"https:\/\/petworld.ma\/index.php\/wp-json\/wp\/v2\/product\/32476","targetHints":{"allow":["GET"]}}],"collection":[{"href":"https:\/\/petworld.ma\/index.php\/wp-json\/wp\/v2\/product"}],"about":[{"href":"https:\/\/petworld.ma\/index.php\/wp-json\/wp\/v2\/types\/product"}],"wp:featuredmedia":[{"embeddable":true,"href":"https:\/\/petworld.ma\/index.php\/wp-json\/wp\/v2\/media\/39365"}],"wp:attachment":[{"href":"https:\/\/petworld.ma\/index.php\/wp-json\/wp\/v2\/media?parent=32476"}],"wp:term":[{"taxonomy":"product_brand","embeddable":true,"href":"https:\/\/petworld.ma\/index.php\/wp-json\/wp\/v2\/product_brand?post=32476"},{"taxonomy":"product_cat","embeddable":true,"href":"https:\/\/petworld.ma\/index.php\/wp-json\/wp\/v2\/product_cat?post=32476"},{"taxonomy":"product_tag","embeddable":true,"href":"https:\/\/petworld.ma\/index.php\/wp-json\/wp\/v2\/product_tag?post=32476"}],"curies":[{"name":"wp","href":"https:\/\/api.w.org\/{rel}","templated":true}]}}