{"id":32497,"date":"2025-12-24T13:25:05","date_gmt":"2025-12-24T13:25:05","guid":{"rendered":"https:\/\/petworld.ma\/?post_type=product&#038;p=32497"},"modified":"2026-03-12T17:16:29","modified_gmt":"2026-03-12T17:16:29","slug":"hills-science-plan-aliment-pour-chiot-small-mini-au-poulet-1-5kgpromo","status":"publish","type":"product","link":"https:\/\/petworld.ma\/index.php\/produit\/hills-science-plan-aliment-pour-chiot-small-mini-au-poulet-1-5kgpromo\/","title":{"rendered":"Hill\u2019s Science Plan Aliment Pour Chiot Small Mini Au Poulet (1.5kg)Promo"},"content":{"rendered":"<p>Hill&rsquo;s Science Plan ALIMENT POUR CHIOT SMALL &amp; MINI au POULET (poulet 17 % ; total volaille 27 %) est un aliment complet et de haute qualit\u00e9 pour les chiots de petite taille de 4 semaines jusqu&rsquo;\u00e0 l&rsquo;\u00e2ge de 12 mois, et pour la chienne en gestation ou en lactation.<\/p>\n<p><strong>Description<\/strong><\/p>\n<ul type=\"disc\">\n<li>Contient notre m\u00e9lange sp\u00e9cial d&rsquo;antioxydants Small &amp; Mini pour un soutien immunitaire \u00e0 vie.<\/li>\n<li>DHA issu de l&rsquo;huile de poisson pour un d\u00e9veloppement sain du cerveau et des yeux.<\/li>\n<li>Prot\u00e9ine de haute qualit\u00e9 pour la construction de muscles maigres.<\/li>\n<li>Min\u00e9raux \u00e9quilibr\u00e9s pour des os et des dents solides.<\/li>\n<\/ul>\n<p><a href=\"https:\/\/wa.me\/212708052510\" target=\"_blank\" rel=\"noopener noreferrer\"><img decoding=\"async\" class=\"fr-fic fr-dib aligncenter\" src=\"https:\/\/cdn.youcan.shop\/stores\/d0742d556df94ddbc7ae4c9810aff04b\/others\/c6sLitHv79BfcjC8Z6mupsuXIPTqZCbAQAkDnQny.png\" width=\"322\" height=\"85\" data-name=\"stores\/d0742d556df94ddbc7ae4c9810aff04b\/others\/c6sLitHv79BfcjC8Z6mupsuXIPTqZCbAQAkDnQny.png\" \/><\/a><\/p>\n","protected":false},"excerpt":{"rendered":"<p>Hill&rsquo;s Science Plan ALIMENT POUR CHIOT SMALL &amp; MINI au POULET (poulet 17 % ; total volaille 27 %) est un aliment complet et de haute qualit\u00e9 pour les chiots de petite taille de 4 semaines jusqu&rsquo;\u00e0 l&rsquo;\u00e2ge de 12 mois, et pour la chienne en gestation ou en lactation. Description Contient notre m\u00e9lange sp\u00e9cial [&#8230;]\n","protected":false},"featured_media":32618,"template":"","meta":{"jetpack_publicize_message":"","jetpack_publicize_feature_enabled":true,"jetpack_social_post_already_shared":true,"jetpack_social_options":{"image_generator_settings":{"template":"highway","default_image_id":0,"font":"","enabled":false},"version":2}},"product_brand":[],"product_cat":[26,187],"product_tag":[],"class_list":{"0":"post-32497","1":"product","2":"type-product","3":"status-publish","4":"has-post-thumbnail","6":"product_cat-croquettes","7":"product_cat-destockage","9":"first","10":"instock","11":"sale","12":"taxable","13":"shipping-taxable","14":"purchasable","15":"product-type-simple"},"supplier_id":5603,"supplier_sku":"","barcode":null,"atum_controlled":true,"out_stock_date":null,"out_stock_threshold":null,"inheritable":false,"inbound_stock":0,"stock_on_hold":0,"sold_today":0,"sales_last_days":0,"reserved_stock":0,"customer_returns":0,"warehouse_damage":0,"lost_in_post":0,"other_logs":0,"out_stock_days":0,"lost_sales":0,"has_location":false,"update_date":"2026-04-23T00:11:18","atum_locations":[],"atum_stock_status":"instock","restock_status":false,"low_stock_amount":"","sales_update_date":"2026-04-23T00:11:18","calc_backorders":null,"jetpack_publicize_connections":[],"jetpack_sharing_enabled":true,"batches":[{"id":"6905","date_created":"2025-12-24 13:41:48","date_expiry":"2026-11-02 00:00:00","user_id":"2461","batch_number":"Hill\u2019s Science Plan Aliment Pour Chiot Small Mini Au Poulet (1.5kg)Promo021126","location":"","quantity":"3.0000","quantity_available":"3.0000","units":"1","status":"active","order_ids":null,"supplier":"HILLS","po":{"id":"6844","date_created":"2025-12-24 13:41:48","batch_id":"6905","po_number":"","supplier":"HILLS","cost":null,"regular_price":null,"sale_price":null,"price_margin":null,"price_discount":null}},{"id":"6991","date_created":"2025-12-28 13:45:36","date_expiry":"2026-09-02 00:00:00","user_id":"2461","batch_number":"Hill\u2019s Science Plan Aliment Pour Chiot Small Mini Au Poulet (1.5kg)Promo020926","location":"","quantity":"1.0000","quantity_available":"0.0000","units":"1","status":"archived","order_ids":"[34598]","supplier":"HILLS","po":{"id":"6930","date_created":"2025-12-28 13:45:36","batch_id":"6991","po_number":"","supplier":"HILLS","cost":null,"regular_price":null,"sale_price":null,"price_margin":null,"price_discount":null}}],"_links":{"self":[{"href":"https:\/\/petworld.ma\/index.php\/wp-json\/wp\/v2\/product\/32497","targetHints":{"allow":["GET"]}}],"collection":[{"href":"https:\/\/petworld.ma\/index.php\/wp-json\/wp\/v2\/product"}],"about":[{"href":"https:\/\/petworld.ma\/index.php\/wp-json\/wp\/v2\/types\/product"}],"wp:featuredmedia":[{"embeddable":true,"href":"https:\/\/petworld.ma\/index.php\/wp-json\/wp\/v2\/media\/32618"}],"wp:attachment":[{"href":"https:\/\/petworld.ma\/index.php\/wp-json\/wp\/v2\/media?parent=32497"}],"wp:term":[{"taxonomy":"product_brand","embeddable":true,"href":"https:\/\/petworld.ma\/index.php\/wp-json\/wp\/v2\/product_brand?post=32497"},{"taxonomy":"product_cat","embeddable":true,"href":"https:\/\/petworld.ma\/index.php\/wp-json\/wp\/v2\/product_cat?post=32497"},{"taxonomy":"product_tag","embeddable":true,"href":"https:\/\/petworld.ma\/index.php\/wp-json\/wp\/v2\/product_tag?post=32497"}],"curies":[{"name":"wp","href":"https:\/\/api.w.org\/{rel}","templated":true}]}}