{"id":32517,"date":"2025-12-24T14:42:40","date_gmt":"2025-12-24T14:42:40","guid":{"rendered":"https:\/\/petworld.ma\/?post_type=product&#038;p=32517"},"modified":"2026-04-01T13:45:02","modified_gmt":"2026-04-01T13:45:02","slug":"purina-pro-plan-mousse-riche-en-poulet-kitten-85-g","status":"publish","type":"product","link":"https:\/\/petworld.ma\/index.php\/produit\/purina-pro-plan-mousse-riche-en-poulet-kitten-85-g\/","title":{"rendered":"Purina Pro Plan Mousse Riche en Poulet Kitten 85 g"},"content":{"rendered":"<p><strong>Caract\u00e9ristiques\u00a0<\/strong><\/p>\n<ul>\n<li>Aliment complet pour chatons<\/li>\n<li>Riche en Poulet<\/li>\n<li>Avec des ingr\u00e9dients soigneusement s\u00e9lectionn\u00e9s<\/li>\n<li>Sans colorants ajout\u00e9s<\/li>\n<\/ul>\n<p>Chez Purina\u00ae PRO PLAN\u00ae, nos nutritionnistes et v\u00e9t\u00e9rinaires s&rsquo;appuient sur les connaissances scientifiques les plus r\u00e9centes pour d\u00e9velopper la combinaison de nutriments la plus avanc\u00e9e et la plus efficace pour votre animal.<br \/>\nNos formules aident \u00e0 procurer des bienfaits cibl\u00e9s afin de soutenir les d\u00e9fenses naturelles et la sant\u00e9 \u00e0 long terme de votre animal.<\/p>\n<p><strong>Ingr\u00e9dients\u00a0<\/strong><\/p>\n<p>Viandes et sous-produits animaux (dont poulet 14%),<br \/>\nPoissons et sous-produits de poissons,<br \/>\nSubstances min\u00e9rales,<br \/>\nSous-produits d&rsquo;origine v\u00e9g\u00e9tale,<br \/>\nSucres.<\/p>\n<p><strong>Constituants analytiques<\/strong><\/p>\n<p>Humidit\u00e9 : 75 %,<br \/>\nProt\u00e9ine : 13 %,<br \/>\nTeneur en mati\u00e8res grasses : 7,0 %,<br \/>\nCendres brutes : 3,2 %,<br \/>\nCellulose brute : 0,05 %.<\/p>\n<p><strong>Additifs nutritionnels<\/strong><\/p>\n<p>UI\/kg :<br \/>\nVitamine A : 1570 ;<br \/>\nVitamine D3 : 220 ;<\/p>\n<p>mg\/kg :<br \/>\nSulfate de fer (II) monohydrat\u00e9 : (Fe: 19) ;<br \/>\nIodate de calcium anhydre : (I: 0,56) ;<br \/>\nSulfate de cuivre (II) pentahydrat\u00e9 : (Cu: 1,4) ;<br \/>\nSulfate manganeux monohydrat\u00e9 : (Mn: 2,6) ;<br \/>\nSulfate de zinc monohydrat\u00e9 : (Zn: 27) ;<br \/>\nTaurine : 720.<\/p>\n<p><strong>Mode d&#8217;emploi<\/strong> : Pour les chatons de 6 \u00e0 12 semaines, donnez 2 \u00e0 2+1\/2 bo\u00eetes tout au long de la journ\u00e9e; de 12 \u00e0 26 semaines, 2+1\/2 \u00e0 3 bo\u00eetes par jour et de 26 \u00e0 52 semaines, 3 bo\u00eetes par jour r\u00e9parties de pr\u00e9f\u00e9rence en au moins 2 repas ou servies \u00e0 volont\u00e9. Chaque chaton est diff\u00e9rent, les rations journali\u00e8res recommand\u00e9es et la dur\u00e9e des repas doivent donc \u00eatre ajust\u00e9es selon son niveau d\u2019activit\u00e9 et sa condition physique.<br \/>\nServir \u00e0 temp\u00e9rature ambiante. De l\u2019eau propre et fra\u00eeche doit toujours \u00eatre disponible.<\/p>\n","protected":false},"excerpt":{"rendered":"<ul>\n<li style=\"list-style-type: none;\">\n<ul>\n<li>Aliment complet pour chatons<\/li>\n<li>Riche en Poulet<\/li>\n<li>Avec des ingr\u00e9dients soigneusement s\u00e9lectionn\u00e9s<\/li>\n<li>Sans colorants ajout\u00e9s<\/li>\n<\/ul>\n<\/li>\n<\/ul>\n","protected":false},"featured_media":32519,"template":"","meta":{"jetpack_publicize_message":"","jetpack_publicize_feature_enabled":true,"jetpack_social_post_already_shared":true,"jetpack_social_options":{"image_generator_settings":{"template":"highway","default_image_id":0,"font":"","enabled":false},"version":2}},"product_brand":[],"product_cat":[41,239],"product_tag":[],"class_list":{"0":"post-32517","1":"product","2":"type-product","3":"status-publish","4":"has-post-thumbnail","6":"product_cat-friandises-et-pate-pour-chat","7":"product_cat-pate-humides-chat","9":"first","10":"instock","11":"taxable","12":"shipping-taxable","13":"purchasable","14":"product-type-simple"},"supplier_id":5598,"supplier_sku":"","barcode":null,"atum_controlled":true,"out_stock_date":null,"out_stock_threshold":null,"inheritable":false,"inbound_stock":0,"stock_on_hold":0,"sold_today":0,"sales_last_days":10,"reserved_stock":0,"customer_returns":0,"warehouse_damage":0,"lost_in_post":0,"other_logs":0,"out_stock_days":0,"lost_sales":0,"has_location":false,"update_date":"2026-04-06T00:04:07","atum_locations":[],"atum_stock_status":"instock","restock_status":false,"low_stock_amount":24,"sales_update_date":"2026-04-06T00:04:06","calc_backorders":null,"jetpack_publicize_connections":[],"jetpack_sharing_enabled":true,"batches":[{"id":"6909","date_created":"2025-12-24 14:46:06","date_expiry":"2027-04-30 00:00:00","user_id":"50","batch_number":"ProPlanMousseKitten0427","location":"","quantity":"72.0000","quantity_available":"17.0000","units":"1","status":"active","order_ids":"[33312,33448,34663,35306,36513,36670,37108,37270,37874,38181]","supplier":"Proplan","po":{"id":"6848","date_created":"2025-12-24 14:46:07","batch_id":"6909","po_number":"","supplier":"Proplan","cost":null,"regular_price":null,"sale_price":null,"price_margin":null,"price_discount":null}},{"id":"8607","date_created":"2026-04-01 13:45:02","date_expiry":"2027-04-30 00:00:00","user_id":"50","batch_number":"ProPlanMousseKitten0427","location":"","quantity":"24.0000","quantity_available":"24.0000","units":"1","status":"active","order_ids":null,"supplier":"Proplan","po":{"id":"8535","date_created":"2026-04-01 13:45:02","batch_id":"8607","po_number":"","supplier":"Proplan","cost":null,"regular_price":null,"sale_price":null,"price_margin":null,"price_discount":null}}],"_links":{"self":[{"href":"https:\/\/petworld.ma\/index.php\/wp-json\/wp\/v2\/product\/32517","targetHints":{"allow":["GET"]}}],"collection":[{"href":"https:\/\/petworld.ma\/index.php\/wp-json\/wp\/v2\/product"}],"about":[{"href":"https:\/\/petworld.ma\/index.php\/wp-json\/wp\/v2\/types\/product"}],"wp:featuredmedia":[{"embeddable":true,"href":"https:\/\/petworld.ma\/index.php\/wp-json\/wp\/v2\/media\/32519"}],"wp:attachment":[{"href":"https:\/\/petworld.ma\/index.php\/wp-json\/wp\/v2\/media?parent=32517"}],"wp:term":[{"taxonomy":"product_brand","embeddable":true,"href":"https:\/\/petworld.ma\/index.php\/wp-json\/wp\/v2\/product_brand?post=32517"},{"taxonomy":"product_cat","embeddable":true,"href":"https:\/\/petworld.ma\/index.php\/wp-json\/wp\/v2\/product_cat?post=32517"},{"taxonomy":"product_tag","embeddable":true,"href":"https:\/\/petworld.ma\/index.php\/wp-json\/wp\/v2\/product_tag?post=32517"}],"curies":[{"name":"wp","href":"https:\/\/api.w.org\/{rel}","templated":true}]}}