{"id":32528,"date":"2025-12-24T15:11:04","date_gmt":"2025-12-24T15:11:04","guid":{"rendered":"https:\/\/petworld.ma\/?post_type=product&#038;p=32528"},"modified":"2026-04-06T10:48:44","modified_gmt":"2026-04-06T10:48:44","slug":"purina-felix-deli-moments-au-poulet-4x10g","status":"publish","type":"product","link":"https:\/\/petworld.ma\/index.php\/produit\/purina-felix-deli-moments-au-poulet-4x10g\/","title":{"rendered":"Purina Felix Deli Moments Au Poulet 4x10g"},"content":{"rendered":"<p><strong>Caract\u00e9ristiques<\/strong><\/p>\n<ul>\n<li style=\"list-style-type: none\">\n<ul>\n<li>Au Poulet.<\/li>\n<li>Savoureuses friandises liquides.<\/li>\n<li>Une friandise \u00e0 laper, destin\u00e9e \u00e0 \u00eatre donn\u00e9e \u00e0 la main, pour des moments de complicit\u00e9 avec votre chat.<\/li>\n<li>Peut \u00eatre servi de plusieurs fa\u00e7ons : directement depuis le sachet, dans la gamelle ou sur votre main.<\/li>\n<li>Sans ar\u00f4mes ni conservateurs artificiels ajout\u00e9s, conform\u00e9ment \u00e0 la r\u00e9glementation.<\/li>\n<\/ul>\n<\/li>\n<\/ul>\n<p>D\u00e9couvrez une fa\u00e7on amusante de donner une friandise FELIX \u00e0 votre chat ! Les NOUVELLES friandises FELIX Deli Moments ont une texture cr\u00e9meuse pour prolonger les moments de complicit\u00e9 avec votre chat. Avec une saveur irr\u00e9sistible et une texture \u00e9paisse et onctueuse, prolongez les moments de complicit\u00e9 avec votre chat. Quelque soit la personnalit\u00e9 de votre chat ou son humeur du moment, ces friandises au Canard se donnent \u00e0 toutes les occasions. Elles sont pratiques et faciles \u00e0 servir. Une exp\u00e9rience irr\u00e9sistiblement savoureuse que vous aurez le plaisir d&rsquo;offrir \u00e0 votre chat, qui est faible en calories et sans sucres ajout\u00e9s. Les friandises FELIX Deli Moments sont disponibles en sachet de 10 g \u00e0 la saveur que les chats adorent : au Canard. FELIX Deli Moments sont des friandises qui prolongent les moments de plaisir de votre chat en lui offrant un moment d&rsquo;interaction privil\u00e9gi\u00e9 avec vous. Essayez FELIX Deli Moments d\u00e8s aujourd&rsquo;hui, pour des moments encore plus complices avec votre chat !<\/p>\n<p><strong>Ingr\u00e9dients<\/strong><\/p>\n<p>Viandes et sous-produits animaux (dont 4 % de poulet)<br \/>\nHuiles et mati\u00e8res grasses<br \/>\nSous-produits v\u00e9g\u00e9taux<br \/>\nLait et sous-produits laitiers<br \/>\nMin\u00e9raux<\/p>\n<p><strong>Constituants analytiques<\/strong><\/p>\n<p>Humidit\u00e9 : 87,0 %<br \/>\nProt\u00e9ine : 4,0 %<br \/>\nTeneur en mati\u00e8res grasses : 3,5 %<br \/>\nCendres brutes : 2,0 %<br \/>\nCellulose brute : 0,3 %<br \/>\nValeur \u00e9nerg\u00e9tique : 57,1 kcal\/100 g<\/p>\n<p><strong>Guide d\u2019alimentation<\/strong><\/p>\n<p>Rations journali\u00e8res pour un chat adulte d&rsquo;environ 4 kg : jusqu&rsquo;\u00e0 2 sachets par jour. Suggestion : avant d&rsquo;ouvrir le sachet, pressez d\u00e9licatement le sachet d&rsquo;un bout \u00e0 l&rsquo;autre pour assurer un m\u00e9lange parfait. Les friandises FELIX Deli Moments peuvent se donner de diff\u00e9rentes mani\u00e8res : directement depuis le sachet, dans la gamelle, sur votre main, mis dans une cuill\u00e8re, sur le sol ou comme nappage. Donnez le sachet en une seule fois. Veillez \u00e0 toujours laisser de l\u2019eau propre et fra\u00eeche \u00e0 disposition de votre chat. Pour pr\u00e9server la bonne sant\u00e9 de votre chat, veillez \u00e0 respecter les rations journali\u00e8res recommand\u00e9es et \u00e0 ce qu&rsquo;il fasse de l&rsquo;exercice tous les jours.<\/p>\n<p>Surveillez votre chat lorsque vous lui donnez une friandise.<\/p>\n","protected":false},"excerpt":{"rendered":"<ul>\n<li>Au Poulet.<\/li>\n<li>Savoureuses friandises liquides.<\/li>\n<li>Une friandise \u00e0 laper, destin\u00e9e \u00e0 \u00eatre donn\u00e9e \u00e0 la main, pour des moments de complicit\u00e9 avec votre chat.<\/li>\n<li>Peut \u00eatre servi de plusieurs fa\u00e7ons : directement depuis le sachet, dans la gamelle ou sur votre main<\/li>\n<\/ul>\n","protected":false},"featured_media":32529,"template":"","meta":{"jetpack_publicize_message":"","jetpack_publicize_feature_enabled":true,"jetpack_social_post_already_shared":true,"jetpack_social_options":{"image_generator_settings":{"template":"highway","default_image_id":0,"font":"","enabled":false},"version":2}},"product_brand":[],"product_cat":[41,239],"product_tag":[],"class_list":{"0":"post-32528","1":"product","2":"type-product","3":"status-publish","4":"has-post-thumbnail","6":"product_cat-friandises-et-pate-pour-chat","7":"product_cat-pate-humides-chat","9":"first","10":"instock","11":"taxable","12":"shipping-taxable","13":"purchasable","14":"product-type-simple"},"supplier_id":5592,"supplier_sku":"","barcode":null,"atum_controlled":true,"out_stock_date":null,"out_stock_threshold":null,"inheritable":false,"inbound_stock":0,"stock_on_hold":4,"sold_today":4,"sales_last_days":13,"reserved_stock":0,"customer_returns":0,"warehouse_damage":0,"lost_in_post":0,"other_logs":0,"out_stock_days":0,"lost_sales":0,"has_location":false,"update_date":"2026-04-06T10:49:32","atum_locations":[],"atum_stock_status":"instock","restock_status":true,"low_stock_amount":12,"sales_update_date":"2026-04-06T10:49:30","calc_backorders":null,"jetpack_publicize_connections":[],"jetpack_sharing_enabled":true,"batches":[{"id":"6912","date_created":"2025-12-24 15:14:17","date_expiry":"2027-09-01 00:00:00","user_id":"2461","batch_number":"FelixDeliPoulet0927","location":"","quantity":"22.0000","quantity_available":"0.0000","units":"1","status":"archived","order_ids":"[32501,32683,32814,32881,33202,33303,33401,33639,33804,34005,34203,34446,34507,34508,34993]","supplier":"Casablanca","po":{"id":"6851","date_created":"2025-12-24 15:14:18","batch_id":"6912","po_number":"","supplier":"Casablanca","cost":null,"regular_price":null,"sale_price":null,"price_margin":null,"price_discount":null}},{"id":"7878","date_created":"2026-02-23 15:34:49","date_expiry":"2027-09-30 00:00:00","user_id":"2461","batch_number":"FelixDeliPoulet0927","location":"","quantity":"22.0000","quantity_available":"0.0000","units":"1","status":"archived","order_ids":"[36413,36547,36556,36694,36714,36850,36921,36960,37026,37115,37183,37220,37223,37249,37379]","supplier":"Casablanca","po":{"id":"7813","date_created":"2026-02-23 15:34:50","batch_id":"7878","po_number":"","supplier":"Casablanca","cost":null,"regular_price":null,"sale_price":null,"price_margin":null,"price_discount":null}},{"id":"7879","date_created":"2026-02-23 15:35:39","date_expiry":"2027-09-30 00:00:00","user_id":"2461","batch_number":"FelixDeliPoulet0927","location":"","quantity":"44.0000","quantity_available":"16.0000","units":"1","status":"active","order_ids":"[37494,37614,37861,37896,37973,37981,37992,38034,38189,38324,38466,38875,38951,38993]","supplier":"Casablanca","po":{"id":"7814","date_created":"2026-02-23 15:35:40","batch_id":"7879","po_number":"","supplier":"Casablanca","cost":null,"regular_price":null,"sale_price":null,"price_margin":null,"price_discount":null}}],"_links":{"self":[{"href":"https:\/\/petworld.ma\/index.php\/wp-json\/wp\/v2\/product\/32528","targetHints":{"allow":["GET"]}}],"collection":[{"href":"https:\/\/petworld.ma\/index.php\/wp-json\/wp\/v2\/product"}],"about":[{"href":"https:\/\/petworld.ma\/index.php\/wp-json\/wp\/v2\/types\/product"}],"wp:featuredmedia":[{"embeddable":true,"href":"https:\/\/petworld.ma\/index.php\/wp-json\/wp\/v2\/media\/32529"}],"wp:attachment":[{"href":"https:\/\/petworld.ma\/index.php\/wp-json\/wp\/v2\/media?parent=32528"}],"wp:term":[{"taxonomy":"product_brand","embeddable":true,"href":"https:\/\/petworld.ma\/index.php\/wp-json\/wp\/v2\/product_brand?post=32528"},{"taxonomy":"product_cat","embeddable":true,"href":"https:\/\/petworld.ma\/index.php\/wp-json\/wp\/v2\/product_cat?post=32528"},{"taxonomy":"product_tag","embeddable":true,"href":"https:\/\/petworld.ma\/index.php\/wp-json\/wp\/v2\/product_tag?post=32528"}],"curies":[{"name":"wp","href":"https:\/\/api.w.org\/{rel}","templated":true}]}}