{"id":32530,"date":"2025-12-24T15:25:34","date_gmt":"2025-12-24T15:25:34","guid":{"rendered":"https:\/\/petworld.ma\/?post_type=product&#038;p=32530"},"modified":"2026-03-19T17:25:47","modified_gmt":"2026-03-19T17:25:47","slug":"purina-gourmet-diamant-filettines-de-poulet-85g","status":"publish","type":"product","link":"https:\/\/petworld.ma\/index.php\/produit\/purina-gourmet-diamant-filettines-de-poulet-85g\/","title":{"rendered":"Purina Gourmet Diamant Filettines de Poulet 85g"},"content":{"rendered":"<h2 class=\"tab--title-main\">Gourmet Diamant Filettines de Poulet<\/h2>\n<div id=\"description-content\" class=\"tab--content-main tab--content\">\n<p>Votre chat est un v\u00e9ritable expert et m\u00e9rite l\u2019exp\u00e9rience culinaire la plus raffin\u00e9e. \u00c0 cet effet, GOURMET Diamant a con\u00e7u Les Mini Filetitos, ou les Filettines. Ce sont d\u2019exclusives recettes qui feront du repas de votre chat une inoubliable exp\u00e9rience de go\u00fbt. Voici d\u2019excellentes bouch\u00e9es de viandes ou de poissons, pr\u00e9par\u00e9es avec un soin tout particulier et soigneusement cuites dans une sauce sublime qui offre \u00e0 votre chat un incomparable go\u00fbt.<\/p>\n<p><strong>Caract\u00e9ristiques et avantages<\/strong><\/p>\n<p>Notre nourriture Gourmet garantit une alimentation 100 % compl\u00e8te et \u00e9quilibr\u00e9e. De plus, elle constitue une source importante d\u2019hydratation pour votre chat, et vous permet de lui fournir des aliments aux saveurs et aux textures vari\u00e9es pour son plus grand plaisir !<\/p>\n<p>Aliment 100 % complet et \u00e9quilibr\u00e9<\/p>\n<p>Compos\u00e9 d\u2019ingr\u00e9dients de haute qualit\u00e9<\/p>\n<p>Une exp\u00e9rience culinaire unique<\/p>\n<p>Aliment complet pour chats adultes<\/p>\n<p><strong>Ingr\u00e9dients<\/strong><\/p>\n<p>Composition : Viandes et sous-produits animaux (dont poulet 4 %), Extraits de prot\u00e9ines v\u00e9g\u00e9tales, Poissons et sous-produits de poisson, Substances min\u00e9rales, Sucres.<\/p>\n<p>Additifs : Additifs nutritionnels : UI\/kg : Vit. A : 760 ;<br \/>\nVit. D3 : 116 ;<br \/>\nmg\/kg : Sulfate de fer monohydrat\u00e9 : 26,6 ;<br \/>\nIodate de calcium anhydre : 0,34 ;<br \/>\nSulfate de cuivre pentahydrat\u00e9 : 3,0 ;<br \/>\nSulfate de mangan\u00e8se monohydrat\u00e9 : 5,2 ;<br \/>\nSulfate de zinc monohydrat\u00e9 : 43 ;<\/p>\n<p>Composants analytiques : Humidit\u00e9 : 77,0 %, Prot\u00e9ine brute : 15,0 %, Huiles et mati\u00e8res grasses brutes : 3,0 %, Cendre brute : 2,6 %, Fibres brutes : 0,07 %.<\/p>\n<p><strong>Comment utiliser et ration quotidienne<\/strong><\/p>\n<p>Mode d\u2019emploi et ration journali\u00e8re recommand\u00e9e :<br \/>\nPour un chat adulte de taille moyenne (4kg), donnez 4 bo\u00eetes par jour, r\u00e9parties en au moins 2 repas. Les besoins nutritionnels peuvent varier selon le chat, et la quantit\u00e9 de nourriture devrait \u00eatre convenablement ajust\u00e9e pour maintenir votre chat \u00e0 un poids corporel maigre et sain. Pour une chatte en gestation ou allaitante : \u00e0 volont\u00e9. Servir \u00e0 temp\u00e9rature ambiante. Laissez toujours de l\u2019eau propre et fra\u00eeche \u00e0 disposition de votre chat.<br \/>\n\u00c0 consommer de pr\u00e9f\u00e9rence avant, num\u00e9ro d\u2019enregistrement et num\u00e9ro de lot : voir sur l\u2019emballage. Veuillez conserver la bo\u00eete ferm\u00e9e dans un endroit frais et sec.<\/p>\n<\/div>\n","protected":false},"excerpt":{"rendered":"<ul>\n<li>Aliment 100 % complet et \u00e9quilibr\u00e9<\/li>\n<li>Compos\u00e9 d\u2019ingr\u00e9dients de haute qualit\u00e9<\/li>\n<li>Aliment complet pour chats adultes<\/li>\n<\/ul>\n","protected":false},"featured_media":32532,"template":"","meta":{"jetpack_publicize_message":"","jetpack_publicize_feature_enabled":true,"jetpack_social_post_already_shared":true,"jetpack_social_options":{"image_generator_settings":{"template":"highway","default_image_id":0,"font":"","enabled":false},"version":2}},"product_brand":[],"product_cat":[41,239],"product_tag":[],"class_list":{"0":"post-32530","1":"product","2":"type-product","3":"status-publish","4":"has-post-thumbnail","6":"product_cat-friandises-et-pate-pour-chat","7":"product_cat-pate-humides-chat","9":"first","10":"outofstock","11":"taxable","12":"shipping-taxable","13":"purchasable","14":"product-type-simple"},"supplier_id":5598,"supplier_sku":"","barcode":null,"atum_controlled":true,"out_stock_date":"2026-03-19 17:25:47","out_stock_threshold":null,"inheritable":false,"inbound_stock":0,"stock_on_hold":0,"sold_today":0,"sales_last_days":0,"reserved_stock":0,"customer_returns":0,"warehouse_damage":0,"lost_in_post":0,"other_logs":0,"out_stock_days":18,"lost_sales":311,"has_location":false,"update_date":"2026-04-06T21:49:46","atum_locations":[],"atum_stock_status":"outofstock","restock_status":false,"low_stock_amount":5,"sales_update_date":"2026-04-06T21:49:46","calc_backorders":null,"jetpack_publicize_connections":[],"jetpack_sharing_enabled":true,"batches":[{"id":"6913","date_created":"2025-12-24 15:29:47","date_expiry":"2027-06-01 00:00:00","user_id":"1","batch_number":"GourmetDiamontPoulet0627","location":"","quantity":"72.0000","quantity_available":"0.0000","units":"1","status":"archived","order_ids":"[32555,32648,32717,32824,33209,33426,33906,34652,34860,34933,35085,35098,35450,35880,36054,36196,36395,36467,36841,36887,36903,37145,37498,37811,37919,38017]","supplier":"Casablanca","po":{"id":"6852","date_created":"2025-12-24 15:29:47","batch_id":"6913","po_number":"","supplier":"Casablanca","cost":null,"regular_price":null,"sale_price":null,"price_margin":null,"price_discount":null}}],"_links":{"self":[{"href":"https:\/\/petworld.ma\/index.php\/wp-json\/wp\/v2\/product\/32530","targetHints":{"allow":["GET"]}}],"collection":[{"href":"https:\/\/petworld.ma\/index.php\/wp-json\/wp\/v2\/product"}],"about":[{"href":"https:\/\/petworld.ma\/index.php\/wp-json\/wp\/v2\/types\/product"}],"wp:featuredmedia":[{"embeddable":true,"href":"https:\/\/petworld.ma\/index.php\/wp-json\/wp\/v2\/media\/32532"}],"wp:attachment":[{"href":"https:\/\/petworld.ma\/index.php\/wp-json\/wp\/v2\/media?parent=32530"}],"wp:term":[{"taxonomy":"product_brand","embeddable":true,"href":"https:\/\/petworld.ma\/index.php\/wp-json\/wp\/v2\/product_brand?post=32530"},{"taxonomy":"product_cat","embeddable":true,"href":"https:\/\/petworld.ma\/index.php\/wp-json\/wp\/v2\/product_cat?post=32530"},{"taxonomy":"product_tag","embeddable":true,"href":"https:\/\/petworld.ma\/index.php\/wp-json\/wp\/v2\/product_tag?post=32530"}],"curies":[{"name":"wp","href":"https:\/\/api.w.org\/{rel}","templated":true}]}}