{"id":32569,"date":"2025-12-25T10:11:50","date_gmt":"2025-12-25T10:11:50","guid":{"rendered":"https:\/\/petworld.ma\/?post_type=product&#038;p=32569"},"modified":"2026-04-25T17:04:00","modified_gmt":"2026-04-25T17:04:00","slug":"hills-science-plan-aliment-pour-chien-adulte-de-grande-race-au-poulet-14kg-promo","status":"publish","type":"product","link":"https:\/\/petworld.ma\/index.php\/produit\/hills-science-plan-aliment-pour-chien-adulte-de-grande-race-au-poulet-14kg-promo\/","title":{"rendered":"Hill\u2019s Science Plan Aliment Pour Chien Adulte De Grande Race Au Poulet (14kg) Promo"},"content":{"rendered":"<div class=\"productAwareRichText richText component section default-style even col-xs-12 initialized\">\n<div class=\"component-content\">\n<div class=\"richText-content\">\n<p><span class=\"nowrap\">HILL&rsquo;S SCIENCE PLAN<\/span>\u00a0Aliment pour Chien de grande race au poulet est sp\u00e9cialement formul\u00e9 pour r\u00e9pondre aux besoins \u00e9nerg\u00e9tiques des chiens de grande race tout au long de leur vie. Formul\u00e9 avec des ingr\u00e9dients de haute qualit\u00e9, faciles \u00e0 dig\u00e9rer.<\/p>\n<ul>\n<li>Soutien de la sant\u00e9 des articulations avec la glucosamine et la chondro\u00eftine<\/li>\n<li>Om\u00e9ga-6 et vitamine E pour une belle peau et un pelage brillant<\/li>\n<li>Prot\u00e9ine de haute qualit\u00e9 pour les muscles<\/li>\n<\/ul>\n<\/div>\n<\/div>\n<\/div>\n<div class=\"conditionalBox box component section pdp-2019-only-pd even col-xs-12\"><strong><span style=\"font-size: 14.4px\">Informations compl\u00e9mentaires :<\/span><\/strong><\/div>\n<div class=\"conditionalBox box component section pdp-2019-only-pd odd col-xs-12\">\n<div id=\"0412457811\" class=\"component-content\">\n<div class=\"paragraphSystem content\">\n<div class=\"productAwareRichText richText component section col-xs-12 productawarerichtext default-style initialized\">\n<div class=\"component-content\">\n<div class=\"richText-content\">\n<p>Une alimentation savoureuse pour une vie longue et heureuse. Personne ne peut vous accueillir comme votre chien, avec ses nombreux signes d&rsquo;affections. Parce que chaque moment que vous passez ensemble est sp\u00e9cial, nous nous effor\u00e7ons de vous en donner plus encore. Avec des ingr\u00e9dients complets et les bons nutriments,\u00a0<span class=\"nowrap\">HILL&rsquo;S SCIENCE PLAN<\/span>\u00a0est pr\u00e9cis\u00e9ment formul\u00e9 pour offrir \u00e0 votre chien la nutrition dont il a besoin pour une longue vie heureuse et en bonne sant\u00e9.<\/p>\n<p>Nous fabriquons nos aliments pour animaux de compagnie avec des ingr\u00e9dients de la plus haute qualit\u00e9. Ces ingr\u00e9dients doivent r\u00e9pondre \u00e0 nos exigences les plus strictes en mati\u00e8re de puret\u00e9 et de teneur en \u00e9l\u00e9ments nutritifs, qui d\u00e9passent les normes de l&rsquo;industrie.<\/p>\n<p>Vous pouvez contribuer \u00e0 am\u00e9liorer la vie des animaux de compagnie des refuges. Avec chaque achat de HILL\u2019S <span class=\"nowrap\">SCIENCE PLAN<\/span>, vous aidez \u00e0 nourrir plus de 100 000 animaux chaque jour, 365 jours par an. En savoir plus sur hillsfoodshelterlove.com.<\/p>\n<\/div>\n<\/div>\n<\/div>\n<\/div>\n<\/div>\n<\/div>\n<div class=\"box component section pdp-2019-only-pd even col-xs-12\">\n<div id=\"648710132\" class=\"component-content\">\n<div class=\"paragraphSystem content\">\n<div class=\"productAwareRichText richText component section default-style first odd last col-xs-12 initialized\">\n<div class=\"component-content\">\n<div class=\"richText-content\">\n<p>Les aliments <span class=\"nowrap\">SCIENCE PLAN<\/span>\u00a0sont disponibles dans une vari\u00e9t\u00e9 de croquettes et de friandises r\u00e9pondant aux besoins uniques de votre chien, ainsi qu&rsquo;en aliments humides aux saveurs d\u00e9licieuses et vari\u00e9es, que votre chien va adorer.<\/p>\n<div class=\"productAwareRichText richText component section schema-ingredients-tab first odd col-xs-12 col-lg-12 col-lg-offset-0 initialized\">\n<div class=\"component-content\">\n<div class=\"richText-content\">\n<p><strong>COMPOSITION<\/strong> : Ma\u00efs, froment, prot\u00e9ines d\u00e9shydrat\u00e9es de poulet et de dinde, farine de soja, graisses animales, hydrolysat de prot\u00e9ines animales, farine de gluten de ma\u00efs, huile v\u00e9g\u00e9tale, pulpe de betterave s\u00e9ch\u00e9e, substances min\u00e9rales, graines de lin, cartilage de porc (source de sulfate de chondro\u00eftine), hydrolysat de coquille de crustac\u00e9 (source de glucosamine).<\/p>\n<\/div>\n<\/div>\n<\/div>\n<div class=\"productAwareRichText richText component section default-style even col-xs-12 col-lg-12 col-lg-offset-0 initialized\">\n<div class=\"component-content\">\n<div class=\"richText-content\">\n<p><strong>CONSTITUANTS ANALYTIQUES<\/strong> : Prot\u00e9ines 20,8%, Teneur en mati\u00e8res grasses 14,1%, Cellulose brute 1,8%, Cendres brutes 4,7%, Calcium 0,69%, Phosphore 0,59%, Sodium 0,27%, Potassium 0,72%, Magn\u00e9sium 0,11%, Acides gras om\u00e9ga-6 3,5% ; par kg : Vitamine A 9 790UI, Vitamine D3 755UI, Vitamine E 600mg, Vitamine C 125mg, B\u00eata-carot\u00e8ne 1,5mg, Glucosamine 461mg, Sulfate de chondro\u00eftine 487mg.<\/p>\n<\/div>\n<\/div>\n<\/div>\n<div class=\"productAwareRichText richText component section default-style odd last col-xs-12 col-lg-12 col-lg-offset-0 initialized\">\n<div class=\"component-content\">\n<div class=\"richText-content\">\n<p><strong>ADDITIFS PAR KG<\/strong> : Additifs nutritionnels : 3b103 (Fer) 74,2mg, 3b202 (Iode) 1,2mg, 3b405 (Cuivre) 7,3mg, 3b502 (Mangan\u00e8se) 7,7mg, 3b603 (Zinc) 154mg, 3b801 (S\u00e9l\u00e9nium) 0,2mg ; avec un antioxydant naturel.<\/p>\n<\/div>\n<\/div>\n<\/div>\n<\/div>\n<\/div>\n<\/div>\n<\/div>\n<\/div>\n<\/div>\n","protected":false},"excerpt":{"rendered":"<p>HILL&rsquo;S SCIENCE PLAN\u00a0Aliment pour Chien de grande race au poulet est sp\u00e9cialement formul\u00e9 pour r\u00e9pondre aux besoins \u00e9nerg\u00e9tiques des chiens de grande race tout au long de leur vie. Formul\u00e9 avec des ingr\u00e9dients de haute qualit\u00e9, faciles \u00e0 dig\u00e9rer. Soutien de la sant\u00e9 des articulations avec la glucosamine et la chondro\u00eftine Om\u00e9ga-6 et vitamine E [&#8230;]\n","protected":false},"featured_media":39360,"template":"","meta":{"jetpack_publicize_message":"","jetpack_publicize_feature_enabled":true,"jetpack_social_post_already_shared":true,"jetpack_social_options":{"image_generator_settings":{"template":"highway","default_image_id":0,"font":"","enabled":false},"version":2}},"product_brand":[],"product_cat":[26,187],"product_tag":[],"class_list":{"0":"post-32569","1":"product","2":"type-product","3":"status-publish","4":"has-post-thumbnail","6":"product_cat-croquettes","7":"product_cat-destockage","9":"first","10":"instock","11":"sale","12":"taxable","13":"shipping-taxable","14":"purchasable","15":"product-type-simple"},"supplier_id":5603,"supplier_sku":"","barcode":null,"atum_controlled":true,"out_stock_date":null,"out_stock_threshold":null,"inheritable":false,"inbound_stock":0,"stock_on_hold":1,"sold_today":0,"sales_last_days":2,"reserved_stock":0,"customer_returns":0,"warehouse_damage":0,"lost_in_post":0,"other_logs":0,"out_stock_days":0,"lost_sales":0,"has_location":false,"update_date":"2026-04-27T11:13:26","atum_locations":[],"atum_stock_status":"instock","restock_status":false,"low_stock_amount":"","sales_update_date":"2026-04-27T11:13:26","calc_backorders":null,"jetpack_publicize_connections":[],"jetpack_sharing_enabled":true,"batches":[{"id":"6920","date_created":"2025-12-25 10:27:55","date_expiry":"2027-02-10 00:00:00","user_id":"2760","batch_number":"Hill\u2019s Science Plan Aliment Pour Chien Adulte De Grande Race Au Poulet (14kg) Promo100227","location":"","quantity":"1.0000","quantity_available":"0.0000","units":"1","status":"archived","order_ids":"[34723]","supplier":"HILLS","po":{"id":"6859","date_created":"2025-12-25 10:27:55","batch_id":"6920","po_number":"","supplier":"HILLS","cost":null,"regular_price":null,"sale_price":null,"price_margin":null,"price_discount":null}},{"id":"6996","date_created":"2025-12-28 14:28:28","date_expiry":"2027-01-10 00:00:00","user_id":"2760","batch_number":"Hill\u2019s Science Plan Aliment Pour Chien Adulte De Grande Race Au Poulet (14kg) Promo100127","location":"","quantity":"4.0000","quantity_available":"0.0000","units":"1","status":"archived","order_ids":"[32967,32974,34031,34513]","supplier":"HILLS","po":{"id":"6935","date_created":"2025-12-28 14:28:28","batch_id":"6996","po_number":"","supplier":"HILLS","cost":null,"regular_price":null,"sale_price":null,"price_margin":null,"price_discount":null}},{"id":"8775","date_created":"2026-04-08 22:55:17","date_expiry":"2027-06-04 00:00:00","user_id":"2760","batch_number":"Hill\u2019s Science Plan Aliment Pour Chien Adulte De Grande Race Au Poulet (14kg) Promo040627","location":"","quantity":"10.0000","quantity_available":"5.0000","units":"1","status":"active","order_ids":"[39506,39521,39676,40734]","supplier":"HILLS","po":{"id":"8702","date_created":"2026-04-08 22:55:18","batch_id":"8775","po_number":"","supplier":"HILLS","cost":null,"regular_price":null,"sale_price":null,"price_margin":null,"price_discount":null}}],"_links":{"self":[{"href":"https:\/\/petworld.ma\/index.php\/wp-json\/wp\/v2\/product\/32569","targetHints":{"allow":["GET"]}}],"collection":[{"href":"https:\/\/petworld.ma\/index.php\/wp-json\/wp\/v2\/product"}],"about":[{"href":"https:\/\/petworld.ma\/index.php\/wp-json\/wp\/v2\/types\/product"}],"wp:featuredmedia":[{"embeddable":true,"href":"https:\/\/petworld.ma\/index.php\/wp-json\/wp\/v2\/media\/39360"}],"wp:attachment":[{"href":"https:\/\/petworld.ma\/index.php\/wp-json\/wp\/v2\/media?parent=32569"}],"wp:term":[{"taxonomy":"product_brand","embeddable":true,"href":"https:\/\/petworld.ma\/index.php\/wp-json\/wp\/v2\/product_brand?post=32569"},{"taxonomy":"product_cat","embeddable":true,"href":"https:\/\/petworld.ma\/index.php\/wp-json\/wp\/v2\/product_cat?post=32569"},{"taxonomy":"product_tag","embeddable":true,"href":"https:\/\/petworld.ma\/index.php\/wp-json\/wp\/v2\/product_tag?post=32569"}],"curies":[{"name":"wp","href":"https:\/\/api.w.org\/{rel}","templated":true}]}}