{"id":32610,"date":"2025-12-25T15:30:19","date_gmt":"2025-12-25T15:30:19","guid":{"rendered":"https:\/\/petworld.ma\/?post_type=product&#038;p=32610"},"modified":"2026-04-14T01:09:46","modified_gmt":"2026-04-14T01:09:46","slug":"purina-pro-plan-mousse-riche-au-dinde-adult-delicate-digestif-85-g","status":"publish","type":"product","link":"https:\/\/petworld.ma\/index.php\/produit\/purina-pro-plan-mousse-riche-au-dinde-adult-delicate-digestif-85-g\/","title":{"rendered":"Purina Pro Plan Mousse Riche au Dinde Adult Delicate (Digestif) 85 g"},"content":{"rendered":"<p><strong>Caract\u00e9ristiques<\/strong><\/p>\n<ul>\n<li>Adapt\u00e9 pour les chats difficiles ou les chats souffrant de troubles digestifs ou cutan\u00e9s.<\/li>\n<li>Meilleure app\u00e9tence gr\u00e2ce \u00e0 une source unique de prot\u00e9ines animales.<\/li>\n<li>Couvre les besoins nutritifs et \u00e9nerg\u00e9tiques pour une longue vie en pleine sant\u00e9.<\/li>\n<li>Favorise la bonne sant\u00e9 des voies urinaires.<\/li>\n<li>Favorise les fonctions intestinales, r\u00e9nales et cutan\u00e9es, et renforce le syst\u00e8me immunitaire gr\u00e2ce \u00e0 une formule riche en pr\u00e9biotiques, vitamines et min\u00e9raux.<\/li>\n<li>Texture mousse.<\/li>\n<\/ul>\n<p><strong>Ingr\u00e9dients<\/strong><\/p>\n<p>Viandes et sous-produits animaux (dont dinde 20 %)<br \/>\nHuiles et graisses<br \/>\nSubstances min\u00e9rales<br \/>\nSous-produits d&rsquo;origine v\u00e9g\u00e9tale<br \/>\nSucres<\/p>\n<p><strong>Nutrition et constituants analytiques<\/strong><\/p>\n<p>Humidit\u00e9 : 77,5 %<br \/>\nProt\u00e9ine : 11,0 %<br \/>\nTeneur en mati\u00e8res grasses : 8,5 %<br \/>\nCendres brutes : 2,7 %<br \/>\nCellulose brute : 0,01 %<\/p>\n<p><strong>Additifs nutritionnels<\/strong><\/p>\n<p>UI\/kg :<br \/>\nVit A : 1645 ;<br \/>\nVit D3 : 230 ;<br \/>\nFe (E1) : 15.7 ;<br \/>\nI (E2) : 0.60 ;<br \/>\nCu (E4) : 1.5 ;<br \/>\nMn (E5) : 2.8 ;<br \/>\nZn (E6) : 42.5 ;<br \/>\nSe (E8) : 0.036.<\/p>\n<p>* Ces valeurs refl\u00e8tent les teneurs moyennes en nutriments dans le produit environ 9 mois apr\u00e8s sa production. Elles correspondent aux nutriments ajout\u00e9s et \u00e0 ceux naturellement pr\u00e9sents dans les ingr\u00e9dients de la formule.<\/p>\n<p><strong>Guide d&rsquo;alimentation<\/strong><\/p>\n<p>Pour un chat de 4 kg en moyenne, donnez 2 \u00e0 3 bo\u00eetes par jours, \u00e0 r\u00e9partir en plusieurs repas. Les rations pour l&rsquo;entretien sont bas\u00e9es sur des chats \u00e0 l&rsquo;activit\u00e9 mod\u00e9r\u00e9e dans des conditions de temp\u00e9rature normale.<\/p>\n<p>Les besoins varient selon le chat, la ration alimentaire doit \u00eatre ajust\u00e9e afin de le maintenir \u00e0 son poids de forme. Servir \u00e0 temp\u00e9rature ambiante. De l&rsquo;eau propre et fra\u00eeche doit toujours \u00eatre disponible. Pour la sant\u00e9 de votre chat, consultez r\u00e9guli\u00e8rement votre v\u00e9t\u00e9rinaire.<\/p>\n","protected":false},"excerpt":{"rendered":"<ul>\n<li>Adapt\u00e9 pour les chats difficiles ou les chats souffrant de troubles digestifs ou cutan\u00e9s.<\/li>\n<li>Meilleure app\u00e9tence gr\u00e2ce \u00e0 une source unique de prot\u00e9ines animales.<\/li>\n<li>Couvre les besoins nutritifs et \u00e9nerg\u00e9tiques pour une longue vie en pleine sant\u00e9.<\/li>\n<li>Favorise la bonne sant\u00e9 des voies urinaires.<\/li>\n<\/ul>\n","protected":false},"featured_media":32611,"template":"","meta":{"jetpack_publicize_message":"","jetpack_publicize_feature_enabled":true,"jetpack_social_post_already_shared":true,"jetpack_social_options":{"image_generator_settings":{"template":"highway","default_image_id":0,"font":"","enabled":false},"version":2}},"product_brand":[],"product_cat":[41,239],"product_tag":[],"class_list":{"0":"post-32610","1":"product","2":"type-product","3":"status-publish","4":"has-post-thumbnail","6":"product_cat-friandises-et-pate-pour-chat","7":"product_cat-pate-humides-chat","9":"first","10":"instock","11":"taxable","12":"shipping-taxable","13":"purchasable","14":"product-type-simple"},"supplier_id":5598,"supplier_sku":"","barcode":null,"atum_controlled":true,"out_stock_date":null,"out_stock_threshold":null,"inheritable":false,"inbound_stock":0,"stock_on_hold":0,"sold_today":0,"sales_last_days":3,"reserved_stock":0,"customer_returns":0,"warehouse_damage":0,"lost_in_post":0,"other_logs":0,"out_stock_days":0,"lost_sales":0,"has_location":false,"update_date":"2026-04-24T13:31:46","atum_locations":[],"atum_stock_status":"instock","restock_status":false,"low_stock_amount":24,"sales_update_date":"2026-04-24T13:31:45","calc_backorders":null,"jetpack_publicize_connections":[],"jetpack_sharing_enabled":true,"batches":[{"id":"6931","date_created":"2025-12-25 15:35:29","date_expiry":"2027-06-01 00:00:00","user_id":"1","batch_number":"ProplanMousseDelica0627","location":"","quantity":"72.0000","quantity_available":"22.0000","units":"1","status":"active","order_ids":"[33199,33209,33983,35841,36395,36774,37512,38614,38659,38816,39238,39696]","supplier":"Proplan","po":{"id":"6870","date_created":"2025-12-25 15:35:29","batch_id":"6931","po_number":"","supplier":"Proplan","cost":null,"regular_price":null,"sale_price":null,"price_margin":null,"price_discount":null}}],"_links":{"self":[{"href":"https:\/\/petworld.ma\/index.php\/wp-json\/wp\/v2\/product\/32610","targetHints":{"allow":["GET"]}}],"collection":[{"href":"https:\/\/petworld.ma\/index.php\/wp-json\/wp\/v2\/product"}],"about":[{"href":"https:\/\/petworld.ma\/index.php\/wp-json\/wp\/v2\/types\/product"}],"wp:featuredmedia":[{"embeddable":true,"href":"https:\/\/petworld.ma\/index.php\/wp-json\/wp\/v2\/media\/32611"}],"wp:attachment":[{"href":"https:\/\/petworld.ma\/index.php\/wp-json\/wp\/v2\/media?parent=32610"}],"wp:term":[{"taxonomy":"product_brand","embeddable":true,"href":"https:\/\/petworld.ma\/index.php\/wp-json\/wp\/v2\/product_brand?post=32610"},{"taxonomy":"product_cat","embeddable":true,"href":"https:\/\/petworld.ma\/index.php\/wp-json\/wp\/v2\/product_cat?post=32610"},{"taxonomy":"product_tag","embeddable":true,"href":"https:\/\/petworld.ma\/index.php\/wp-json\/wp\/v2\/product_tag?post=32610"}],"curies":[{"name":"wp","href":"https:\/\/api.w.org\/{rel}","templated":true}]}}