{"id":32614,"date":"2025-12-25T15:55:25","date_gmt":"2025-12-25T15:55:25","guid":{"rendered":"https:\/\/petworld.ma\/?post_type=product&#038;p=32614"},"modified":"2026-03-30T18:59:42","modified_gmt":"2026-03-30T18:59:42","slug":"purina-pro-plan-mousse-riche-en-poulet-baby-kitten-85-g","status":"publish","type":"product","link":"https:\/\/petworld.ma\/index.php\/produit\/purina-pro-plan-mousse-riche-en-poulet-baby-kitten-85-g\/","title":{"rendered":"Purina Pro Plan Mousse Riche en Poulet Baby Kitten 85 g"},"content":{"rendered":"<div class=\"dsu-product--second-info-desktop\">\n<div class=\"dsu-product--description\">\n<div class=\"clearfix text-formatted field field--name-field-product-description field--type-text-long field--label-hidden field__item\">Aliment complet pour chatons. Convient \u00e9galement aux chattes en gestation ou en lactation.<\/div>\n<\/div>\n<\/div>\n<div class=\"dsu-product-content\">\n<div class=\"dsu-product--highlight key-benefit-color\" data-color=\"#6f86b9\">\n<div class=\"product-highlight-list col-sm-12\">\n<div class=\"product-highlight-list-item\">\n<div class=\"key-benefits-teaser\">\n<div class=\"field field--name-field-highlight-image field--type-image field--label-hidden field__item\"><img decoding=\"async\" class=\"image-style-key-benefit\" src=\"https:\/\/vetcenter.purina.fr\/sites\/default\/files\/styles\/key_benefit\/public\/key-benefit-images\/4013.png?itok=s2putCWS\" alt=\"Pour le sevrage des chatons du 1er \u00e2ge\" width=\"296\" height=\"138\" \/><\/div>\n<div class=\"content\">\n<h3><span class=\"field field--name-title field--type-string field--label-hidden\">Pour le sevrage des chatons du 1er \u00e2ge<\/span><\/h3>\n<\/div>\n<\/div>\n<\/div>\n<div class=\"product-highlight-list-item\">\n<div class=\"key-benefits-teaser\">\n<div class=\"field field--name-field-highlight-image field--type-image field--label-hidden field__item\"><img decoding=\"async\" class=\"image-style-key-benefit\" src=\"https:\/\/vetcenter.purina.fr\/sites\/default\/files\/styles\/key_benefit\/public\/key-benefit-images\/4014.png?itok=37ocyVeU\" alt=\"Source de prot\u00e9ines de haute qualit\u00e9, telles que les prot\u00e9ines du lait\" width=\"296\" height=\"138\" \/><\/div>\n<div class=\"content\">\n<h3><span class=\"field field--name-title field--type-string field--label-hidden\">Source de prot\u00e9ines de haute qualit\u00e9, telles que les prot\u00e9ines du lait.<\/span><\/h3>\n<h2 class=\"heading\">Ingr\u00e9dients et additifs<\/h2>\n<div class=\"clearfix text-formatted field field--name-field-displayed-ingredient-text field--type-text-long field--label-above\">\n<div class=\"field__label\">Ingr\u00e9dients<\/div>\n<div class=\"field__item\">\n<p>Viandes et sous-produits animaux (dont poulet 18 %), Poissons et sous-produits de poissons, Substances min\u00e9rales, Sous-produits d&rsquo;origine v\u00e9g\u00e9tale, Lait et produits de laiterie (dont 0,66 % d&rsquo;isolat de prot\u00e9ine de lactos\u00e9rum), Sucres.<\/p>\n<\/div>\n<\/div>\n<div class=\"clearfix text-formatted field field--name-field-additives field--type-text-long field--label-above\">\n<div class=\"field__label\">Additifs<\/div>\n<div class=\"field__item\">\n<p>\u00a0Additifs nutritionnels :<br \/>\nUI\/kg : Vitamine A : 1 000 ; Vitamine D<sub>3\u00a0<\/sub>: 140 ;<br \/>\nmg\/kg : Sulfate de fer (II) monohydrat\u00e9 (Fe) : 12 ; Iodate de calcium anhydre (I) : 0,35 ; Sulfate de cuivre (II) pentahydrat\u00e9 (Cu) : 0,9 ; Sulfate manganeux monohydrat\u00e9 (Mn) : 1,6 ; Sulfate de zinc monohydrat\u00e9 (Zn) : 17 ; Taurine : 456.<br \/>\nAr\u00f4mes.<\/p>\n<h2 class=\"heading\">Analyse nutritionnelle<\/h2>\n<div class=\"field--nutrient-analysis\">\n<div class=\"tableresponsive-toggle-columns\"><\/div>\n<table class=\"nutrient-analysis-table responsive-enabled\" data-striping=\"1\" data-once=\"tableresponsive\">\n<thead>\n<tr>\n<th>Nutriment<\/th>\n<th>Tel qu&rsquo;aliment\u00e9<\/th>\n<th>Mati\u00e8re s\u00e8che<\/th>\n<th>\/100 kcal<\/th>\n<\/tr>\n<\/thead>\n<tbody>\n<tr class=\"nutrient-item nutrient-child even show-item\">\n<td>&#8211; Humidit\u00e9<\/td>\n<td>75.00 %<\/td>\n<td><\/td>\n<td><\/td>\n<\/tr>\n<tr class=\"nutrient-item nutrient-child odd show-item\">\n<td>&#8211; Mati\u00e8re s\u00e8che<\/td>\n<td><\/td>\n<td>25.00 %<\/td>\n<td><\/td>\n<\/tr>\n<tr class=\"nutrient-item nutrient-child even show-item\">\n<td>&#8211; Prot\u00e9ines<\/td>\n<td>13.00 %<\/td>\n<td>52.00 %<\/td>\n<td>10.90 g<\/td>\n<\/tr>\n<tr class=\"nutrient-item nutrient-child odd show-item\">\n<td>&#8211; Mati\u00e8res grasses<\/td>\n<td>7.00 %<\/td>\n<td>28.00 %<\/td>\n<td>5.90 g<\/td>\n<\/tr>\n<tr class=\"nutrient-item nutrient-child even show-item\">\n<td>&#8211; Glucides<\/td>\n<td>1.80 %<\/td>\n<td>7.00 %<\/td>\n<td>1.50 g<\/td>\n<\/tr>\n<tr class=\"nutrient-item nutrient-child odd show-item\">\n<td>&#8211; Cellulose brute<\/td>\n<td>0.10 %<\/td>\n<td>0.20 %<\/td>\n<td>0.04 g<\/td>\n<\/tr>\n<tr class=\"nutrient-item nutrient-child even show-item\">\n<td>&#8211; Cendres<\/td>\n<td>3.20 %<\/td>\n<td>12.80 %<\/td>\n<td>2.70 g<\/td>\n<\/tr>\n<tr class=\"nutrient-item nutrient-child odd show-item\">\n<td>&#8211; Calcium<\/td>\n<td>0.44 %<\/td>\n<td>1.75 %<\/td>\n<td>0.37 g<\/td>\n<\/tr>\n<tr class=\"nutrient-item nutrient-child even show-item\">\n<td>&#8211; Magn\u00e9sium<\/td>\n<td>0.03 %<\/td>\n<td>0.13 %<\/td>\n<td>0.03 g<\/td>\n<\/tr>\n<tr class=\"nutrient-item nutrient-child odd show-item\">\n<td>&#8211; Phosphore<\/td>\n<td>0.41 %<\/td>\n<td>1.65 %<\/td>\n<td>0.35 g<\/td>\n<\/tr>\n<\/tbody>\n<\/table>\n<\/div>\n<\/div>\n<\/div>\n<\/div>\n<\/div>\n<\/div>\n<\/div>\n<\/div>\n<div class=\"dsu-product--recomendations\">\n<div class=\"dsu-product--recomended\">\n<div class=\"field field--name-field-indications field--type-entity-reference field--label-above\">\n<div class=\"field__items\">\n<div class=\"field__item show-item\"><\/div>\n<\/div>\n<\/div>\n<\/div>\n<\/div>\n<\/div>\n","protected":false},"excerpt":{"rendered":"<div class=\"dsu-product--second-info-desktop\">\n<div class=\"dsu-product--description\">\n<div class=\"clearfix text-formatted field field--name-field-product-description field--type-text-long field--label-hidden field__item\">\n<p>Aliment complet pour chatons. Convient \u00e9galement aux chattes en gestation ou en lactation.<\/p>\n<\/div>\n<\/div>\n<\/div>\n","protected":false},"featured_media":32615,"template":"","meta":{"jetpack_publicize_message":"","jetpack_publicize_feature_enabled":true,"jetpack_social_post_already_shared":true,"jetpack_social_options":{"image_generator_settings":{"template":"highway","default_image_id":0,"font":"","enabled":false},"version":2}},"product_brand":[],"product_cat":[41,239],"product_tag":[],"class_list":{"0":"post-32614","1":"product","2":"type-product","3":"status-publish","4":"has-post-thumbnail","6":"product_cat-friandises-et-pate-pour-chat","7":"product_cat-pate-humides-chat","9":"first","10":"instock","11":"taxable","12":"shipping-taxable","13":"purchasable","14":"product-type-simple"},"supplier_id":5598,"supplier_sku":"","barcode":null,"atum_controlled":true,"out_stock_date":null,"out_stock_threshold":null,"inheritable":false,"inbound_stock":0,"stock_on_hold":0,"sold_today":0,"sales_last_days":0,"reserved_stock":0,"customer_returns":0,"warehouse_damage":0,"lost_in_post":0,"other_logs":0,"out_stock_days":0,"lost_sales":0,"has_location":false,"update_date":"2026-04-23T12:01:28","atum_locations":[],"atum_stock_status":"instock","restock_status":false,"low_stock_amount":24,"sales_update_date":"2026-04-23T12:01:28","calc_backorders":null,"jetpack_publicize_connections":[],"jetpack_sharing_enabled":true,"batches":[{"id":"6933","date_created":"2025-12-25 16:06:09","date_expiry":"2027-05-01 00:00:00","user_id":"1","batch_number":"ProplanMousseBabyKitten0527","location":"","quantity":"72.0000","quantity_available":"34.0000","units":"1","status":"active","order_ids":"[33096,34936,35875,36368,36395,37494,37818,37832,38068,38119,38559]","supplier":"Proplan","po":{"id":"6872","date_created":"2025-12-25 16:06:10","batch_id":"6933","po_number":"","supplier":"Proplan","cost":null,"regular_price":null,"sale_price":null,"price_margin":null,"price_discount":null}}],"_links":{"self":[{"href":"https:\/\/petworld.ma\/index.php\/wp-json\/wp\/v2\/product\/32614","targetHints":{"allow":["GET"]}}],"collection":[{"href":"https:\/\/petworld.ma\/index.php\/wp-json\/wp\/v2\/product"}],"about":[{"href":"https:\/\/petworld.ma\/index.php\/wp-json\/wp\/v2\/types\/product"}],"wp:featuredmedia":[{"embeddable":true,"href":"https:\/\/petworld.ma\/index.php\/wp-json\/wp\/v2\/media\/32615"}],"wp:attachment":[{"href":"https:\/\/petworld.ma\/index.php\/wp-json\/wp\/v2\/media?parent=32614"}],"wp:term":[{"taxonomy":"product_brand","embeddable":true,"href":"https:\/\/petworld.ma\/index.php\/wp-json\/wp\/v2\/product_brand?post=32614"},{"taxonomy":"product_cat","embeddable":true,"href":"https:\/\/petworld.ma\/index.php\/wp-json\/wp\/v2\/product_cat?post=32614"},{"taxonomy":"product_tag","embeddable":true,"href":"https:\/\/petworld.ma\/index.php\/wp-json\/wp\/v2\/product_tag?post=32614"}],"curies":[{"name":"wp","href":"https:\/\/api.w.org\/{rel}","templated":true}]}}