{"id":32671,"date":"2025-12-26T14:26:15","date_gmt":"2025-12-26T14:26:15","guid":{"rendered":"https:\/\/petworld.ma\/?post_type=product&#038;p=32671"},"modified":"2026-03-23T15:40:00","modified_gmt":"2026-03-23T15:40:00","slug":"gosbi-croquettes-original-chat-adulte-3kg","status":"publish","type":"product","link":"https:\/\/petworld.ma\/index.php\/produit\/gosbi-croquettes-original-chat-adulte-3kg\/","title":{"rendered":"Gosbi Croquettes Original Chat Adulte 3kg"},"content":{"rendered":"<div class=\"hidden-xs\">\n<div class=\"hidden-xs\">\n<div class=\"hidden-xs\">\n<div class=\"product-tabs tabs\">\n<p class=\"ng-star-inserted\">Nourriture compl\u00e8te pour chats adultes. Contient des pr\u00e9biotiques qui contribuent \u00e0 la sant\u00e9 intestinale.<br \/>\n<strong>Taille de la croquette:\u00a0<\/strong>8 mm<\/p>\n<div class=\"col-12 col-md-7\">\n<h2 class=\"ng-star-inserted\"><b>Composition<\/b><\/h2>\n<p>Prot\u00e9ines animales d\u00e9shydrat\u00e9es (poulet* 22%, porc*), ma\u00efs, riz, orge, graisse de poulet, gluten de ma\u00efs, petits pois, min\u00e9raux, huile de poisson, pulpe de betterave, inuline de chicor\u00e9e (500 mg\/kg), produits \u00e0 base de levure (200 mg\/kg).<\/p>\n<\/div>\n<div class=\"col-12 col-md-5\">\n<div class=\"row align-items-between h-100\">\n<div class=\"col-12\">\n<h2 class=\"ng-star-inserted\"><b>Composants analytiques<\/b><\/h2>\n<p>Prot\u00e9ine brute: 29%, mati\u00e8res grasses brutes: 12%, cendres brutes: 9%, cellulose brute: 2,5%.<\/p>\n<\/div>\n<div class=\"col-12\">\n<h2 class=\"ng-star-inserted\"><b>Instructions d\u2019utilisation<\/b><\/h2>\n<p>Conserver dans un endroit sec et frais. Servir en vous aidant des rations quotidiennes recommand\u00e9es. Ces quantit\u00e9s sont indicatives, elles doivent ensuite \u00eatre adapt\u00e9es aux besoins \u00e9nerg\u00e9tiques de votre chat. Peut contenir des traces d\u2019autres ingr\u00e9dients. Laissez toujours de l\u2019eau propre et fraiche \u00e0 disposition du chat.<\/p>\n<\/div>\n<\/div>\n<\/div>\n<\/div>\n<section class=\"category-products block clearfix\"><\/section>\n<\/div>\n<\/div>\n<\/div>\n","protected":false},"excerpt":{"rendered":"<p>Nourriture compl\u00e8te pour chats adultes. Contient des pr\u00e9biotiques qui contribuent \u00e0 la sant\u00e9 intestinale.<br \/>\n<strong>Taille de la croquette:\u00a0<\/strong>8 mm<\/p>\n","protected":false},"featured_media":32670,"template":"","meta":{"jetpack_publicize_message":"","jetpack_publicize_feature_enabled":true,"jetpack_social_post_already_shared":true,"jetpack_social_options":{"image_generator_settings":{"template":"highway","default_image_id":0,"font":"","enabled":false},"version":2}},"product_brand":[],"product_cat":[40],"product_tag":[],"class_list":{"0":"post-32671","1":"product","2":"type-product","3":"status-publish","4":"has-post-thumbnail","6":"product_cat-coquettes-pour-chat","8":"first","9":"instock","10":"taxable","11":"shipping-taxable","12":"purchasable","13":"product-type-simple"},"supplier_id":30385,"supplier_sku":"","barcode":null,"atum_controlled":true,"out_stock_date":null,"out_stock_threshold":null,"inheritable":false,"inbound_stock":0,"stock_on_hold":0,"sold_today":0,"sales_last_days":0,"reserved_stock":0,"customer_returns":0,"warehouse_damage":0,"lost_in_post":0,"other_logs":0,"out_stock_days":0,"lost_sales":0,"has_location":false,"update_date":"2026-04-28T00:14:09","atum_locations":[],"atum_stock_status":"instock","restock_status":false,"low_stock_amount":1,"sales_update_date":"2026-04-28T00:14:09","calc_backorders":null,"jetpack_publicize_connections":[],"jetpack_sharing_enabled":true,"batches":[{"id":"6940","date_created":"2025-12-26 14:29:56","date_expiry":"2026-04-28 00:00:00","user_id":"2760","batch_number":"GosbiChatAdultLife280426","location":"","quantity":"0.0000","quantity_available":"0.0000","units":"1","status":"archived","order_ids":null,"supplier":"Gosbi","po":{"id":"6879","date_created":"2025-12-26 14:29:57","batch_id":"6940","po_number":"","supplier":"Gosbi","cost":null,"regular_price":null,"sale_price":null,"price_margin":null,"price_discount":null}},{"id":"8438","date_created":"2026-03-23 15:39:59","date_expiry":"2027-01-30 00:00:00","user_id":"2760","batch_number":"GosbiChatAdultLife300127","location":"","quantity":"1.0000","quantity_available":"1.0000","units":"1","status":"active","order_ids":null,"supplier":"Gosbi","po":{"id":"8366","date_created":"2026-03-23 15:40:00","batch_id":"8438","po_number":"","supplier":"Gosbi","cost":null,"regular_price":null,"sale_price":null,"price_margin":null,"price_discount":null}}],"_links":{"self":[{"href":"https:\/\/petworld.ma\/index.php\/wp-json\/wp\/v2\/product\/32671","targetHints":{"allow":["GET"]}}],"collection":[{"href":"https:\/\/petworld.ma\/index.php\/wp-json\/wp\/v2\/product"}],"about":[{"href":"https:\/\/petworld.ma\/index.php\/wp-json\/wp\/v2\/types\/product"}],"wp:featuredmedia":[{"embeddable":true,"href":"https:\/\/petworld.ma\/index.php\/wp-json\/wp\/v2\/media\/32670"}],"wp:attachment":[{"href":"https:\/\/petworld.ma\/index.php\/wp-json\/wp\/v2\/media?parent=32671"}],"wp:term":[{"taxonomy":"product_brand","embeddable":true,"href":"https:\/\/petworld.ma\/index.php\/wp-json\/wp\/v2\/product_brand?post=32671"},{"taxonomy":"product_cat","embeddable":true,"href":"https:\/\/petworld.ma\/index.php\/wp-json\/wp\/v2\/product_cat?post=32671"},{"taxonomy":"product_tag","embeddable":true,"href":"https:\/\/petworld.ma\/index.php\/wp-json\/wp\/v2\/product_tag?post=32671"}],"curies":[{"name":"wp","href":"https:\/\/api.w.org\/{rel}","templated":true}]}}