{"id":32739,"date":"2025-12-27T17:17:16","date_gmt":"2025-12-27T17:17:16","guid":{"rendered":"https:\/\/petworld.ma\/?post_type=product&#038;p=32739"},"modified":"2026-04-11T09:23:22","modified_gmt":"2026-04-11T09:23:22","slug":"gosbi-delicat-au-poulet-sardine-loaf-aliment-complet-pour-chat-sterilise-70g-boite-de-16-sachets-promo","status":"publish","type":"product","link":"https:\/\/petworld.ma\/index.php\/produit\/gosbi-delicat-au-poulet-sardine-loaf-aliment-complet-pour-chat-sterilise-70g-boite-de-16-sachets-promo\/","title":{"rendered":"Gosbi Delicat Au Poulet &amp; Sardine Loaf Aliment Complet Pour Chat St\u00e9rilis\u00e9 70g Boite de 16 Sachets Promo"},"content":{"rendered":"<p>Delicat est le choix parfait pour ceux qui cherchent une alimentation saine et \u00e9quilibr\u00e9e pour leurs chats. Elle est \u00e9labor\u00e9e avec une teneur \u00e9lev\u00e9e en viande fra\u00eeche et uniquement avec des ingr\u00e9dients naturels et frais, sans c\u00e9r\u00e9ales, et en plus cuit \u00e0 la vapeur \u00e0 basse temp\u00e9rature pour pr\u00e9server toutes ses propri\u00e9t\u00e9s nutritives, pr\u00e9sentant une texture p\u00e2t\u00e9 au go\u00fbt irr\u00e9sistible.<\/p>\n<h4 class=\"ng-star-inserted\"><b>Composition<\/b><\/h4>\n<div class=\"col-12 col-md-7\">\n<div class=\"col-12 col-md-7\">\n<div class=\"col-12 col-md-7\">\n<p>Poulet (42%), sardine (26%), bouillon, courge (6%), min\u00e9raux, produits \u00e0 base de levure, graines de Psyllium, inuline de chicor\u00e9e, algues marines.<\/p>\n<\/div>\n<\/div>\n<\/div>\n<h4 class=\"ng-star-inserted\"><b>Composants analytiques<\/b><\/h4>\n<div class=\"col-12\">\n<div class=\"col-12\">\n<div class=\"col-12\">\n<div class=\"col-12\">\n<p>Prot\u00e9ine brute: 12%, mati\u00e8res grasses brutes: 4%, cendres brutes: 1,5%, cellulose brute: 0,8%, humidit\u00e9: 80%.<\/p>\n<\/div>\n<\/div>\n<\/div>\n<\/div>\n<h2 class=\"ng-star-inserted\"><b>Instructions d\u2019utilisation<\/b><\/h2>\n<div class=\"col-12\">\n<div class=\"col-12\">\n<div class=\"col-12\">\n<p>Conserver dans un endroit sec et frais et \u00e0 l\u2019abri de la lumi\u00e8re directe du soleil. Apr\u00e8s ouverture, conserver au r\u00e9frig\u00e9rateur et utiliser avant 2 jours. Servir en vous aidant des rations journali\u00e8res recommand\u00e9es. Ces quantit\u00e9s sont indicatives, elles doivent \u00eatre adapt\u00e9es aux besoins \u00e9nerg\u00e9tiques de votre chat. Laissez toujours de l\u2019eau propre et fraiche \u00e0 disposition du chat.<\/p>\n<\/div>\n<\/div>\n<\/div>\n","protected":false},"excerpt":{"rendered":"<p>Avec notre recette de poulet et de sardines, vous assurerez l&rsquo;alimentation \u00e9quilibr\u00e9e dont votre chat st\u00e9rilis\u00e9 a besoin. Fait \u00e0 partir de poisson frais, une source naturelle d&rsquo;om\u00e9ga-3 qui contribue \u00e0 sa sant\u00e9 et \u00e0 sa vitalit\u00e9.<\/p>\n","protected":false},"featured_media":32740,"template":"","meta":{"jetpack_publicize_message":"","jetpack_publicize_feature_enabled":true,"jetpack_social_post_already_shared":true,"jetpack_social_options":{"image_generator_settings":{"template":"highway","default_image_id":0,"font":"","enabled":false},"version":2}},"product_brand":[191],"product_cat":[41,239],"product_tag":[],"class_list":{"0":"post-32739","1":"product","2":"type-product","3":"status-publish","4":"has-post-thumbnail","6":"product_brand-gosbi","7":"product_cat-friandises-et-pate-pour-chat","8":"product_cat-pate-humides-chat","10":"first","11":"instock","12":"sale","13":"taxable","14":"shipping-taxable","15":"purchasable","16":"product-type-simple"},"supplier_id":30385,"supplier_sku":"","barcode":null,"atum_controlled":true,"out_stock_date":null,"out_stock_threshold":null,"inheritable":false,"inbound_stock":0,"stock_on_hold":0,"sold_today":0,"sales_last_days":0,"reserved_stock":0,"customer_returns":0,"warehouse_damage":0,"lost_in_post":0,"other_logs":0,"out_stock_days":0,"lost_sales":0,"has_location":false,"update_date":"2026-04-27T00:15:05","atum_locations":[],"atum_stock_status":"instock","restock_status":false,"low_stock_amount":5,"sales_update_date":"2026-04-27T00:15:04","calc_backorders":null,"jetpack_publicize_connections":[],"jetpack_sharing_enabled":true,"batches":[{"id":"7012","date_created":"2025-12-31 11:21:28","date_expiry":"2027-06-30 00:00:00","user_id":"2760","batch_number":"Gosbi Delicat Au Poulet & Sardine Loaf Aliment Complet Pour Chat St\u00e9rilis\u00e9 70g Boite de 16 Sachets Promo0627","location":"","quantity":"7.0000","quantity_available":"0.0000","units":"1","status":"archived","order_ids":"[33617,34033,35496,36336,36548,37235,37870]","supplier":"Gosbi","po":{"id":"6951","date_created":"2025-12-31 11:21:29","batch_id":"7012","po_number":"","supplier":"Gosbi","cost":null,"regular_price":null,"sale_price":null,"price_margin":null,"price_discount":null}},{"id":"8427","date_created":"2026-03-23 14:58:05","date_expiry":"2027-07-30 00:00:00","user_id":"2760","batch_number":"Gosbi Delicat Au Poulet & Sardine Loaf Aliment Complet Pour Chat St\u00e9rilis\u00e9 70g Boite de 16 Sachets Promo0727","location":"","quantity":"3.0000","quantity_available":"1.0000","units":"1","status":"active","order_ids":"[38477,39440]","supplier":"Gosbi","po":{"id":"8355","date_created":"2026-03-23 14:58:06","batch_id":"8427","po_number":"","supplier":"Gosbi","cost":null,"regular_price":null,"sale_price":null,"price_margin":null,"price_discount":null}}],"_links":{"self":[{"href":"https:\/\/petworld.ma\/index.php\/wp-json\/wp\/v2\/product\/32739","targetHints":{"allow":["GET"]}}],"collection":[{"href":"https:\/\/petworld.ma\/index.php\/wp-json\/wp\/v2\/product"}],"about":[{"href":"https:\/\/petworld.ma\/index.php\/wp-json\/wp\/v2\/types\/product"}],"wp:featuredmedia":[{"embeddable":true,"href":"https:\/\/petworld.ma\/index.php\/wp-json\/wp\/v2\/media\/32740"}],"wp:attachment":[{"href":"https:\/\/petworld.ma\/index.php\/wp-json\/wp\/v2\/media?parent=32739"}],"wp:term":[{"taxonomy":"product_brand","embeddable":true,"href":"https:\/\/petworld.ma\/index.php\/wp-json\/wp\/v2\/product_brand?post=32739"},{"taxonomy":"product_cat","embeddable":true,"href":"https:\/\/petworld.ma\/index.php\/wp-json\/wp\/v2\/product_cat?post=32739"},{"taxonomy":"product_tag","embeddable":true,"href":"https:\/\/petworld.ma\/index.php\/wp-json\/wp\/v2\/product_tag?post=32739"}],"curies":[{"name":"wp","href":"https:\/\/api.w.org\/{rel}","templated":true}]}}