{"id":32747,"date":"2025-12-27T17:22:32","date_gmt":"2025-12-27T17:22:32","guid":{"rendered":"https:\/\/petworld.ma\/?post_type=product&#038;p=32747"},"modified":"2026-04-24T09:39:09","modified_gmt":"2026-04-24T09:39:09","slug":"gosbi-delicat-au-poulet-loaf-aliment-complet-pour-chat-sterilise-70-g-boite-de-16-sachets-promo","status":"publish","type":"product","link":"https:\/\/petworld.ma\/index.php\/produit\/gosbi-delicat-au-poulet-loaf-aliment-complet-pour-chat-sterilise-70-g-boite-de-16-sachets-promo\/","title":{"rendered":"Gosbi Delicat Au Poulet Loaf Aliment Complet Pour Chat St\u00e9rilis\u00e9 70 g Boite de 16 Sachets Promo"},"content":{"rendered":"<p>Delicat est le choix parfait pour ceux qui cherchent une alimentation saine et \u00e9quilibr\u00e9e pour leurs chats. Elle est \u00e9labor\u00e9e avec une teneur \u00e9lev\u00e9e en viande fra\u00eeche et uniquement avec des ingr\u00e9dients naturels et frais, sans c\u00e9r\u00e9ales, et en plus cuit \u00e0 la vapeur \u00e0 basse temp\u00e9rature pour pr\u00e9server toutes ses propri\u00e9t\u00e9s nutritives, pr\u00e9sentant une texture p\u00e2t\u00e9 au go\u00fbt irr\u00e9sistible.<\/p>\n<h4 class=\"ng-star-inserted\"><b>Composition<\/b><\/h4>\n<div class=\"col-12 col-md-7\">\n<div class=\"col-12 col-md-7\">\n<p>Poulet (65%), bouillon, carotte (6%), min\u00e9raux, produits \u00e0 base de levure, graines de Psyllium, inuline de chicor\u00e9e, algues marines.<\/p>\n<\/div>\n<\/div>\n<h4 class=\"ng-star-inserted\"><b>Composants analytiques<\/b><\/h4>\n<div class=\"col-12\">\n<div class=\"col-12\">\n<div class=\"col-12\">\n<p>Prot\u00e9ine brute: 12%, mati\u00e8res grasses brutes: 4%, mati\u00e8res inorganiques: 1,5%, cellulose brute: 0,8%, humidit\u00e9: 80%.<\/p>\n<\/div>\n<\/div>\n<\/div>\n<h2 class=\"ng-star-inserted\"><b>Instructions d\u2019utilisation<\/b><\/h2>\n<div class=\"col-12\">\n<div class=\"col-12\">\n<p>Conserver dans un endroit sec et frais. Apr\u00e8s ouverture, conserver au r\u00e9frig\u00e9rateur et utiliser avant 2 jours. Servir en vous aidant des rations quotidiennes recommand\u00e9es. Ces quantit\u00e9s sont indicatives, elles doivent \u00eatre adapt\u00e9es aux besoins \u00e9nerg\u00e9tiques de votre chat. Laissez toujours de l\u2019eau propre et fraiche \u00e0 disposition du chat.<\/p>\n<\/div>\n<\/div>\n","protected":false},"excerpt":{"rendered":"<p>Avec cette recette de poulet, vous pouvez \u00eatre s\u00fbr que votre chat st\u00e9rilis\u00e9 re\u00e7oit l&rsquo;alimentation \u00e9quilibr\u00e9e dont il a besoin, le choix parfait pour sa sant\u00e9 et son bien-\u00eatre.<\/p>\n","protected":false},"featured_media":37166,"template":"","meta":{"jetpack_publicize_message":"","jetpack_publicize_feature_enabled":true,"jetpack_social_post_already_shared":true,"jetpack_social_options":{"image_generator_settings":{"template":"highway","default_image_id":0,"font":"","enabled":false},"version":2}},"product_brand":[191],"product_cat":[187,41,239],"product_tag":[],"class_list":{"0":"post-32747","1":"product","2":"type-product","3":"status-publish","4":"has-post-thumbnail","6":"product_brand-gosbi","7":"product_cat-destockage","8":"product_cat-friandises-et-pate-pour-chat","9":"product_cat-pate-humides-chat","11":"first","12":"instock","13":"sale","14":"taxable","15":"shipping-taxable","16":"purchasable","17":"product-type-simple"},"supplier_id":30385,"supplier_sku":"","barcode":null,"atum_controlled":true,"out_stock_date":null,"out_stock_threshold":null,"inheritable":false,"inbound_stock":0,"stock_on_hold":0,"sold_today":0,"sales_last_days":1,"reserved_stock":0,"customer_returns":0,"warehouse_damage":0,"lost_in_post":0,"other_logs":0,"out_stock_days":0,"lost_sales":0,"has_location":false,"update_date":"2026-04-30T15:40:34","atum_locations":[],"atum_stock_status":"instock","restock_status":false,"low_stock_amount":5,"sales_update_date":"2026-04-30T15:40:34","calc_backorders":null,"jetpack_publicize_connections":[],"jetpack_sharing_enabled":true,"batches":[{"id":"8277","date_created":"2026-03-14 13:45:45","date_expiry":"2027-06-30 00:00:00","user_id":"2461","batch_number":"Gosbi Delicat Au Poulet Loaf Aliment Complet Pour Chat St\u00e9rilis\u00e9 70 g Boite de 16 Sachets Promo300627","location":"","quantity":"16.0000","quantity_available":"9.0000","units":"1","status":"active","order_ids":"[37768,37870,37899,38477,38518,39440,40665]","supplier":"Gosbi","po":{"id":"8204","date_created":"2026-03-14 13:45:45","batch_id":"8277","po_number":"","supplier":"Gosbi","cost":null,"regular_price":null,"sale_price":null,"price_margin":null,"price_discount":null}}],"_links":{"self":[{"href":"https:\/\/petworld.ma\/index.php\/wp-json\/wp\/v2\/product\/32747","targetHints":{"allow":["GET"]}}],"collection":[{"href":"https:\/\/petworld.ma\/index.php\/wp-json\/wp\/v2\/product"}],"about":[{"href":"https:\/\/petworld.ma\/index.php\/wp-json\/wp\/v2\/types\/product"}],"wp:featuredmedia":[{"embeddable":true,"href":"https:\/\/petworld.ma\/index.php\/wp-json\/wp\/v2\/media\/37166"}],"wp:attachment":[{"href":"https:\/\/petworld.ma\/index.php\/wp-json\/wp\/v2\/media?parent=32747"}],"wp:term":[{"taxonomy":"product_brand","embeddable":true,"href":"https:\/\/petworld.ma\/index.php\/wp-json\/wp\/v2\/product_brand?post=32747"},{"taxonomy":"product_cat","embeddable":true,"href":"https:\/\/petworld.ma\/index.php\/wp-json\/wp\/v2\/product_cat?post=32747"},{"taxonomy":"product_tag","embeddable":true,"href":"https:\/\/petworld.ma\/index.php\/wp-json\/wp\/v2\/product_tag?post=32747"}],"curies":[{"name":"wp","href":"https:\/\/api.w.org\/{rel}","templated":true}]}}