{"id":32971,"date":"2025-12-31T10:41:38","date_gmt":"2025-12-31T10:41:38","guid":{"rendered":"https:\/\/petworld.ma\/?post_type=product&#038;p=32971"},"modified":"2026-04-02T10:53:34","modified_gmt":"2026-04-02T10:53:34","slug":"gosbi-delicat-au-poulet-loaf-aliment-complet-pour-chaton-70g-boite-de-16-sachets-promo","status":"publish","type":"product","link":"https:\/\/petworld.ma\/index.php\/produit\/gosbi-delicat-au-poulet-loaf-aliment-complet-pour-chaton-70g-boite-de-16-sachets-promo\/","title":{"rendered":"Gosbi Delicat Au Poulet Loaf Aliment Complet Pour Chaton 70g Boite de 16 Sachets Promo"},"content":{"rendered":"<div class=\"product-tabs tabs\">\n<div id=\"tab-content\" class=\"tab-content\">\n<div id=\"description\" class=\"tab-pane fade in active\" role=\"tabpanel\">\n<p>Delicat est le choix parfait pour ceux qui cherchent une alimentation saine et \u00e9quilibr\u00e9e pour leurs chats. Elle est \u00e9labor\u00e9e avec une teneur \u00e9lev\u00e9e en viande fra\u00eeche et uniquement avec des ingr\u00e9dients naturels et frais, sans c\u00e9r\u00e9ales, et en plus cuit \u00e0 la vapeur \u00e0 basse temp\u00e9rature pour pr\u00e9server toutes ses propri\u00e9t\u00e9s nutritives, pr\u00e9sentant une texture p\u00e2t\u00e9 au go\u00fbt irr\u00e9sistible.<\/p>\n<p><strong><u>Composition :<\/u>\u00a0<\/strong><br \/>\nPoulet (70%), bouillon, min\u00e9raux, huile de salmon, produits \u00e0 base de levure, inuline de chicor\u00e9e, algues marines.<\/p>\n<p><strong><u>Additifs :<\/u>\u00a0<\/strong><br \/>\nVitamin A (3a672) 2000 IU\/kg; Vitamin D3 (3a671) 60 IU\/kg; Vitamin E (3a700) 20 IU\/kg; Taurina 1500 mg\/kg; L-carnitina (3a910) 10 mg\/kg; Fe (3b107) 20 mg\/kg; Zn (3b612) 20 mg\/kg; Cu (3b407) 2 mg\/kg; Mn (3b505) 2 mg\/kg; Se (3b8.10) 0,02 mg\/kg<\/p>\n<h2 class=\"ng-star-inserted\"><b>Instructions d\u2019utilisation<\/b><\/h2>\n<p>Conserver dans un endroit sec et frais. Apr\u00e8s ouverture, conserver au r\u00e9frig\u00e9rateur et utiliser avant 2 jours. Servir en vous aidant des rations quotidiennes recommand\u00e9es. Ces quantit\u00e9s sont indicatives, elles doivent \u00eatre adapt\u00e9es aux besoins \u00e9nerg\u00e9tiques de votre chat. Laissez toujours de l\u2019eau propre et fraiche \u00e0 disposition du chat.<\/p>\n<\/div>\n<\/div>\n<\/div>\n<section class=\"category-products block clearfix\"><\/section>\n","protected":false},"excerpt":{"rendered":"<p>Sp\u00e9cialement formul\u00e9 pour maintenir les voies urinaires en bonne sant\u00e9, et ainsi \u00e9viter un probl\u00e8me de sant\u00e9 tr\u00e8s courant chez les chats.<br \/>\n<strong>Taille de la croquette:\u00a0<\/strong>10 mm<\/p>\n","protected":false},"featured_media":37164,"template":"","meta":{"jetpack_publicize_message":"","jetpack_publicize_feature_enabled":true,"jetpack_social_post_already_shared":true,"jetpack_social_options":{"image_generator_settings":{"template":"highway","default_image_id":0,"font":"","enabled":false},"version":2}},"product_brand":[],"product_cat":[187,41,239],"product_tag":[],"class_list":{"0":"post-32971","1":"product","2":"type-product","3":"status-publish","4":"has-post-thumbnail","6":"product_cat-destockage","7":"product_cat-friandises-et-pate-pour-chat","8":"product_cat-pate-humides-chat","10":"first","11":"instock","12":"sale","13":"taxable","14":"shipping-taxable","15":"purchasable","16":"product-type-simple"},"supplier_id":30385,"supplier_sku":"","barcode":null,"atum_controlled":true,"out_stock_date":null,"out_stock_threshold":null,"inheritable":false,"inbound_stock":0,"stock_on_hold":0,"sold_today":0,"sales_last_days":0,"reserved_stock":0,"customer_returns":0,"warehouse_damage":0,"lost_in_post":0,"other_logs":0,"out_stock_days":0,"lost_sales":0,"has_location":false,"update_date":"2026-04-25T08:58:43","atum_locations":[],"atum_stock_status":"instock","restock_status":false,"low_stock_amount":6,"sales_update_date":"2026-04-25T08:58:43","calc_backorders":null,"jetpack_publicize_connections":[],"jetpack_sharing_enabled":true,"batches":[{"id":"7008","date_created":"2025-12-31 10:50:04","date_expiry":"2027-07-30 00:00:00","user_id":"2461","batch_number":"Gosbi Delicat Au Poulet Loaf Aliment Complet Pour Chaton 70g Boite de 16 Sachets Promo0727","location":"","quantity":"12.0000","quantity_available":"11.0000","units":"1","status":"active","order_ids":"[34936,35483,36368,37108,38746]","supplier":"Gosbi","po":{"id":"6947","date_created":"2025-12-31 10:50:05","batch_id":"7008","po_number":"","supplier":"Gosbi","cost":null,"regular_price":null,"sale_price":null,"price_margin":null,"price_discount":null}}],"_links":{"self":[{"href":"https:\/\/petworld.ma\/index.php\/wp-json\/wp\/v2\/product\/32971","targetHints":{"allow":["GET"]}}],"collection":[{"href":"https:\/\/petworld.ma\/index.php\/wp-json\/wp\/v2\/product"}],"about":[{"href":"https:\/\/petworld.ma\/index.php\/wp-json\/wp\/v2\/types\/product"}],"wp:featuredmedia":[{"embeddable":true,"href":"https:\/\/petworld.ma\/index.php\/wp-json\/wp\/v2\/media\/37164"}],"wp:attachment":[{"href":"https:\/\/petworld.ma\/index.php\/wp-json\/wp\/v2\/media?parent=32971"}],"wp:term":[{"taxonomy":"product_brand","embeddable":true,"href":"https:\/\/petworld.ma\/index.php\/wp-json\/wp\/v2\/product_brand?post=32971"},{"taxonomy":"product_cat","embeddable":true,"href":"https:\/\/petworld.ma\/index.php\/wp-json\/wp\/v2\/product_cat?post=32971"},{"taxonomy":"product_tag","embeddable":true,"href":"https:\/\/petworld.ma\/index.php\/wp-json\/wp\/v2\/product_tag?post=32971"}],"curies":[{"name":"wp","href":"https:\/\/api.w.org\/{rel}","templated":true}]}}