{"id":32976,"date":"2025-12-31T10:58:26","date_gmt":"2025-12-31T10:58:26","guid":{"rendered":"https:\/\/petworld.ma\/?post_type=product&#038;p=32976"},"modified":"2026-03-14T13:56:36","modified_gmt":"2026-03-14T13:56:36","slug":"gosbi-delicat-agneau-loaf-aliment-complet-pour-chaton-70g-boite-de-16-sachets-promo","status":"publish","type":"product","link":"https:\/\/petworld.ma\/index.php\/produit\/gosbi-delicat-agneau-loaf-aliment-complet-pour-chaton-70g-boite-de-16-sachets-promo\/","title":{"rendered":"Gosbi Delicat Agneau Loaf Aliment Complet Pour Chaton 70g Boite de 16 Sachets Promo"},"content":{"rendered":"<p>Delicat est le choix parfait pour ceux qui cherchent une alimentation saine et \u00e9quilibr\u00e9e pour leurs chats. Elle est \u00e9labor\u00e9e avec une teneur \u00e9lev\u00e9e en viande fra\u00eeche et uniquement avec des ingr\u00e9dients naturels et frais, sans c\u00e9r\u00e9ales, et en plus cuit \u00e0 la vapeur \u00e0 basse temp\u00e9rature pour pr\u00e9server toutes ses propri\u00e9t\u00e9s nutritives, pr\u00e9sentant une texture p\u00e2t\u00e9 au go\u00fbt irr\u00e9sistible.<\/p>\n<h4 class=\"ng-star-inserted\"><b>Composition<\/b><\/h4>\n<p>Poulet (51%), agneau (21%), bouillon, courge (2%), min\u00e9raux, huile de saumon, produits \u00e0 base de levure, inuline de chicor\u00e9e, algues marines.<\/p>\n<h4 class=\"ng-star-inserted\"><b>Composants analytiques<\/b><\/h4>\n<p>Prot\u00e9ine brute: 12%, mati\u00e8res grasses brutes: 9%, mati\u00e8res inorganiques: 2%, cellulose brute: 0,5%, humidit\u00e9: 75%.<\/p>\n<h2 class=\"ng-star-inserted\"><b>Instructions d\u2019utilisation<\/b><\/h2>\n<p>Conserver dans un endroit sec et frais et \u00e0 l\u2019abri de la lumi\u00e8re directe du soleil. Apr\u00e8s ouverture, conserver au r\u00e9frig\u00e9rateur et utiliser avant 2 jours. Servir en vous aidant des rations journali\u00e8res recommand\u00e9es. Ces quantit\u00e9s sont indicatives, elles doivent \u00eatre adapt\u00e9es aux besoins \u00e9nerg\u00e9tiques de votre chat. Laissez toujours de l\u2019eau propre et fraiche \u00e0 disposition du chat.<\/p>\n","protected":false},"excerpt":{"rendered":"<p>Croissance optimale d\u00e8s le d\u00e9but. Notre recette \u00e0 base d&rsquo;agneau frais, qui apporte de la taurine et tous les nutriments n\u00e9cessaires, garantit un d\u00e9but de vie exceptionnel \u00e0 votre chaton.<\/p>\n","protected":false},"featured_media":37165,"template":"","meta":{"jetpack_publicize_message":"","jetpack_publicize_feature_enabled":true,"jetpack_social_post_already_shared":true,"jetpack_social_options":{"image_generator_settings":{"template":"highway","default_image_id":0,"font":"","enabled":false},"version":2}},"product_brand":[191],"product_cat":[187,41,239],"product_tag":[],"class_list":{"0":"post-32976","1":"product","2":"type-product","3":"status-publish","4":"has-post-thumbnail","6":"product_brand-gosbi","7":"product_cat-destockage","8":"product_cat-friandises-et-pate-pour-chat","9":"product_cat-pate-humides-chat","11":"first","12":"instock","13":"sale","14":"taxable","15":"shipping-taxable","16":"purchasable","17":"product-type-simple"},"supplier_id":30385,"supplier_sku":"","barcode":null,"atum_controlled":true,"out_stock_date":null,"out_stock_threshold":null,"inheritable":false,"inbound_stock":0,"stock_on_hold":0,"sold_today":0,"sales_last_days":0,"reserved_stock":0,"customer_returns":0,"warehouse_damage":0,"lost_in_post":0,"other_logs":0,"out_stock_days":0,"lost_sales":0,"has_location":false,"update_date":"2026-04-25T08:58:43","atum_locations":[],"atum_stock_status":"instock","restock_status":false,"low_stock_amount":5,"sales_update_date":"2026-04-25T08:58:43","calc_backorders":null,"jetpack_publicize_connections":[],"jetpack_sharing_enabled":true,"batches":[{"id":"7010","date_created":"2025-12-31 11:14:44","date_expiry":"2027-06-30 00:00:00","user_id":"2461","batch_number":"Gosbi Delicat Agneau Loaf Aliment Complet Pour Chaton 70g Boite de 16 Sachets Promo0627","location":"","quantity":"12.0000","quantity_available":"10.0000","units":"1","status":"active","order_ids":"[35483,37108]","supplier":"Gosbi","po":{"id":"6949","date_created":"2025-12-31 11:14:45","batch_id":"7010","po_number":"","supplier":"Gosbi","cost":null,"regular_price":null,"sale_price":null,"price_margin":null,"price_discount":null}},{"id":"8279","date_created":"2026-03-14 13:55:48","date_expiry":"2027-06-30 00:00:00","user_id":"2461","batch_number":"Gosbi Delicat Agneau Loaf Aliment Complet Pour Chaton 70g Boite de 16 Sachets Promo0627","location":"","quantity":"3.0000","quantity_available":"3.0000","units":"1","status":"active","order_ids":null,"supplier":"Gosbi","po":{"id":"8206","date_created":"2026-03-14 13:55:48","batch_id":"8279","po_number":"","supplier":"Gosbi","cost":null,"regular_price":null,"sale_price":null,"price_margin":null,"price_discount":null}}],"_links":{"self":[{"href":"https:\/\/petworld.ma\/index.php\/wp-json\/wp\/v2\/product\/32976","targetHints":{"allow":["GET"]}}],"collection":[{"href":"https:\/\/petworld.ma\/index.php\/wp-json\/wp\/v2\/product"}],"about":[{"href":"https:\/\/petworld.ma\/index.php\/wp-json\/wp\/v2\/types\/product"}],"wp:featuredmedia":[{"embeddable":true,"href":"https:\/\/petworld.ma\/index.php\/wp-json\/wp\/v2\/media\/37165"}],"wp:attachment":[{"href":"https:\/\/petworld.ma\/index.php\/wp-json\/wp\/v2\/media?parent=32976"}],"wp:term":[{"taxonomy":"product_brand","embeddable":true,"href":"https:\/\/petworld.ma\/index.php\/wp-json\/wp\/v2\/product_brand?post=32976"},{"taxonomy":"product_cat","embeddable":true,"href":"https:\/\/petworld.ma\/index.php\/wp-json\/wp\/v2\/product_cat?post=32976"},{"taxonomy":"product_tag","embeddable":true,"href":"https:\/\/petworld.ma\/index.php\/wp-json\/wp\/v2\/product_tag?post=32976"}],"curies":[{"name":"wp","href":"https:\/\/api.w.org\/{rel}","templated":true}]}}