{"id":33246,"date":"2026-01-07T10:33:24","date_gmt":"2026-01-07T10:33:24","guid":{"rendered":"https:\/\/petworld.ma\/?post_type=product&#038;p=33246"},"modified":"2026-03-12T17:17:56","modified_gmt":"2026-03-12T17:17:56","slug":"vitakraft-alimentation-pour-oiseaux-domestiques-delicieux-krackers-au-miel-et-sesame-2-x-30g","status":"publish","type":"product","link":"https:\/\/petworld.ma\/index.php\/produit\/vitakraft-alimentation-pour-oiseaux-domestiques-delicieux-krackers-au-miel-et-sesame-2-x-30g\/","title":{"rendered":"Vitakraft Alimentation Pour Oiseaux Domestiques D\u00e9licieux Krackers au Miel et S\u00e9same 2 x 30g"},"content":{"rendered":"<div id=\"DESCR_TINY-bloc-2\" class=\"stylusBloc stylusBloc--text stylusBloc--autogen\">\n<div class=\"stylusBloc__content\">\n<div class=\"zms-title-div\">\n<div class=\"zms-title\" data-size=\"t1\">\n<div id=\"DESCR_TINY-bloc-2\" class=\"stylusBloc stylusBloc--text stylusBloc--autogen\">\n<div class=\"stylusBloc__content\">\n<div class=\"zms-title-div\">\n<div class=\"zms-title\" data-size=\"t1\">\n<div class=\"nav-tabs__content\">\n<div class=\"product-zmstylus mwct2\">\n<div id=\"DESCR_TINY-bloc-1\" class=\"stylusBloc stylusBloc--text\">\n<div class=\"stylusBloc__content\">\n<ul class=\"sectionpaenlbady\">\n<li><span class=\"a-list-item\">ALIMENTATION COMPL\u00c9MENTAIRE POUR CANARIS : Le snack aux ingr\u00e9dients naturels de haute qualit\u00e9 pr\u00e9f\u00e9r\u00e9 des Oiseaux Domestiques<\/span><\/li>\n<li><span class=\"a-list-item\">PLAISIR, SANT\u00c9 ET OCCUPATION : Le plaisir de picorer longtemps et naturellement pour une lutte contre l\u2019ennui et une aide au soin du bec. Le clip de fixation rend l&rsquo;usage du Kracker tr\u00e8s pratique<\/span><\/li>\n<li><span class=\"a-list-item\">PROC\u00c9D\u00c9 DE FABRICATION UNIQUE : une triple cuisson sur un b\u00e2ton de bois non trait\u00e9 pour maintenir les saveurs et \u00e9viter l\u2019\u00e9miettement ADAPT\u00c9 \u00c0 L\u2019ESP\u00c8CE et \u00e0 ses pr\u00e9f\u00e9rences alimentaires<\/span><\/li>\n<li><span class=\"a-list-item\">UN GOUT D\u00c9LICIEUX : un m\u00e9lange gourmand de c\u00e9r\u00e9ales et de graines, de miel, de fruits ou l\u00e9gumes dans une recette naturelle sans sucres ajout\u00e9s et enrichie en vitamines essentielles<\/span><\/li>\n<li><span class=\"a-list-item\"><span class=\"a-list-item\">POUR L&rsquo;AMOUR DES ANIMAUX : Depuis 1837, nous vous accompagnons au quotidien en vous proposant une alimentation, des produits d&rsquo;hygi\u00e8ne et des accessoires qui respectent les besoins singuliers de chaque animal domestique et du jardin<br \/>\n<\/span><\/span><\/p>\n<h3>du produit<\/h3>\n<p>Les Kr\u00e4ckers de Vitakraft sont une friandise irr\u00e9sistible pour les oiseaux domestiques, offrant une exp\u00e9rience de d\u00e9gustation d\u00e9licieuse et divertissante. Formul\u00e9s avec des ingr\u00e9dients de qualit\u00e9, ces Kr\u00e4ckers contribuent \u00e0 la satisfaction alimentaire et au bien-\u00eatre de vos pr\u00e9cieux compagnons \u00e0 plumes. Depuis plus de 180 ans, Vitakraft oeuvre quotidiennement pour offrir \u00e0 tous les propri\u00e9taires d&rsquo;animaux les cl\u00e9s pour entretenir la force vitale de leurs compagnons. Tous les jours, nous nous battons pour une alimentation responsable en concevant des recettes saines et \u00e9quilibr\u00e9es qui r\u00e9pondent aux besoins nutritionnels de chaque animal en respectant leur vraie nature. Choisir Vitakraft, c&rsquo;est choisir des aliments sains, naturels, riches en go\u00fbts, mais surtout, bons pour la sant\u00e9 de vos animaux de compagnie. Aujourd\u2019hui, Vitakraft offre une large gamme d\u2019alimentation pour chiens, chats, oiseaux, petits mammif\u00e8res et poissons. Et comme la sant\u00e9 de nos compagnons ne d\u00e9pend pas seulement de leur nourriture, mais aussi de leur hygi\u00e8ne et de leur \u00e9panouissement psychologique, nous proposons \u00e9galement des friandises, des jouets et toutes sortes d\u2019accessoires pour prendre soin de vos animaux tout en leur faisant plaisir. Si Vitakraft signifie Force Vitale, c&rsquo;est parce que toutes nos actions sont pens\u00e9es pour le bien-\u00eatre de nos compagnons du quotidien. Parce que notre union fait leur force vitale. Vitakraft. Par amour.<\/li>\n<\/ul>\n<\/div>\n<\/div>\n<\/div>\n<\/div>\n<\/div>\n<\/div>\n<\/div>\n<\/div>\n<\/div>\n<\/div>\n<\/div>\n<\/div>\n","protected":false},"excerpt":{"rendered":"<p>En paquet de 2 x 30 g, les b\u00e2tonnets Prestige Sticks \u0153ufs et thym de Versele Laga permettent de faire plaisir aux petites perruches et aux petits perroquets.<\/p>\n","protected":false},"featured_media":33250,"template":"","meta":{"jetpack_publicize_message":"","jetpack_publicize_feature_enabled":true,"jetpack_social_post_already_shared":true,"jetpack_social_options":{"image_generator_settings":{"template":"highway","default_image_id":0,"font":"","enabled":false},"version":2}},"product_brand":[],"product_cat":[141],"product_tag":[],"class_list":{"0":"post-33246","1":"product","2":"type-product","3":"status-publish","4":"has-post-thumbnail","6":"product_cat-oiseaux","8":"first","9":"outofstock","10":"taxable","11":"shipping-taxable","12":"purchasable","13":"product-type-simple"},"supplier_id":33247,"supplier_sku":"","barcode":null,"atum_controlled":true,"out_stock_date":"2026-03-12 17:17:56","out_stock_threshold":null,"inheritable":false,"inbound_stock":0,"stock_on_hold":0,"sold_today":0,"sales_last_days":0,"reserved_stock":0,"customer_returns":0,"warehouse_damage":0,"lost_in_post":0,"other_logs":0,"out_stock_days":44,"lost_sales":0,"has_location":false,"update_date":"2026-04-26T00:14:36","atum_locations":[],"atum_stock_status":"outofstock","restock_status":false,"low_stock_amount":1,"sales_update_date":"2026-04-26T00:14:35","calc_backorders":null,"jetpack_publicize_connections":[],"jetpack_sharing_enabled":true,"batches":[{"id":"7076","date_created":"2026-01-07 10:54:48","date_expiry":"2027-10-30 00:00:00","user_id":"2461","batch_number":"Vitakraft Alimentation Pour Oiseaux Domestiques D\u00e9licieux Krackers au Miel et S\u00e9same 2 x 30g301027","location":"","quantity":"10.0000","quantity_available":"0.0000","units":"1","status":"archived","order_ids":"[33252,34810,34898,35027]","supplier":"Mourad","po":{"id":"7014","date_created":"2026-01-07 10:54:49","batch_id":"7076","po_number":"","supplier":"Mourad","cost":null,"regular_price":null,"sale_price":null,"price_margin":null,"price_discount":null}}],"_links":{"self":[{"href":"https:\/\/petworld.ma\/index.php\/wp-json\/wp\/v2\/product\/33246","targetHints":{"allow":["GET"]}}],"collection":[{"href":"https:\/\/petworld.ma\/index.php\/wp-json\/wp\/v2\/product"}],"about":[{"href":"https:\/\/petworld.ma\/index.php\/wp-json\/wp\/v2\/types\/product"}],"wp:featuredmedia":[{"embeddable":true,"href":"https:\/\/petworld.ma\/index.php\/wp-json\/wp\/v2\/media\/33250"}],"wp:attachment":[{"href":"https:\/\/petworld.ma\/index.php\/wp-json\/wp\/v2\/media?parent=33246"}],"wp:term":[{"taxonomy":"product_brand","embeddable":true,"href":"https:\/\/petworld.ma\/index.php\/wp-json\/wp\/v2\/product_brand?post=33246"},{"taxonomy":"product_cat","embeddable":true,"href":"https:\/\/petworld.ma\/index.php\/wp-json\/wp\/v2\/product_cat?post=33246"},{"taxonomy":"product_tag","embeddable":true,"href":"https:\/\/petworld.ma\/index.php\/wp-json\/wp\/v2\/product_tag?post=33246"}],"curies":[{"name":"wp","href":"https:\/\/api.w.org\/{rel}","templated":true}]}}