{"id":33325,"date":"2026-01-09T09:55:05","date_gmt":"2026-01-09T09:55:05","guid":{"rendered":"https:\/\/petworld.ma\/?post_type=product&#038;p=33325"},"modified":"2026-03-12T17:18:02","modified_gmt":"2026-03-12T17:18:02","slug":"vitakraft-alimentation-pour-oiseaux-domestiques-delicieux-krackers-pour-canaris-aux-fruits-2-x-30g","status":"publish","type":"product","link":"https:\/\/petworld.ma\/index.php\/produit\/vitakraft-alimentation-pour-oiseaux-domestiques-delicieux-krackers-pour-canaris-aux-fruits-2-x-30g\/","title":{"rendered":"Vitakraft Alimentation Pour Oiseaux Domestiques D\u00e9licieux Krackers Pour Canaris Aux Fruits 2 x 30g"},"content":{"rendered":"<div id=\"DESCR_TINY-bloc-2\" class=\"stylusBloc stylusBloc--text stylusBloc--autogen\">\n<div class=\"stylusBloc__content\">\n<div class=\"zms-title-div\">\n<div class=\"zms-title\" data-size=\"t1\">\n<div id=\"DESCR_TINY-bloc-2\" class=\"stylusBloc stylusBloc--text stylusBloc--autogen\">\n<div class=\"stylusBloc__content\">\n<div class=\"zms-title-div\">\n<div class=\"zms-title\" data-size=\"t1\">\n<div class=\"nav-tabs__content\">\n<div class=\"product-zmstylus mwct2\">\n<div id=\"DESCR_TINY-bloc-1\" class=\"stylusBloc stylusBloc--text\">\n<div class=\"stylusBloc__content\">\n<p>Le Kr\u00e4cker\u00ae Vitakraft original est une friandise responsable aux graines, aux c\u00e9r\u00e9ales, aux abricots et aux figues sur un b\u00e2ton de bois naturel qui peut \u00eatre picor\u00e9. Le Kr\u00e4cker\u00ae a un go\u00fbt d\u00e9licieux et est cuit 3 fois pour bien fixer les ingr\u00e9dients et permettre au canari de rester actif et se d\u00e9penser tout comme il le ferait dans la nature. Il stimule l&rsquo;activit\u00e9 de l&rsquo;oiseau et lui permet d&rsquo;user son bec de fa\u00e7on naturelle. Le Kr\u00e4cker\u00ae est adapt\u00e9 aux besoins nutritionnels des canaris. Contient des vitamines essentielles et est fabriqu\u00e9 selon une recette sans sucre.<\/p>\n<h3><strong class=\"text-white\">Composition<\/strong><\/h3>\n<p>c\u00e9r\u00e9ales, graines, fruits (figue d\u00e9shydrat\u00e9e 1,5%, abricot d\u00e9shydrat\u00e9 0,88%), substances min\u00e9rales, sous-produits d&rsquo;origine v\u00e9g\u00e9tale, miel,\u0153ufs et produits d&rsquo;oeufs, l\u00e9gumes, algues<\/p>\n<p><strong class=\"text-white\">Additives<\/strong><\/p>\n<p>vitamine\u00a0A\u00a07100 i.E.<\/p>\n<p>vitamine\u00a0D3 710 i.E.<\/p>\n<p>colorants<\/p>\n<p>conservateurs<\/p>\n<p><strong class=\"text-white\">Nutrition advice<\/strong><\/p>\n<p>Placer un Kr\u00e4cker\u00ae en permanence dans la cage. A conserver au sec et \u00e0 l&rsquo;abri de la chaleur.<\/p>\n<\/div>\n<\/div>\n<\/div>\n<\/div>\n<\/div>\n<\/div>\n<\/div>\n<\/div>\n<\/div>\n<\/div>\n<\/div>\n<\/div>\n","protected":false},"excerpt":{"rendered":"<p>En paquet de 2 x 30 g, les b\u00e2tonnets Prestige Sticks \u0153ufs et thym de Versele Laga permettent de faire plaisir aux petites perruches et aux petits perroquets.<\/p>\n","protected":false},"featured_media":35041,"template":"","meta":{"jetpack_publicize_message":"","jetpack_publicize_feature_enabled":true,"jetpack_social_post_already_shared":true,"jetpack_social_options":{"image_generator_settings":{"template":"highway","default_image_id":0,"font":"","enabled":false},"version":2}},"product_brand":[],"product_cat":[141],"product_tag":[],"class_list":{"0":"post-33325","1":"product","2":"type-product","3":"status-publish","4":"has-post-thumbnail","6":"product_cat-oiseaux","8":"first","9":"outofstock","10":"taxable","11":"shipping-taxable","12":"purchasable","13":"product-type-simple"},"supplier_id":33247,"supplier_sku":"","barcode":null,"atum_controlled":true,"out_stock_date":"2026-03-12 17:18:02","out_stock_threshold":null,"inheritable":false,"inbound_stock":0,"stock_on_hold":0,"sold_today":0,"sales_last_days":0,"reserved_stock":0,"customer_returns":0,"warehouse_damage":0,"lost_in_post":0,"other_logs":0,"out_stock_days":48,"lost_sales":0,"has_location":false,"update_date":"2026-04-30T00:17:34","atum_locations":[],"atum_stock_status":"outofstock","restock_status":false,"low_stock_amount":1,"sales_update_date":"2026-04-30T00:17:34","calc_backorders":null,"jetpack_publicize_connections":[],"jetpack_sharing_enabled":true,"batches":[{"id":"7087","date_created":"2026-01-09 10:01:16","date_expiry":"2027-10-30 00:00:00","user_id":"9","batch_number":"Vitakraft Alimentation Pour Oiseaux Domestiques D\u00e9licieux Krackers Pour Canaris Aux Fruits 2 x 30g 301027","location":"","quantity":"10.0000","quantity_available":"0.0000","units":"1","status":"archived","order_ids":"[33377,34454,36738,36775,37085]","supplier":"Mourad","po":{"id":"7023","date_created":"2026-01-09 10:01:16","batch_id":"7087","po_number":"","supplier":"Mourad","cost":null,"regular_price":null,"sale_price":null,"price_margin":null,"price_discount":null}}],"_links":{"self":[{"href":"https:\/\/petworld.ma\/index.php\/wp-json\/wp\/v2\/product\/33325","targetHints":{"allow":["GET"]}}],"collection":[{"href":"https:\/\/petworld.ma\/index.php\/wp-json\/wp\/v2\/product"}],"about":[{"href":"https:\/\/petworld.ma\/index.php\/wp-json\/wp\/v2\/types\/product"}],"wp:featuredmedia":[{"embeddable":true,"href":"https:\/\/petworld.ma\/index.php\/wp-json\/wp\/v2\/media\/35041"}],"wp:attachment":[{"href":"https:\/\/petworld.ma\/index.php\/wp-json\/wp\/v2\/media?parent=33325"}],"wp:term":[{"taxonomy":"product_brand","embeddable":true,"href":"https:\/\/petworld.ma\/index.php\/wp-json\/wp\/v2\/product_brand?post=33325"},{"taxonomy":"product_cat","embeddable":true,"href":"https:\/\/petworld.ma\/index.php\/wp-json\/wp\/v2\/product_cat?post=33325"},{"taxonomy":"product_tag","embeddable":true,"href":"https:\/\/petworld.ma\/index.php\/wp-json\/wp\/v2\/product_tag?post=33325"}],"curies":[{"name":"wp","href":"https:\/\/api.w.org\/{rel}","templated":true}]}}