{"id":3336,"date":"2023-07-23T18:40:13","date_gmt":"2023-07-23T18:40:13","guid":{"rendered":"https:\/\/petworld.ma\/?post_type=product&#038;p=3336"},"modified":"2026-04-15T10:19:44","modified_gmt":"2026-04-15T10:19:44","slug":"mera-fitnest-fit-pochon-hair-skin-85g","status":"publish","type":"product","link":"https:\/\/petworld.ma\/index.php\/produit\/mera-fitnest-fit-pochon-hair-skin-85g\/","title":{"rendered":"Mera Fitnest Fit Pochon Hair and Skin 85G"},"content":{"rendered":"<div>\n<p>La nourriture humide la plus fine Fit Hair&amp;Skin est adapt\u00e9e aux besoins particuliers des chats adultes ayant des probl\u00e8mes de peau et de pelage. La d\u00e9licieuse combinaison de poulet frais et d\u2019autres ingr\u00e9dients pr\u00e9cieux est un changement bienvenu par rapport \u00e0 la nourriture humide. Avec de la biotine pour la peau et le pelage.<\/p>\n<p>Une alimentation holistique et adapt\u00e9e \u00e0 l\u2019esp\u00e8ce est au c\u0153ur de nos meilleurs produits. La bonne nourriture s\u00e8che, la nourriture humide et les collations sont adapt\u00e9es aux exigences des phases sp\u00e9ciales de la vie ou aux besoins particuliers des chats.<\/p>\n<div class=\"h6 text-sm mb-2 leading-5 font-extra-semibold !text-museo-bold text-mera-dark-grey\"><strong>Ingr\u00e9dients:<\/strong><\/div>\n<div class=\"data-content text-museo-regular text-sm leading-5 font-normal text-mera-dark-grey\">\n<p>Poulet (70\u00a0% compos\u00e9 de c\u0153urs de poulet, viande de poulet, foies de poulet, estomacs de poulet, cous de poulet), bouillon 28\u00a0%, min\u00e9raux 1\u00a0%, inuline 0,5\u00a0%, huile de saumon 0,2\u00a0%, huile de tournesol 0,2\u00a0%, levure de bi\u00e8re 0,1\u00a0%.<\/p>\n<\/div>\n<\/div>\n<div>\n<div>\n<div><\/div>\n<\/div>\n<\/div>\n","protected":false},"excerpt":{"rendered":"<p>Fines fit Hair&amp;Skin \u2013 nourriture humide pour chats ayant des probl\u00e8mes de peau ou de pelage<\/p>\n","protected":false},"featured_media":3337,"template":"","meta":{"jetpack_publicize_message":"","jetpack_publicize_feature_enabled":true,"jetpack_social_post_already_shared":false,"jetpack_social_options":{"image_generator_settings":{"template":"highway","default_image_id":0,"font":"","enabled":false},"version":2}},"product_brand":[],"product_cat":[41],"product_tag":[],"class_list":{"0":"post-3336","1":"product","2":"type-product","3":"status-publish","4":"has-post-thumbnail","6":"product_cat-friandises-et-pate-pour-chat","8":"first","9":"instock","10":"taxable","11":"shipping-taxable","12":"purchasable","13":"product-type-simple"},"supplier_id":5588,"supplier_sku":"036067","barcode":null,"atum_controlled":true,"out_stock_date":null,"out_stock_threshold":null,"inheritable":false,"inbound_stock":0,"stock_on_hold":0,"sold_today":0,"sales_last_days":0,"reserved_stock":0,"customer_returns":0,"warehouse_damage":0,"lost_in_post":0,"other_logs":0,"out_stock_days":0,"lost_sales":0,"has_location":false,"update_date":"2026-04-28T00:13:00","atum_locations":[],"atum_stock_status":"instock","restock_status":false,"low_stock_amount":18,"sales_update_date":"2026-04-28T00:12:59","calc_backorders":null,"jetpack_publicize_connections":[],"jetpack_sharing_enabled":true,"batches":[{"id":"426","date_created":"2024-09-30 07:39:50","date_expiry":"2026-01-10 00:00:00","user_id":"2760","batch_number":"PochonMeraHairSkin100126","location":"","quantity":"30.0000","quantity_available":"0.0000","units":"1","status":"archived","order_ids":"[12579,13047,13701,13964,14152,14385,14757,15829,15933,16130,17438]","supplier":"mera","po":{"id":"415","date_created":"2024-09-30 07:39:50","batch_id":"426","po_number":"","supplier":"mera","cost":null,"regular_price":null,"sale_price":null,"price_margin":null,"price_discount":null}},{"id":"1361","date_created":"2024-12-24 11:19:26","date_expiry":"2026-01-10 00:00:00","user_id":"2760","batch_number":"PochonMeraHairSkin100126","location":"","quantity":"36.0000","quantity_available":"0.0000","units":"1","status":"archived","order_ids":"[17438,17962,18297,18656,18673,19021]","supplier":"mera","po":{"id":"1335","date_created":"2024-12-24 11:19:29","batch_id":"1361","po_number":"","supplier":"mera","cost":null,"regular_price":null,"sale_price":null,"price_margin":null,"price_discount":null}},{"id":"2208","date_created":"2025-02-27 21:12:56","date_expiry":"2026-01-10 00:00:00","user_id":"2760","batch_number":"PochonMeraHairSkin100126","location":"","quantity":"12.0000","quantity_available":"0.0000","units":"1","status":"archived","order_ids":"[18632]","supplier":"mera","po":{"id":"2177","date_created":"2025-02-27 21:12:59","batch_id":"2208","po_number":"","supplier":"mera","cost":null,"regular_price":null,"sale_price":null,"price_margin":null,"price_discount":null}},{"id":"2257","date_created":"2025-03-06 20:45:28","date_expiry":"2026-01-10 00:00:00","user_id":"2760","batch_number":"PochonMeraHairSkin100126","location":"","quantity":"12.0000","quantity_available":"0.0000","units":"1","status":"archived","order_ids":"[19021,19531]","supplier":"mera","po":{"id":"2226","date_created":"2025-03-06 20:45:32","batch_id":"2257","po_number":"","supplier":"mera","cost":null,"regular_price":null,"sale_price":null,"price_margin":null,"price_discount":null}},{"id":"2434","date_created":"2025-03-22 09:14:31","date_expiry":"2026-01-10 00:00:00","user_id":"2760","batch_number":"PochonMeraHairSkin100126","location":"","quantity":"24.0000","quantity_available":"0.0000","units":"1","status":"archived","order_ids":"[19531,19711,20241,20755,20808]","supplier":"mera","po":{"id":"2403","date_created":"2025-03-22 09:14:34","batch_id":"2434","po_number":"","supplier":"mera","cost":null,"regular_price":null,"sale_price":null,"price_margin":null,"price_discount":null}},{"id":"4055","date_created":"2025-06-18 21:34:23","date_expiry":"2027-06-14 00:00:00","user_id":"2760","batch_number":"PochonMeraHairSkin14062027","location":"","quantity":"36.0000","quantity_available":"0.0000","units":"1","status":"archived","order_ids":"[23634,24459]","supplier":"mera","po":{"id":"4019","date_created":"2025-06-18 21:34:23","batch_id":"4055","po_number":"","supplier":"mera","cost":null,"regular_price":null,"sale_price":null,"price_margin":null,"price_discount":null}},{"id":"4536","date_created":"2025-07-21 20:30:44","date_expiry":"2027-06-14 00:00:00","user_id":"2760","batch_number":"PochonMeraHairSkin14062027","location":"","quantity":"43.0000","quantity_available":"0.0000","units":"1","status":"archived","order_ids":"[25239,25533,25703,25963,26051,26094,26340]","supplier":"mera","po":{"id":"4500","date_created":"2025-07-21 20:30:44","batch_id":"4536","po_number":"","supplier":"mera","cost":null,"regular_price":null,"sale_price":null,"price_margin":null,"price_discount":null}},{"id":"4999","date_created":"2025-08-26 22:22:39","date_expiry":"2027-06-14 00:00:00","user_id":"2760","batch_number":"PochonMeraHairSkin14062027","location":"","quantity":"24.0000","quantity_available":"0.0000","units":"1","status":"archived","order_ids":"[26340,26486,27147,28142]","supplier":"mera","po":{"id":"4963","date_created":"2025-08-26 22:22:40","batch_id":"4999","po_number":"","supplier":"mera","cost":null,"regular_price":null,"sale_price":null,"price_margin":null,"price_discount":null}},{"id":"5198","date_created":"2025-09-08 08:41:36","date_expiry":"2027-06-14 00:00:00","user_id":"2760","batch_number":"PochonMeraHairSkin14062027","location":"","quantity":"48.0000","quantity_available":"1.0000","units":"1","status":"active","order_ids":"[28142,28306,28589,29185,29557,29629,34453,34940,35255,37315,37889]","supplier":"mera","po":{"id":"5155","date_created":"2025-09-08 08:41:37","batch_id":"5198","po_number":"","supplier":"mera","cost":null,"regular_price":null,"sale_price":null,"price_margin":null,"price_discount":null}},{"id":"5975","date_created":"2025-11-04 12:52:35","date_expiry":"2027-06-14 00:00:00","user_id":"2760","batch_number":"PochonMeraHairSkin14062027","location":"","quantity":"12.0000","quantity_available":"0.0000","units":"1","status":"archived","order_ids":"[30314,31915,34453]","supplier":"mera","po":{"id":"5918","date_created":"2025-11-04 12:52:35","batch_id":"5975","po_number":"","supplier":"mera","cost":null,"regular_price":null,"sale_price":null,"price_margin":null,"price_discount":null}},{"id":"7507","date_created":"2026-02-04 22:57:56","date_expiry":"2027-06-14 00:00:00","user_id":"2760","batch_number":"PochonMeraHairSkin14062027","location":"","quantity":"12.0000","quantity_available":"12.0000","units":"1","status":"active","order_ids":null,"supplier":"mera","po":{"id":"7442","date_created":"2026-02-04 22:57:57","batch_id":"7507","po_number":"","supplier":"mera","cost":null,"regular_price":null,"sale_price":null,"price_margin":null,"price_discount":null}},{"id":"8816","date_created":"2026-04-15 10:19:43","date_expiry":"2027-06-14 00:00:00","user_id":"2760","batch_number":"PochonMeraHairSkin14062027","location":"","quantity":"12.0000","quantity_available":"12.0000","units":"1","status":"active","order_ids":null,"supplier":"mera","po":{"id":"8743","date_created":"2026-04-15 10:19:43","batch_id":"8816","po_number":"","supplier":"mera","cost":null,"regular_price":null,"sale_price":null,"price_margin":null,"price_discount":null}}],"_links":{"self":[{"href":"https:\/\/petworld.ma\/index.php\/wp-json\/wp\/v2\/product\/3336","targetHints":{"allow":["GET"]}}],"collection":[{"href":"https:\/\/petworld.ma\/index.php\/wp-json\/wp\/v2\/product"}],"about":[{"href":"https:\/\/petworld.ma\/index.php\/wp-json\/wp\/v2\/types\/product"}],"wp:featuredmedia":[{"embeddable":true,"href":"https:\/\/petworld.ma\/index.php\/wp-json\/wp\/v2\/media\/3337"}],"wp:attachment":[{"href":"https:\/\/petworld.ma\/index.php\/wp-json\/wp\/v2\/media?parent=3336"}],"wp:term":[{"taxonomy":"product_brand","embeddable":true,"href":"https:\/\/petworld.ma\/index.php\/wp-json\/wp\/v2\/product_brand?post=3336"},{"taxonomy":"product_cat","embeddable":true,"href":"https:\/\/petworld.ma\/index.php\/wp-json\/wp\/v2\/product_cat?post=3336"},{"taxonomy":"product_tag","embeddable":true,"href":"https:\/\/petworld.ma\/index.php\/wp-json\/wp\/v2\/product_tag?post=3336"}],"curies":[{"name":"wp","href":"https:\/\/api.w.org\/{rel}","templated":true}]}}