{"id":3338,"date":"2023-07-23T18:56:11","date_gmt":"2023-07-23T18:56:11","guid":{"rendered":"https:\/\/petworld.ma\/?post_type=product&#038;p=3338"},"modified":"2026-03-12T16:02:38","modified_gmt":"2026-03-12T16:02:38","slug":"mera-fitnest-fit-pochon-indoor-85g","status":"publish","type":"product","link":"https:\/\/petworld.ma\/index.php\/produit\/mera-fitnest-fit-pochon-indoor-85g\/","title":{"rendered":"Mera Fitnest Fit Pochon Indoor 85G"},"content":{"rendered":"<p>Finest Fit Indoor \u2013 Nourriture humide pour chats domestiques<\/p>\n<p>La nourriture humide Finest Fit Indoor est adapt\u00e9e aux besoins particuliers des chats domestiques adultes. La d\u00e9licieuse combinaison de poulet frais et d\u2019autres ingr\u00e9dients pr\u00e9cieux est un changement bienvenu par rapport \u00e0 la nourriture humide. Avec des fibres v\u00e9g\u00e9tales sp\u00e9ciales pour \u00e9viter les boules de poils.<\/p>\n<p>Une alimentation holistique et adapt\u00e9e \u00e0 l\u2019esp\u00e8ce est au c\u0153ur de nos meilleurs produits. La bonne nourriture s\u00e8che, la nourriture humide et les collations sont adapt\u00e9es aux exigences des phases sp\u00e9ciales de la vie ou aux besoins particuliers des chats.<\/p>\n<div class=\"h6 text-sm mb-2 leading-5 font-extra-semibold !text-museo-bold text-mera-dark-grey\"><strong>Ingr\u00e9dients:<\/strong><\/div>\n<div class=\"data-content text-museo-regular text-sm leading-5 font-normal text-mera-dark-grey\">\n<p>Poulet (70\u00a0% compos\u00e9 de c\u0153urs de poulet, viande de poulet, foies de poulet, estomacs de poulet, cous de poulet), bouillon<br \/>\n26,4\u00a0%, min\u00e9raux 1\u00a0%, framboise 0,5\u00a0%, m\u00fbre 0,5\u00a0%, myrtille 0,5\u00a0%, inuline 0,5\u00a0%, cellulose 0,3\u00a0%, huile de saumon 0,1\u00a0%, huile de tournesol 0,1\u00a0%, levure de bi\u00e8re 0,1\u00a0%.<\/p>\n<\/div>\n","protected":false},"excerpt":{"rendered":"<p>Fines fit Indoor \u2013 nourriture humide pour chats d&rsquo;int\u00e9rieur<\/p>\n","protected":false},"featured_media":3339,"template":"","meta":{"jetpack_publicize_message":"","jetpack_publicize_feature_enabled":true,"jetpack_social_post_already_shared":false,"jetpack_social_options":{"image_generator_settings":{"template":"highway","default_image_id":0,"font":"","enabled":false},"version":2}},"product_brand":[],"product_cat":[41],"product_tag":[],"class_list":{"0":"post-3338","1":"product","2":"type-product","3":"status-publish","4":"has-post-thumbnail","6":"product_cat-friandises-et-pate-pour-chat","8":"first","9":"instock","10":"taxable","11":"shipping-taxable","12":"purchasable","13":"product-type-simple"},"supplier_id":5588,"supplier_sku":"035567","barcode":null,"atum_controlled":true,"out_stock_date":null,"out_stock_threshold":null,"inheritable":false,"inbound_stock":0,"stock_on_hold":0,"sold_today":0,"sales_last_days":0,"reserved_stock":0,"customer_returns":0,"warehouse_damage":0,"lost_in_post":0,"other_logs":0,"out_stock_days":0,"lost_sales":0,"has_location":false,"update_date":"2026-04-25T00:11:57","atum_locations":[],"atum_stock_status":"instock","restock_status":false,"low_stock_amount":18,"sales_update_date":"2026-04-25T00:11:56","calc_backorders":null,"jetpack_publicize_connections":[],"jetpack_sharing_enabled":true,"batches":[{"id":"427","date_created":"2024-09-30 07:41:07","date_expiry":"2026-12-02 00:00:00","user_id":"50","batch_number":"MeraPochonIndoor021226","location":"","quantity":"42.0000","quantity_available":"0.0000","units":"1","status":"archived","order_ids":"[12220,12578,13695,13964,14165,14189,14879,14900,15454,16116,17013,17438]","supplier":"mera","po":{"id":"416","date_created":"2024-09-30 07:41:08","batch_id":"427","po_number":"","supplier":"mera","cost":null,"regular_price":null,"sale_price":null,"price_margin":null,"price_discount":null}},{"id":"1221","date_created":"2024-12-16 22:08:59","date_expiry":"2026-12-02 00:00:00","user_id":"50","batch_number":"MeraPochonIndoor021226","location":"","quantity":"24.0000","quantity_available":"0.0000","units":"1","status":"archived","order_ids":"[17438,17857,18632]","supplier":"MERA","po":{"id":"1194","date_created":"2024-12-17 10:31:58","batch_id":"1221","po_number":"","supplier":"MERA","cost":null,"regular_price":null,"sale_price":null,"price_margin":null,"price_discount":null}},{"id":"5199","date_created":"2025-09-08 08:47:08","date_expiry":"2027-06-14 00:00:00","user_id":"50","batch_number":"MeraPochonIndoor140627","location":"","quantity":"36.0000","quantity_available":"0.0000","units":"1","status":"archived","order_ids":"[29072,29644,31640,31854,31915,32368,35255]","supplier":"mera","po":{"id":"5157","date_created":"2025-09-08 08:47:14","batch_id":"5199","po_number":"","supplier":"mera","cost":null,"regular_price":null,"sale_price":null,"price_margin":null,"price_discount":null}},{"id":"5200","date_created":"2025-09-08 08:47:09","date_expiry":"2027-06-14 00:00:00","user_id":"50","batch_number":"MeraPochonIndoor140627","location":"","quantity":"0.0000","quantity_available":"0.0000","units":"1","status":"archived","order_ids":null,"supplier":"mera","po":{"id":"5156","date_created":"2025-09-08 08:47:10","batch_id":"5200","po_number":"","supplier":"mera","cost":null,"regular_price":null,"sale_price":null,"price_margin":null,"price_discount":null}},{"id":"7079","date_created":"2026-01-07 14:28:35","date_expiry":"2027-06-30 00:00:00","user_id":"50","batch_number":"MeraPochonIndoor300627","location":"","quantity":"24.0000","quantity_available":"19.0000","units":"1","status":"active","order_ids":"[35255]","supplier":"mera","po":{"id":"7015","date_created":"2026-01-07 14:28:36","batch_id":"7079","po_number":"","supplier":"mera","cost":null,"regular_price":null,"sale_price":null,"price_margin":null,"price_discount":null}}],"_links":{"self":[{"href":"https:\/\/petworld.ma\/index.php\/wp-json\/wp\/v2\/product\/3338","targetHints":{"allow":["GET"]}}],"collection":[{"href":"https:\/\/petworld.ma\/index.php\/wp-json\/wp\/v2\/product"}],"about":[{"href":"https:\/\/petworld.ma\/index.php\/wp-json\/wp\/v2\/types\/product"}],"wp:featuredmedia":[{"embeddable":true,"href":"https:\/\/petworld.ma\/index.php\/wp-json\/wp\/v2\/media\/3339"}],"wp:attachment":[{"href":"https:\/\/petworld.ma\/index.php\/wp-json\/wp\/v2\/media?parent=3338"}],"wp:term":[{"taxonomy":"product_brand","embeddable":true,"href":"https:\/\/petworld.ma\/index.php\/wp-json\/wp\/v2\/product_brand?post=3338"},{"taxonomy":"product_cat","embeddable":true,"href":"https:\/\/petworld.ma\/index.php\/wp-json\/wp\/v2\/product_cat?post=3338"},{"taxonomy":"product_tag","embeddable":true,"href":"https:\/\/petworld.ma\/index.php\/wp-json\/wp\/v2\/product_tag?post=3338"}],"curies":[{"name":"wp","href":"https:\/\/api.w.org\/{rel}","templated":true}]}}