{"id":3340,"date":"2023-07-23T19:01:16","date_gmt":"2023-07-23T19:01:16","guid":{"rendered":"https:\/\/petworld.ma\/?post_type=product&#038;p=3340"},"modified":"2026-04-15T10:20:25","modified_gmt":"2026-04-15T10:20:25","slug":"mera-fitnest-fit-pochon-kitten-85g","status":"publish","type":"product","link":"https:\/\/petworld.ma\/index.php\/produit\/mera-fitnest-fit-pochon-kitten-85g\/","title":{"rendered":"Mera Fitnest Fit Pochon Kitten 85G"},"content":{"rendered":"<p>Finest Fit Kitten \u2013 Nourriture humide pour chats en pleine croissance<\/p>\n<p>La nourriture humide pour chaton la plus fine est adapt\u00e9e aux besoins particuliers des jeunes chats en croissance jusqu\u2019\u00e0 l\u2019\u00e2ge d\u2019un an. La d\u00e9licieuse combinaison de poulet frais et de baies sauvages est un changement bienvenu par rapport \u00e0 la nourriture humide. En raison de la teneur ajust\u00e9e en prot\u00e9ines et en \u00e9nergie, la nourriture humide peut soutenir les jeunes chats dans leur croissance. Ainsi, rien ne s\u2019oppose \u00e0 un bon d\u00e9part dans la vie.<\/p>\n<p>Une alimentation holistique et adapt\u00e9e \u00e0 l\u2019esp\u00e8ce est au c\u0153ur de nos meilleurs produits. La bonne nourriture s\u00e8che, la nourriture humide et les collations sont adapt\u00e9es aux exigences des phases sp\u00e9ciales de la vie ou aux besoins particuliers des chats.<\/p>\n<div class=\"h6 text-sm mb-2 leading-5 font-extra-semibold !text-museo-bold text-mera-dark-grey\"><strong>Ingr\u00e9dients:<\/strong><\/div>\n<p>Poulet (72\u00a0% compos\u00e9 de c\u0153urs de poulet, viande de poulet, foies de poulet, estomacs de poulet, cous de poulet),<br \/>\nbouillon 25\u00a0%, min\u00e9raux 1\u00a0%, framboise 0,5\u00a0%, m\u00fbre 0,5\u00a0%, myrtille 0,5\u00a0%, inuline 0,2\u00a0%, huile de saumon 0,1\u00a0%, huile de tournesol 0,1\u00a0%, levure de bi\u00e8re 0,1\u00a0%.<\/p>\n","protected":false},"excerpt":{"rendered":"<p>Fines fit Kitten \u2013 nourriture humide pour chaton<\/p>\n","protected":false},"featured_media":3341,"template":"","meta":{"jetpack_publicize_message":"","jetpack_publicize_feature_enabled":true,"jetpack_social_post_already_shared":false,"jetpack_social_options":{"image_generator_settings":{"template":"highway","default_image_id":0,"font":"","enabled":false},"version":2}},"product_brand":[],"product_cat":[41],"product_tag":[],"class_list":{"0":"post-3340","1":"product","2":"type-product","3":"status-publish","4":"has-post-thumbnail","6":"product_cat-friandises-et-pate-pour-chat","8":"first","9":"instock","10":"taxable","11":"shipping-taxable","12":"purchasable","13":"product-type-simple"},"supplier_id":5588,"supplier_sku":"035467","barcode":null,"atum_controlled":true,"out_stock_date":null,"out_stock_threshold":null,"inheritable":false,"inbound_stock":0,"stock_on_hold":0,"sold_today":0,"sales_last_days":0,"reserved_stock":0,"customer_returns":0,"warehouse_damage":0,"lost_in_post":0,"other_logs":0,"out_stock_days":0,"lost_sales":0,"has_location":false,"update_date":"2026-04-28T00:13:00","atum_locations":[],"atum_stock_status":"instock","restock_status":false,"low_stock_amount":18,"sales_update_date":"2026-04-28T00:13:00","calc_backorders":0,"jetpack_publicize_connections":[],"jetpack_sharing_enabled":true,"batches":[{"id":"428","date_created":"2024-09-30 07:42:42","date_expiry":"2027-02-05 00:00:00","user_id":"2760","batch_number":"MERAPochonKitten","location":"","quantity":"33.0000","quantity_available":"0.0000","units":"1","status":"archived","order_ids":"[12567,12919,13791,14189,14378,15006,15228,15454,15661]","supplier":"mera","po":{"id":"417","date_created":"2024-09-30 07:42:42","batch_id":"428","po_number":"","supplier":"mera","cost":null,"regular_price":null,"sale_price":null,"price_margin":null,"price_discount":null}},{"id":"1222","date_created":"2024-12-16 22:10:35","date_expiry":"2027-06-14 00:00:00","user_id":"2760","batch_number":"MERAPochonKitten140627","location":"","quantity":"36.0000","quantity_available":"0.0000","units":"1","status":"archived","order_ids":"[16049,19157,22165,22989,25209,25216,25261,25859,26045,26671]","supplier":"mera","po":{"id":"1195","date_created":"2024-12-17 10:35:26","batch_id":"1222","po_number":"","supplier":"mera","cost":null,"regular_price":null,"sale_price":null,"price_margin":null,"price_discount":null}},{"id":"4860","date_created":"2025-08-10 17:09:28","date_expiry":"2027-06-14 00:00:00","user_id":"2760","batch_number":"MERAPochonKitten140627","location":"","quantity":"24.0000","quantity_available":"13.0000","units":"1","status":"active","order_ids":"[26671,28066,28232,28400,33312,33790,36808,38867]","supplier":"mera","po":{"id":"4824","date_created":"2025-08-10 17:09:31","batch_id":"4860","po_number":"","supplier":"mera","cost":null,"regular_price":null,"sale_price":null,"price_margin":null,"price_discount":null}},{"id":"5657","date_created":"2025-10-07 14:55:28","date_expiry":"2027-06-14 00:00:00","user_id":"2760","batch_number":"MERAPochonKitten140627","location":"","quantity":"12.0000","quantity_available":"0.0000","units":"1","status":"archived","order_ids":"[29894,31434,31915,33312]","supplier":"mera","po":{"id":"5613","date_created":"2025-10-07 14:55:34","batch_id":"5657","po_number":"","supplier":"mera","cost":null,"regular_price":null,"sale_price":null,"price_margin":null,"price_discount":null}},{"id":"6969","date_created":"2025-12-27 12:55:38","date_expiry":"2027-06-14 00:00:00","user_id":"2760","batch_number":"MERAPochonKitten140627","location":"","quantity":"0.0000","quantity_available":"0.0000","units":"1","status":"archived","order_ids":null,"supplier":"mera","po":{"id":"6908","date_created":"2025-12-27 12:55:39","batch_id":"6969","po_number":"","supplier":"mera","cost":null,"regular_price":null,"sale_price":null,"price_margin":null,"price_discount":null}},{"id":"8817","date_created":"2026-04-15 10:20:25","date_expiry":"2027-06-14 00:00:00","user_id":"2760","batch_number":"MERAPochonKitten140627","location":"","quantity":"12.0000","quantity_available":"12.0000","units":"1","status":"active","order_ids":null,"supplier":"mera","po":{"id":"8744","date_created":"2026-04-15 10:20:25","batch_id":"8817","po_number":"","supplier":"mera","cost":null,"regular_price":null,"sale_price":null,"price_margin":null,"price_discount":null}}],"_links":{"self":[{"href":"https:\/\/petworld.ma\/index.php\/wp-json\/wp\/v2\/product\/3340","targetHints":{"allow":["GET"]}}],"collection":[{"href":"https:\/\/petworld.ma\/index.php\/wp-json\/wp\/v2\/product"}],"about":[{"href":"https:\/\/petworld.ma\/index.php\/wp-json\/wp\/v2\/types\/product"}],"wp:featuredmedia":[{"embeddable":true,"href":"https:\/\/petworld.ma\/index.php\/wp-json\/wp\/v2\/media\/3341"}],"wp:attachment":[{"href":"https:\/\/petworld.ma\/index.php\/wp-json\/wp\/v2\/media?parent=3340"}],"wp:term":[{"taxonomy":"product_brand","embeddable":true,"href":"https:\/\/petworld.ma\/index.php\/wp-json\/wp\/v2\/product_brand?post=3340"},{"taxonomy":"product_cat","embeddable":true,"href":"https:\/\/petworld.ma\/index.php\/wp-json\/wp\/v2\/product_cat?post=3340"},{"taxonomy":"product_tag","embeddable":true,"href":"https:\/\/petworld.ma\/index.php\/wp-json\/wp\/v2\/product_tag?post=3340"}],"curies":[{"name":"wp","href":"https:\/\/api.w.org\/{rel}","templated":true}]}}