{"id":3342,"date":"2023-07-23T19:33:02","date_gmt":"2023-07-23T19:33:02","guid":{"rendered":"https:\/\/petworld.ma\/?post_type=product&#038;p=3342"},"modified":"2026-04-15T11:27:16","modified_gmt":"2026-04-15T11:27:16","slug":"mera-cat-exclusive-classic-20kg","status":"publish","type":"product","link":"https:\/\/petworld.ma\/index.php\/produit\/mera-cat-exclusive-classic-20kg\/","title":{"rendered":"Mera Cat Exclusive Classic 10kg | 20kg"},"content":{"rendered":"<div class=\"elementor-element elementor-element-706fcd6 elementor-widget elementor-widget-woocommerce-product-content\" data-id=\"706fcd6\" data-element_type=\"widget\" data-widget_type=\"woocommerce-product-content.default\">\n<div class=\"elementor-widget-container\">\n<p>\u2022 Aliment complet pour chat adulte.<br \/>\n\u2022 Aliment hautement digestible pour une alimentation e\u0301quilibre\u0301e et saine.<br \/>\n\u2022 Conserve\u0301 naturellement avec des vitamines E, sans ajout de conservateurs chimiques, sans ajout de colorants artificiels et d\u2019attractifs.<br \/>\n\u2022 Huile de saumon inclus dans la composition<\/p>\n<p>Aucun ajout de colorants artificiels et d&rsquo;attractifs.\u00a0100% fabriqu\u00e9 en Allemagne.<\/p>\n<p>Mera Cat est un aliment complet hautement digestible pour une alimentation \u00e9quilibr\u00e9e et saine de votre chat, fabriqu\u00e9 \u00e0 partir de mati\u00e8res premi\u00e8res de qualit\u00e9 particuli\u00e8rement \u00e9lev\u00e9e.\u00a0Tout ce dont votre chat a besoin en prot\u00e9ines, glucides, lipides, vitamines et min\u00e9raux est fourni par Mera Cat dans une quantit\u00e9 et une composition optimales.<\/p>\n<p>L&rsquo;organisme du chat en particulier impose des exigences particuli\u00e8res en mati\u00e8re de nutrition.\u00a0Par cons\u00e9quent, Mera Cat a \u00e9galement une teneur en magn\u00e9sium particuli\u00e8rement faible et une proportion particuli\u00e8rement \u00e9lev\u00e9e de prot\u00e9ines animales.\u00a0De plus, le chat est encourag\u00e9 \u00e0 absorber plus d&rsquo;eau.\u00a0Tout cela diminue le risque de syndrome urologique f\u00e9lin.<\/p>\n<h4 class=\"nutrition-facts--panel-title\"><strong>COMPOSITION<\/strong><\/h4>\n<div class=\"nutrition-facts--panel-body\">\n<p>C\u00e9r\u00e9ales, viandes et sous-produits animaux (dont volaille 16%), sous-produits v\u00e9g\u00e9taux, huiles et graisses (dont huile de saumon 0,2%, huile de tournesol 0,15%), graines (graines de lin 2%), min\u00e9raux, \u0153ufs et ovoproduits, levure.<\/p>\n<\/div>\n<\/div>\n<\/div>\n","protected":false},"excerpt":{"rendered":"<p>Fabriqu\u00e9 en allemagne<\/p>\n","protected":false},"featured_media":3343,"template":"","meta":{"jetpack_publicize_message":"","jetpack_publicize_feature_enabled":true,"jetpack_social_post_already_shared":false,"jetpack_social_options":{"image_generator_settings":{"template":"highway","default_image_id":0,"font":"","enabled":false},"version":2}},"product_brand":[],"product_cat":[40],"product_tag":[],"class_list":{"0":"post-3342","1":"product","2":"type-product","3":"status-publish","4":"has-post-thumbnail","6":"product_cat-coquettes-pour-chat","8":"first","9":"instock","10":"taxable","11":"shipping-taxable","12":"purchasable","13":"product-type-variable"},"supplier_id":5588,"supplier_sku":"","barcode":null,"atum_controlled":true,"out_stock_date":null,"out_stock_threshold":null,"inheritable":true,"inbound_stock":0,"stock_on_hold":1,"sold_today":0,"sales_last_days":0,"reserved_stock":0,"customer_returns":0,"warehouse_damage":0,"lost_in_post":0,"other_logs":0,"out_stock_days":0,"lost_sales":0,"has_location":false,"update_date":"2026-04-28T00:13:01","atum_locations":[],"atum_stock_status":"instock","restock_status":false,"low_stock_amount":"","sales_update_date":"2026-04-28T00:13:01","calc_backorders":null,"jetpack_publicize_connections":[],"jetpack_sharing_enabled":true,"batches":[],"_links":{"self":[{"href":"https:\/\/petworld.ma\/index.php\/wp-json\/wp\/v2\/product\/3342","targetHints":{"allow":["GET"]}}],"collection":[{"href":"https:\/\/petworld.ma\/index.php\/wp-json\/wp\/v2\/product"}],"about":[{"href":"https:\/\/petworld.ma\/index.php\/wp-json\/wp\/v2\/types\/product"}],"wp:featuredmedia":[{"embeddable":true,"href":"https:\/\/petworld.ma\/index.php\/wp-json\/wp\/v2\/media\/3343"}],"wp:attachment":[{"href":"https:\/\/petworld.ma\/index.php\/wp-json\/wp\/v2\/media?parent=3342"}],"wp:term":[{"taxonomy":"product_brand","embeddable":true,"href":"https:\/\/petworld.ma\/index.php\/wp-json\/wp\/v2\/product_brand?post=3342"},{"taxonomy":"product_cat","embeddable":true,"href":"https:\/\/petworld.ma\/index.php\/wp-json\/wp\/v2\/product_cat?post=3342"},{"taxonomy":"product_tag","embeddable":true,"href":"https:\/\/petworld.ma\/index.php\/wp-json\/wp\/v2\/product_tag?post=3342"}],"curies":[{"name":"wp","href":"https:\/\/api.w.org\/{rel}","templated":true}]}}