{"id":3345,"date":"2023-07-23T19:54:23","date_gmt":"2023-07-23T19:54:23","guid":{"rendered":"https:\/\/petworld.ma\/?post_type=product&#038;p=3345"},"modified":"2026-02-18T17:06:11","modified_gmt":"2026-02-18T17:06:11","slug":"tunnel-de-qualite-pour-chats-150-cm","status":"publish","type":"product","link":"https:\/\/petworld.ma\/index.php\/produit\/tunnel-de-qualite-pour-chats-150-cm\/","title":{"rendered":"Tunnel de qualit\u00e9 pour chats 150 cm"},"content":{"rendered":"<p>L&rsquo;un des jeux que les chats adorent le plus !<br \/>\nTunnel bruissant de tr\u00e8s bonne qualit\u00e9 ! 150 cm de plaisir et de lib\u00e9ration d&rsquo;\u00e9nergie..<\/p>\n<p>Ce tunnel est \u00e9quip\u00e9 de trous qui offrent un aper\u00e7u de stimulation et un plaisir suppl\u00e9mentaires. C&rsquo;est une cachette agr\u00e9able et donne une <span style=\"font-size: 14.4px\">sensation de<\/span> s\u00e9curit\u00e9 \u00e0 votre ami ronronnant.<\/p>\n<p>&nbsp;<\/p>\n<p>&nbsp;<\/p>\n","protected":false},"excerpt":{"rendered":"<p>L&rsquo;un des jeux que les chats adorent le plus ! Tunnel bruissant de tr\u00e8s bonne qualit\u00e9 ! 150 cm de plaisir et de lib\u00e9ration d&rsquo;\u00e9nergie.. Ce tunnel est \u00e9quip\u00e9 de trous qui offrent un aper\u00e7u de stimulation et un plaisir suppl\u00e9mentaires. C&rsquo;est une cachette agr\u00e9able et donne une sensation de s\u00e9curit\u00e9 \u00e0 votre ami ronronnant. [&#8230;]\n","protected":false},"featured_media":3346,"template":"","meta":{"jetpack_publicize_message":"","jetpack_publicize_feature_enabled":true,"jetpack_social_post_already_shared":false,"jetpack_social_options":{"image_generator_settings":{"template":"highway","default_image_id":0,"font":"","enabled":false},"version":2}},"product_brand":[],"product_cat":[100],"product_tag":[],"class_list":{"0":"post-3345","1":"product","2":"type-product","3":"status-publish","4":"has-post-thumbnail","6":"product_cat-accessoires-jouets-et-colliers","8":"first","9":"instock","10":"taxable","11":"shipping-taxable","12":"purchasable","13":"product-type-simple"},"supplier_id":5603,"supplier_sku":"2371","barcode":"20847922023717","atum_controlled":true,"out_stock_date":null,"out_stock_threshold":null,"inheritable":false,"inbound_stock":0,"stock_on_hold":0,"sold_today":0,"sales_last_days":0,"reserved_stock":0,"customer_returns":0,"warehouse_damage":0,"lost_in_post":0,"other_logs":0,"out_stock_days":0,"lost_sales":0,"has_location":false,"update_date":"2026-04-29T21:47:03","atum_locations":[],"atum_stock_status":"instock","restock_status":false,"low_stock_amount":2,"sales_update_date":"2026-04-29T21:47:03","calc_backorders":null,"jetpack_publicize_connections":[],"jetpack_sharing_enabled":true,"batches":[],"_links":{"self":[{"href":"https:\/\/petworld.ma\/index.php\/wp-json\/wp\/v2\/product\/3345","targetHints":{"allow":["GET"]}}],"collection":[{"href":"https:\/\/petworld.ma\/index.php\/wp-json\/wp\/v2\/product"}],"about":[{"href":"https:\/\/petworld.ma\/index.php\/wp-json\/wp\/v2\/types\/product"}],"wp:featuredmedia":[{"embeddable":true,"href":"https:\/\/petworld.ma\/index.php\/wp-json\/wp\/v2\/media\/3346"}],"wp:attachment":[{"href":"https:\/\/petworld.ma\/index.php\/wp-json\/wp\/v2\/media?parent=3345"}],"wp:term":[{"taxonomy":"product_brand","embeddable":true,"href":"https:\/\/petworld.ma\/index.php\/wp-json\/wp\/v2\/product_brand?post=3345"},{"taxonomy":"product_cat","embeddable":true,"href":"https:\/\/petworld.ma\/index.php\/wp-json\/wp\/v2\/product_cat?post=3345"},{"taxonomy":"product_tag","embeddable":true,"href":"https:\/\/petworld.ma\/index.php\/wp-json\/wp\/v2\/product_tag?post=3345"}],"curies":[{"name":"wp","href":"https:\/\/api.w.org\/{rel}","templated":true}]}}