{"id":33713,"date":"2026-01-17T10:01:03","date_gmt":"2026-01-17T10:01:03","guid":{"rendered":"https:\/\/petworld.ma\/?post_type=product&#038;p=33713"},"modified":"2026-04-25T17:33:50","modified_gmt":"2026-04-25T17:33:50","slug":"anti-puce-et-vermifuge-pour-chiens-frontpro-2kg-a-10kg","status":"publish","type":"product","link":"https:\/\/petworld.ma\/index.php\/produit\/anti-puce-et-vermifuge-pour-chiens-frontpro-2kg-a-10kg\/","title":{"rendered":"Antiparasitaires pour Chiens Frontpro (2kg \u00e0 10kg) Par Comprim\u00e9"},"content":{"rendered":"<p><strong><em>FRONTPRO\u00ae une protection app\u00e9tente et pratique \u00e0 donner \u00e0 votre chien contre les puces et les tiques qui prot\u00e8ge \u00e9galement votre environnement.<\/em><\/strong><\/p>\n<p><strong><br \/>\nFRONTPRO\u00ae est un comprim\u00e9 app\u00e9tent et pratique\u00a0<\/strong><strong>sans ordonnance\u00a0\u00e0 donner \u00e0 votre chien qui offre une\u00a0protection contre les puces et les tiques. Ce comprim\u00e9 \u00e0 croquer peut \u00eatre administr\u00e9 avec ou sans nourriture.\u00a0<\/strong><\/p>\n<p>FRONTPRO\u00ae tue les puces dans les 8 heures, avant qu\u2019elles n\u2019aient le temps de pondre des \u0153ufs. \u00a0Cela permet de\u00a0<strong>prot\u00e9ger votre maison<\/strong>\u00a0contre les puces.<\/p>\n<p>Un seul comprim\u00e9 suffit pour traiter une infestation de puces pendant 5 semaines et pour traiter une infestation de tiques pendant 1 mois.<\/p>\n<ul>\n<li>Agit de l&rsquo;int\u00e9rieur vers l&rsquo;ext\u00e9rieur<\/li>\n<li>Convient \u00e0 toutes les races de chien<\/li>\n<li>Utilisation \u00e0 partir de 8 semaines avec un poids d&rsquo;au moins 2 kg<\/li>\n<li>Peut \u00eatre utilis\u00e9e chez les chiennes gestantes, allaitantes\u00a0et chez les chiennes reproductrices<\/li>\n<\/ul>\n<p>&nbsp;<\/p>\n<p><u><b>Indications<\/b><\/u>\u00a0:<\/p>\n<p><strong>Chez les chiens, traitement des infestations par les puces (Ctenocephalides felis et C. canis) pendant au moins 5 semaines.<\/strong><\/p>\n<p><strong>Chez les chiens, traitement des infestations par les tiques (Dermacentor reticulatus, Ixodes ricinus, Rhipicephalus sanguineus). Un traitement \u00e9limine les tiques jusqu\u2019\u00e0 un mois.<\/strong><\/p>\n<p><strong>Les puces et les tiques doivent s\u2019attacher \u00e0 l\u2019h\u00f4te et commencer leur repas pour \u00eatre expos\u00e9s \u00e0 la substance active.<\/strong><\/p>\n<p>&nbsp;<\/p>\n<p><u><b>Conseils d&rsquo;utilisation\u00a0<\/b><\/u>:<\/p>\n<p><strong>Mode d\u2019administration :<\/strong><\/p>\n<p><strong>Les comprim\u00e9s sont \u00e0 croquer, ils sont app\u00e9tents pour la majorit\u00e9 des chiens. Si le chien n\u2019accepte pas directement les comprim\u00e9s, ils peuvent \u00eatre administr\u00e9s avec de la nourriture.<\/strong><\/p>\n<p><strong>Calendrier de traitement :<\/strong><\/p>\n<p><strong>Traitement des infestations par les puces et les tiques :<\/strong><\/p>\n<p><strong>Pour un contr\u00f4le optimal des infestations par les puces et les tiques, le produit doit \u00eatre administr\u00e9 mensuellement durant les saisons d\u2019infestations par les puces et\/ou les tiques et selon les situations \u00e9pid\u00e9miologiques locales.<\/strong><\/p>\n<p>Le produit doit \u00eatre administr\u00e9 par voie orale. Le produit doit \u00eatre administr\u00e9 selon le tableau suivant pour assurer une dose de 2,7\u20137 mg\/kg de poids corporel<\/p>\n<p>&nbsp;<\/p>\n<p><u><b>Composition<\/b><\/u>\u00a0:<\/p>\n<p><strong>Un comprim\u00e9 \u00e0 croquer contient :<\/strong><\/p>\n<p><strong>Substance active :<\/strong><\/p>\n<p>&nbsp;<\/p>\n<table border=\"1\" width=\"449\" cellspacing=\"0\" cellpadding=\"4\">\n<colgroup>\n<col width=\"313\" \/>\n<col width=\"118\" \/><\/colgroup>\n<tbody>\n<tr valign=\"TOP\">\n<td width=\"313\"><strong>FRONTPRO<\/strong><\/td>\n<td width=\"118\"><strong>Afoxolaner (mg)<\/strong><\/td>\n<\/tr>\n<tr valign=\"TOP\">\n<td width=\"313\"><strong>comprim\u00e9s \u00e0 croquer pour chiens 2\u20134 kg<\/strong><\/td>\n<td width=\"118\">\n<p align=\"CENTER\"><strong>11,3<\/strong><\/p>\n<\/td>\n<\/tr>\n<tr valign=\"TOP\">\n<td width=\"313\"><strong>comprim\u00e9s \u00e0 croquer pour chiens &gt;4\u201310 kg<\/strong><\/td>\n<td width=\"118\">\n<p align=\"CENTER\"><strong>28,3<\/strong><\/p>\n<\/td>\n<\/tr>\n<tr valign=\"TOP\">\n<td width=\"313\"><strong>comprim\u00e9s \u00e0 croquer pour chiens &gt;10\u201325 kg<\/strong><\/td>\n<td width=\"118\">\n<p align=\"CENTER\"><strong>68<\/strong><\/p>\n<\/td>\n<\/tr>\n<tr valign=\"TOP\">\n<td width=\"313\"><strong>comprim\u00e9s \u00e0 croquer pour chiens &gt;25\u201350 kg<\/strong><\/td>\n<td width=\"118\">\n<p align=\"CENTER\"><strong>136<\/strong><\/p>\n<\/td>\n<\/tr>\n<\/tbody>\n<\/table>\n<p><strong>\u00a0<\/strong><\/p>\n","protected":false},"excerpt":{"rendered":"<p>FRONTPRO, anti puces et tiques sans ordonnance<\/p>\n<p>FRONTPRO\u00a0:<\/p>\n<ul>\n<li>Comprim\u00e9s \u00e0 croquer sans ordonnance<\/li>\n<li>Puces : tue dans les 8 h, protection : 5 semaines<\/li>\n<li>Tiques : tue dans les 48 h, protection : 1 mois<\/li>\n<\/ul>\n<p>Tue les puces avant la ponte des \u0153ufs et emp\u00eache ainsi la contamination de l&rsquo;environnement<\/p>\n","protected":false},"featured_media":33711,"template":"","meta":{"jetpack_publicize_message":"","jetpack_publicize_feature_enabled":true,"jetpack_social_post_already_shared":true,"jetpack_social_options":{"image_generator_settings":{"template":"highway","default_image_id":0,"font":"","enabled":false},"version":2}},"product_brand":[],"product_cat":[228],"product_tag":[],"class_list":{"0":"post-33713","1":"product","2":"type-product","3":"status-publish","4":"has-post-thumbnail","6":"product_cat-antiparasitaires-vermifuges","8":"first","9":"instock","10":"taxable","11":"shipping-taxable","12":"purchasable","13":"product-type-variable"},"supplier_id":null,"supplier_sku":"","barcode":null,"atum_controlled":true,"out_stock_date":null,"out_stock_threshold":null,"inheritable":true,"inbound_stock":0,"stock_on_hold":2,"sold_today":0,"sales_last_days":3,"reserved_stock":0,"customer_returns":0,"warehouse_damage":0,"lost_in_post":0,"other_logs":0,"out_stock_days":0,"lost_sales":0,"has_location":false,"update_date":"2026-04-25T17:34:04","atum_locations":[],"atum_stock_status":"instock","restock_status":false,"low_stock_amount":"","sales_update_date":"2026-04-22T09:56:01","calc_backorders":null,"jetpack_publicize_connections":[],"jetpack_sharing_enabled":true,"batches":[],"_links":{"self":[{"href":"https:\/\/petworld.ma\/index.php\/wp-json\/wp\/v2\/product\/33713","targetHints":{"allow":["GET"]}}],"collection":[{"href":"https:\/\/petworld.ma\/index.php\/wp-json\/wp\/v2\/product"}],"about":[{"href":"https:\/\/petworld.ma\/index.php\/wp-json\/wp\/v2\/types\/product"}],"wp:featuredmedia":[{"embeddable":true,"href":"https:\/\/petworld.ma\/index.php\/wp-json\/wp\/v2\/media\/33711"}],"wp:attachment":[{"href":"https:\/\/petworld.ma\/index.php\/wp-json\/wp\/v2\/media?parent=33713"}],"wp:term":[{"taxonomy":"product_brand","embeddable":true,"href":"https:\/\/petworld.ma\/index.php\/wp-json\/wp\/v2\/product_brand?post=33713"},{"taxonomy":"product_cat","embeddable":true,"href":"https:\/\/petworld.ma\/index.php\/wp-json\/wp\/v2\/product_cat?post=33713"},{"taxonomy":"product_tag","embeddable":true,"href":"https:\/\/petworld.ma\/index.php\/wp-json\/wp\/v2\/product_tag?post=33713"}],"curies":[{"name":"wp","href":"https:\/\/api.w.org\/{rel}","templated":true}]}}