{"id":33762,"date":"2026-01-17T20:30:16","date_gmt":"2026-01-17T20:30:16","guid":{"rendered":"https:\/\/petworld.ma\/?post_type=product&#038;p=33762"},"modified":"2026-03-12T17:18:50","modified_gmt":"2026-03-12T17:18:50","slug":"hills-science-plan-sachets-patee-pour-chat-adulte-sterilise-1-6-au-poulet-a-la-truite-a-la-dinde-au-saumon-85g","status":"publish","type":"product","link":"https:\/\/petworld.ma\/index.php\/produit\/hills-science-plan-sachets-patee-pour-chat-adulte-sterilise-1-6-au-poulet-a-la-truite-a-la-dinde-au-saumon-85g\/","title":{"rendered":"Hill\u2019s Science Plan Sachets P\u00e2t\u00e9e pour Chat Adulte St\u00e9rilis\u00e9 (1-6) \u2013 au Poulet \u00e0 la Truite \u00e0 la Dinde au Saumon 85g"},"content":{"rendered":"<div class=\"productAwareRichText richText component section default-style even col-xs-12 initialized\">\n<div class=\"component-content\">\n<div class=\"richText-content\">\n<p>Votre chat va adorer le go\u00fbt d\u00e9licieux de ces tendres bouch\u00e9es en sauce\u00a0<span class=\"nowrap\">HILL\u2019S SCIENCE PLAN<\/span>\u00a0Sterilised Cat Adult. Le parfait \u00e9quilibre entre go\u00fbt et nutrition avec une formule unique de gestion de poids pour aider les chats st\u00e9rilis\u00e9s \u00e0 rester minces. Elabor\u00e9 \u00e0 partir d\u2019ingr\u00e9dients de haute qualit\u00e9, faciles \u00e0 dig\u00e9rer. Enrichi en L-carnitine \u00e0 l\u2019efficacit\u00e9 cliniquement prouv\u00e9e pour aider les chats \u00e0 rester minces et actifs Niveaux contr\u00f4l\u00e9s de min\u00e9raux pour un syst\u00e8me urinaire sain Faible teneur en mati\u00e8res grasses et taux \u00e9lev\u00e9s de L-lysine pour soutenir la vitalit\u00e9<\/p>\n<\/div>\n<\/div>\n<\/div>\n<div class=\"conditionalBox box component section default-style odd col-xs-12\">\n<div id=\"1517239228\" class=\"component-content\">\n<div class=\"paragraphSystem content\">\n<div class=\"productAwareRichText richText component section col-xs-12 productawarerichtext default-style initialized\">\n<div class=\"component-content\">\n<div class=\"richText-content\">\n<h4><strong>Recommandations :<\/strong><\/h4>\n<p>Pour les chats adultes st\u00e9rilis\u00e9s jusqu\u2019\u00e0 6 ans. Convient \u00e9galement aux chatons st\u00e9rilis\u00e9s de plus de 6 mois.<\/p>\n<\/div>\n<\/div>\n<\/div>\n<\/div>\n<\/div>\n<\/div>\n<div class=\"conditionalBox box component section default-style even col-xs-12\">\n<div id=\"1014499245\" class=\"component-content\">\n<div class=\"paragraphSystem content\">\n<div class=\"productAwareRichText richText component section default-style first odd last col-xs-12 initialized\">\n<div class=\"component-content\">\n<div class=\"richText-content\">\n<h4><strong>Ne pas utiliser cet aliment :<\/strong><\/h4>\n<p>Chez les chatons et les femelles en gestation ou en lactation. Pendant la gestation et la lactation, utiliser les croquettes ou les aliments humides\u00a0<span class=\"nowrap\">HILL\u2019S SCIENCE PLAN<\/span>\u00a0Kitten<\/p>\n<\/div>\n<\/div>\n<\/div>\n<\/div>\n<\/div>\n<\/div>\n","protected":false},"excerpt":{"rendered":"<p>Votre chat va adorer le go\u00fbt d\u00e9licieux de ces tendres bouch\u00e9es en sauce\u00a0HILL\u2019S SCIENCE PLAN\u00a0Sterilised Cat Adult. Le parfait \u00e9quilibre entre go\u00fbt et nutrition avec une formule unique de gestion de poids pour aider les chats st\u00e9rilis\u00e9s \u00e0 rester minces. Elabor\u00e9 \u00e0 partir d\u2019ingr\u00e9dients de haute qualit\u00e9, faciles \u00e0 dig\u00e9rer. Enrichi en L-carnitine \u00e0 l\u2019efficacit\u00e9 [&#8230;]\n","protected":false},"featured_media":33767,"template":"","meta":{"jetpack_publicize_message":"","jetpack_publicize_feature_enabled":true,"jetpack_social_post_already_shared":true,"jetpack_social_options":{"image_generator_settings":{"template":"highway","default_image_id":0,"font":"","enabled":false},"version":2}},"product_brand":[],"product_cat":[239],"product_tag":[],"class_list":{"0":"post-33762","1":"product","2":"type-product","3":"status-publish","4":"has-post-thumbnail","6":"product_cat-pate-humides-chat","8":"first","9":"instock","10":"taxable","11":"shipping-taxable","12":"purchasable","13":"product-type-variable"},"supplier_id":5603,"supplier_sku":"","barcode":null,"atum_controlled":true,"out_stock_date":null,"out_stock_threshold":null,"inheritable":true,"inbound_stock":0,"stock_on_hold":0,"sold_today":0,"sales_last_days":0,"reserved_stock":0,"customer_returns":0,"warehouse_damage":0,"lost_in_post":0,"other_logs":0,"out_stock_days":0,"lost_sales":0,"has_location":false,"update_date":"2026-04-23T00:49:47","atum_locations":[],"atum_stock_status":"instock","restock_status":false,"low_stock_amount":10,"sales_update_date":"2026-04-23T00:49:47","calc_backorders":null,"jetpack_publicize_connections":[],"jetpack_sharing_enabled":true,"batches":[],"_links":{"self":[{"href":"https:\/\/petworld.ma\/index.php\/wp-json\/wp\/v2\/product\/33762","targetHints":{"allow":["GET"]}}],"collection":[{"href":"https:\/\/petworld.ma\/index.php\/wp-json\/wp\/v2\/product"}],"about":[{"href":"https:\/\/petworld.ma\/index.php\/wp-json\/wp\/v2\/types\/product"}],"wp:featuredmedia":[{"embeddable":true,"href":"https:\/\/petworld.ma\/index.php\/wp-json\/wp\/v2\/media\/33767"}],"wp:attachment":[{"href":"https:\/\/petworld.ma\/index.php\/wp-json\/wp\/v2\/media?parent=33762"}],"wp:term":[{"taxonomy":"product_brand","embeddable":true,"href":"https:\/\/petworld.ma\/index.php\/wp-json\/wp\/v2\/product_brand?post=33762"},{"taxonomy":"product_cat","embeddable":true,"href":"https:\/\/petworld.ma\/index.php\/wp-json\/wp\/v2\/product_cat?post=33762"},{"taxonomy":"product_tag","embeddable":true,"href":"https:\/\/petworld.ma\/index.php\/wp-json\/wp\/v2\/product_tag?post=33762"}],"curies":[{"name":"wp","href":"https:\/\/api.w.org\/{rel}","templated":true}]}}