{"id":3410,"date":"2023-07-26T20:40:43","date_gmt":"2023-07-26T20:40:43","guid":{"rendered":"https:\/\/petworld.ma\/?post_type=product&#038;p=3410"},"modified":"2026-02-14T10:53:52","modified_gmt":"2026-02-14T10:53:52","slug":"gant-de-massage-et-toilettage-chat-et-chien","status":"publish","type":"product","link":"https:\/\/petworld.ma\/index.php\/produit\/gant-de-massage-et-toilettage-chat-et-chien\/","title":{"rendered":"Gant de massage et toilettage Chat et Chien"},"content":{"rendered":"<p>SUPER DOUX ET FLEXIBLE !! Ce gant permet de faire un massage \u00e0 votre animal et de nettoyer ses poils mortes. Contrairement aux autres brosses ordinaires, celle-ci a un design \u00e0 cinq doigts avec une brosse \u00e0 dents souple, votre animal se sentira. Vos chiens et chats vont l&rsquo;adorer!<\/p>\n<p>La conception \u00e0 cinq doigts permet une plus grande couverture: ces gants \u00e0 cinq doigts vous permettent de toiletter les endroits difficiles \u00e0 atteindre comme la queue ou le visage.<\/p>\n","protected":false},"excerpt":{"rendered":"<p>SUPER DOUX ET FLEXIBLE !! Ce gant permet de faire un massage \u00e0 votre animal et de nettoyer ses poils mortes. Contrairement aux autres brosses ordinaires, celle-ci a un design \u00e0 cinq doigts avec une brosse \u00e0 dents souple, votre animal se sentira. Vos chiens et chats vont l&rsquo;adorer! La conception \u00e0 cinq doigts permet [&#8230;]\n","protected":false},"featured_media":11227,"template":"","meta":{"jetpack_publicize_message":"","jetpack_publicize_feature_enabled":true,"jetpack_social_post_already_shared":false,"jetpack_social_options":{"image_generator_settings":{"template":"highway","default_image_id":0,"font":"","enabled":false},"version":2}},"product_brand":[],"product_cat":[222,223],"product_tag":[],"class_list":{"0":"post-3410","1":"product","2":"type-product","3":"status-publish","4":"has-post-thumbnail","6":"product_cat-brosses-coupe-griffes","7":"product_cat-brosses-coupe-griffes-hygiene-et-soins","9":"first","10":"instock","11":"taxable","12":"shipping-taxable","13":"purchasable","14":"product-type-simple"},"supplier_id":5587,"supplier_sku":"761270","barcode":null,"atum_controlled":true,"out_stock_date":null,"out_stock_threshold":null,"inheritable":false,"inbound_stock":0,"stock_on_hold":0,"sold_today":0,"sales_last_days":0,"reserved_stock":0,"customer_returns":0,"warehouse_damage":0,"lost_in_post":0,"other_logs":0,"out_stock_days":0,"lost_sales":0,"has_location":false,"update_date":"2026-04-15T00:06:12","atum_locations":[],"atum_stock_status":"instock","restock_status":false,"low_stock_amount":0,"sales_update_date":"2026-04-15T00:06:12","calc_backorders":null,"jetpack_publicize_connections":[],"jetpack_sharing_enabled":true,"batches":[],"_links":{"self":[{"href":"https:\/\/petworld.ma\/index.php\/wp-json\/wp\/v2\/product\/3410","targetHints":{"allow":["GET"]}}],"collection":[{"href":"https:\/\/petworld.ma\/index.php\/wp-json\/wp\/v2\/product"}],"about":[{"href":"https:\/\/petworld.ma\/index.php\/wp-json\/wp\/v2\/types\/product"}],"wp:featuredmedia":[{"embeddable":true,"href":"https:\/\/petworld.ma\/index.php\/wp-json\/wp\/v2\/media\/11227"}],"wp:attachment":[{"href":"https:\/\/petworld.ma\/index.php\/wp-json\/wp\/v2\/media?parent=3410"}],"wp:term":[{"taxonomy":"product_brand","embeddable":true,"href":"https:\/\/petworld.ma\/index.php\/wp-json\/wp\/v2\/product_brand?post=3410"},{"taxonomy":"product_cat","embeddable":true,"href":"https:\/\/petworld.ma\/index.php\/wp-json\/wp\/v2\/product_cat?post=3410"},{"taxonomy":"product_tag","embeddable":true,"href":"https:\/\/petworld.ma\/index.php\/wp-json\/wp\/v2\/product_tag?post=3410"}],"curies":[{"name":"wp","href":"https:\/\/api.w.org\/{rel}","templated":true}]}}