{"id":34103,"date":"2026-01-24T10:00:01","date_gmt":"2026-01-24T10:00:01","guid":{"rendered":"https:\/\/petworld.ma\/?post_type=product&#038;p=34103"},"modified":"2026-03-23T16:35:50","modified_gmt":"2026-03-23T16:35:50","slug":"camon-petites-cotes-de-poulet-et-de-canard-pour-chien-98g","status":"publish","type":"product","link":"https:\/\/petworld.ma\/index.php\/produit\/camon-petites-cotes-de-poulet-et-de-canard-pour-chien-98g\/","title":{"rendered":"Camon Petites C\u00f4tes de Poulet et de Canard 98g"},"content":{"rendered":"<p><span dir=\"auto\">D\u00e9licieuses c\u00f4tes de poulet et de canard, une friandise id\u00e9ale pour compl\u00e9ter l&rsquo;alimentation de votre chien.<\/span><br \/>\n<span dir=\"auto\">Formule sans gluten.<\/span><\/p>\n<p><strong><span dir=\"auto\">Quantit\u00e9\u00a0:<\/span><\/strong><span dir=\"auto\">\u00a098\u00a0g.<\/span><br \/>\n<strong><span dir=\"auto\">Dimensions\u00a0:<\/span><\/strong><span dir=\"auto\">\u00a07,5\u00a0x\u00a02,5\u00a0cm.<\/span><\/p>\n","protected":false},"excerpt":{"rendered":"<ul>\n<li>Aliment compl\u00e9mentaire pour chiens adultes, \u00e0 base de poulet, de canard et de patate douce.<\/li>\n<li>Formule sans gluten.<\/li>\n<li>Sans additifs.<\/li>\n<li>Riche en prot\u00e9ines de premi\u00e8re qualit\u00e9.<\/li>\n<\/ul>\n","protected":false},"featured_media":34104,"template":"","meta":{"jetpack_publicize_message":"","jetpack_publicize_feature_enabled":true,"jetpack_social_post_already_shared":true,"jetpack_social_options":{"image_generator_settings":{"template":"highway","default_image_id":0,"font":"","enabled":false},"version":2}},"product_brand":[],"product_cat":[39,106],"product_tag":[],"class_list":{"0":"post-34103","1":"product","2":"type-product","3":"status-publish","4":"has-post-thumbnail","6":"product_cat-friandises-et-pates-pour-chien","7":"product_cat-jouet-et-dressage","9":"first","10":"outofstock","11":"taxable","12":"shipping-taxable","13":"purchasable","14":"product-type-simple"},"supplier_id":8770,"supplier_sku":"","barcode":"8019808198897","atum_controlled":true,"out_stock_date":"2026-03-23 16:35:50","out_stock_threshold":null,"inheritable":false,"inbound_stock":0,"stock_on_hold":0,"sold_today":0,"sales_last_days":0,"reserved_stock":0,"customer_returns":0,"warehouse_damage":0,"lost_in_post":0,"other_logs":0,"out_stock_days":33,"lost_sales":0,"has_location":false,"update_date":"2026-04-26T00:15:07","atum_locations":[],"atum_stock_status":"outofstock","restock_status":false,"low_stock_amount":2,"sales_update_date":"2026-04-26T00:15:06","calc_backorders":null,"jetpack_publicize_connections":[],"jetpack_sharing_enabled":true,"batches":[{"id":"7317","date_created":"2026-01-24 10:13:35","date_expiry":"2028-01-30 00:00:00","user_id":"2760","batch_number":"CamonBBqPouletCanard300128","location":"","quantity":"12.0000","quantity_available":"0.0000","units":"1","status":"archived","order_ids":"[35392,35595,35644,36238]","supplier":"GreenTown kennel","po":{"id":"7254","date_created":"2026-01-24 12:13:08","batch_id":"7317","po_number":"","supplier":"GreenTown kennel","cost":null,"regular_price":null,"sale_price":null,"price_margin":null,"price_discount":null}}],"_links":{"self":[{"href":"https:\/\/petworld.ma\/index.php\/wp-json\/wp\/v2\/product\/34103","targetHints":{"allow":["GET"]}}],"collection":[{"href":"https:\/\/petworld.ma\/index.php\/wp-json\/wp\/v2\/product"}],"about":[{"href":"https:\/\/petworld.ma\/index.php\/wp-json\/wp\/v2\/types\/product"}],"wp:featuredmedia":[{"embeddable":true,"href":"https:\/\/petworld.ma\/index.php\/wp-json\/wp\/v2\/media\/34104"}],"wp:attachment":[{"href":"https:\/\/petworld.ma\/index.php\/wp-json\/wp\/v2\/media?parent=34103"}],"wp:term":[{"taxonomy":"product_brand","embeddable":true,"href":"https:\/\/petworld.ma\/index.php\/wp-json\/wp\/v2\/product_brand?post=34103"},{"taxonomy":"product_cat","embeddable":true,"href":"https:\/\/petworld.ma\/index.php\/wp-json\/wp\/v2\/product_cat?post=34103"},{"taxonomy":"product_tag","embeddable":true,"href":"https:\/\/petworld.ma\/index.php\/wp-json\/wp\/v2\/product_tag?post=34103"}],"curies":[{"name":"wp","href":"https:\/\/api.w.org\/{rel}","templated":true}]}}