{"id":34113,"date":"2026-01-24T10:42:59","date_gmt":"2026-01-24T10:42:59","guid":{"rendered":"https:\/\/petworld.ma\/?post_type=product&#038;p=34113"},"modified":"2026-03-22T21:42:02","modified_gmt":"2026-03-22T21:42:02","slug":"camon-bbq-party-de-poulet-et-de-canard-barbecue-120g","status":"publish","type":"product","link":"https:\/\/petworld.ma\/index.php\/produit\/camon-bbq-party-de-poulet-et-de-canard-barbecue-120g\/","title":{"rendered":"Camon BBQ Party de Poulet et de Canard Barbecue 120g"},"content":{"rendered":"<p><span dir=\"auto\">D\u00e9licieuses friandises au poulet et \u00e0 la dinde, un aliment compl\u00e9mentaire id\u00e9al pour stimuler la mastication chez les chiens adultes et contribuer \u00e0 l&rsquo;hygi\u00e8ne dentaire.<\/span><br \/>\n<span dir=\"auto\">Contient du poulet, de la patate douce, de la dinde, des carottes, du potiron, de la cannelle, du paprika et du romarin.<\/span><\/p>\n<p><span dir=\"auto\">Sans colorants artificiels<\/span><br \/>\n<span dir=\"auto\">Formule sans gluten.<\/span><\/p>\n<p><strong><span dir=\"auto\">Quantit\u00e9\u00a0:<\/span><\/strong><span dir=\"auto\">\u00a0120\u00a0g.<\/span><br \/>\n<strong><span dir=\"auto\">Dimensions\u00a0:<\/span><\/strong><span dir=\"auto\">\u00a010,5\u00a0x\u00a06\u00a0x\u00a02\u00a0cm.<\/span><\/p>\n","protected":false},"excerpt":{"rendered":"<ul>\n<li>Aliment compl\u00e9mentaire pour chiens adultes, \u00e0 base de poulet, de dinde, de patate douce, de potiron, de carotte, de paprika et de romarin.<\/li>\n<li>Formule sans gluten.<\/li>\n<li>Sans additifs.<\/li>\n<li>Riche en prot\u00e9ines de premi\u00e8re qualit\u00e9.<\/li>\n<\/ul>\n","protected":false},"featured_media":34115,"template":"","meta":{"jetpack_publicize_message":"","jetpack_publicize_feature_enabled":true,"jetpack_social_post_already_shared":true,"jetpack_social_options":{"image_generator_settings":{"template":"highway","default_image_id":0,"font":"","enabled":false},"version":2}},"product_brand":[],"product_cat":[39,106],"product_tag":[],"class_list":{"0":"post-34113","1":"product","2":"type-product","3":"status-publish","4":"has-post-thumbnail","6":"product_cat-friandises-et-pates-pour-chien","7":"product_cat-jouet-et-dressage","9":"first","10":"outofstock","11":"taxable","12":"shipping-taxable","13":"purchasable","14":"product-type-simple"},"supplier_id":8770,"supplier_sku":"","barcode":"8019808245768","atum_controlled":true,"out_stock_date":"2026-03-22 21:42:03","out_stock_threshold":null,"inheritable":false,"inbound_stock":0,"stock_on_hold":0,"sold_today":0,"sales_last_days":0,"reserved_stock":0,"customer_returns":0,"warehouse_damage":0,"lost_in_post":0,"other_logs":0,"out_stock_days":34,"lost_sales":1005,"has_location":false,"update_date":"2026-04-26T00:15:09","atum_locations":[],"atum_stock_status":"outofstock","restock_status":false,"low_stock_amount":2,"sales_update_date":"2026-04-26T00:15:08","calc_backorders":null,"jetpack_publicize_connections":[],"jetpack_sharing_enabled":true,"batches":[],"_links":{"self":[{"href":"https:\/\/petworld.ma\/index.php\/wp-json\/wp\/v2\/product\/34113","targetHints":{"allow":["GET"]}}],"collection":[{"href":"https:\/\/petworld.ma\/index.php\/wp-json\/wp\/v2\/product"}],"about":[{"href":"https:\/\/petworld.ma\/index.php\/wp-json\/wp\/v2\/types\/product"}],"wp:featuredmedia":[{"embeddable":true,"href":"https:\/\/petworld.ma\/index.php\/wp-json\/wp\/v2\/media\/34115"}],"wp:attachment":[{"href":"https:\/\/petworld.ma\/index.php\/wp-json\/wp\/v2\/media?parent=34113"}],"wp:term":[{"taxonomy":"product_brand","embeddable":true,"href":"https:\/\/petworld.ma\/index.php\/wp-json\/wp\/v2\/product_brand?post=34113"},{"taxonomy":"product_cat","embeddable":true,"href":"https:\/\/petworld.ma\/index.php\/wp-json\/wp\/v2\/product_cat?post=34113"},{"taxonomy":"product_tag","embeddable":true,"href":"https:\/\/petworld.ma\/index.php\/wp-json\/wp\/v2\/product_tag?post=34113"}],"curies":[{"name":"wp","href":"https:\/\/api.w.org\/{rel}","templated":true}]}}