{"id":34127,"date":"2026-01-24T11:56:35","date_gmt":"2026-01-24T11:56:35","guid":{"rendered":"https:\/\/petworld.ma\/?post_type=product&#038;p=34127"},"modified":"2026-04-25T23:01:37","modified_gmt":"2026-04-25T23:01:37","slug":"camon-os-a-macher-au-lait-et-au-miel-150g-5-pieces","status":"publish","type":"product","link":"https:\/\/petworld.ma\/index.php\/produit\/camon-os-a-macher-au-lait-et-au-miel-150g-5-pieces\/","title":{"rendered":"Camon Os \u00e0 m\u00e2cher au lait et au miel 150g (5 pi\u00e8ces)"},"content":{"rendered":"<p><span dir=\"auto\">Ces friandises Lait et Miel, en forme de petits os, sont un d\u00e9licieux aliment compl\u00e9mentaire pour chiens adultes. Elles contiennent du lait de ch\u00e8vre, du miel et de la gel\u00e9e royale.<\/span><br \/>\n<span dir=\"auto\">Leur forme unique encourage la mastication.<\/span><\/p>\n<p><span dir=\"auto\">&#8211; Source de calcium<\/span><br \/>\n<span dir=\"auto\">&#8211; Sans colorants artificiels<\/span><br \/>\n<span dir=\"auto\">&#8211; Formule sans gluten.<\/span><\/p>\n<p><strong><span dir=\"auto\">Quantit\u00e9\u00a0:<\/span><\/strong><span dir=\"auto\"> 150 g.<\/span><br \/>\n<strong><span dir=\"auto\">Dimensions :<\/span><\/strong> <span dir=\"auto\">8,5&#215;3,2&#215;2,0 cm &#8211; M<\/span><\/p>\n","protected":false},"excerpt":{"rendered":"<ul>\n<li>Aliment compl\u00e9mentaire pour chiens adultes, \u00e0 base de lait et de miel<\/li>\n<li>Formule sans gluten.<\/li>\n<li>Sans additifs.<\/li>\n<li>Riche en prot\u00e9ines de premi\u00e8re qualit\u00e9.<\/li>\n<\/ul>\n","protected":false},"featured_media":34128,"template":"","meta":{"jetpack_publicize_message":"","jetpack_publicize_feature_enabled":true,"jetpack_social_post_already_shared":true,"jetpack_social_options":{"image_generator_settings":{"template":"highway","default_image_id":0,"font":"","enabled":false},"version":2}},"product_brand":[],"product_cat":[39,106],"product_tag":[],"class_list":{"0":"post-34127","1":"product","2":"type-product","3":"status-publish","4":"has-post-thumbnail","6":"product_cat-friandises-et-pates-pour-chien","7":"product_cat-jouet-et-dressage","9":"first","10":"instock","11":"taxable","12":"shipping-taxable","13":"purchasable","14":"product-type-simple"},"supplier_id":8770,"supplier_sku":"","barcode":"8019808239255","atum_controlled":true,"out_stock_date":null,"out_stock_threshold":null,"inheritable":false,"inbound_stock":0,"stock_on_hold":1,"sold_today":0,"sales_last_days":3,"reserved_stock":0,"customer_returns":0,"warehouse_damage":0,"lost_in_post":0,"other_logs":0,"out_stock_days":0,"lost_sales":0,"has_location":false,"update_date":"2026-04-26T09:20:03","atum_locations":[],"atum_stock_status":"instock","restock_status":true,"low_stock_amount":2,"sales_update_date":"2026-04-26T09:20:02","calc_backorders":null,"jetpack_publicize_connections":[],"jetpack_sharing_enabled":true,"batches":[],"_links":{"self":[{"href":"https:\/\/petworld.ma\/index.php\/wp-json\/wp\/v2\/product\/34127","targetHints":{"allow":["GET"]}}],"collection":[{"href":"https:\/\/petworld.ma\/index.php\/wp-json\/wp\/v2\/product"}],"about":[{"href":"https:\/\/petworld.ma\/index.php\/wp-json\/wp\/v2\/types\/product"}],"wp:featuredmedia":[{"embeddable":true,"href":"https:\/\/petworld.ma\/index.php\/wp-json\/wp\/v2\/media\/34128"}],"wp:attachment":[{"href":"https:\/\/petworld.ma\/index.php\/wp-json\/wp\/v2\/media?parent=34127"}],"wp:term":[{"taxonomy":"product_brand","embeddable":true,"href":"https:\/\/petworld.ma\/index.php\/wp-json\/wp\/v2\/product_brand?post=34127"},{"taxonomy":"product_cat","embeddable":true,"href":"https:\/\/petworld.ma\/index.php\/wp-json\/wp\/v2\/product_cat?post=34127"},{"taxonomy":"product_tag","embeddable":true,"href":"https:\/\/petworld.ma\/index.php\/wp-json\/wp\/v2\/product_tag?post=34127"}],"curies":[{"name":"wp","href":"https:\/\/api.w.org\/{rel}","templated":true}]}}