{"id":34134,"date":"2026-01-24T12:24:11","date_gmt":"2026-01-24T12:24:11","guid":{"rendered":"https:\/\/petworld.ma\/?post_type=product&#038;p=34134"},"modified":"2026-04-25T23:01:42","modified_gmt":"2026-04-25T23:01:42","slug":"camon-bbq-bacon-de-patate-douce-et-poulet-90g","status":"publish","type":"product","link":"https:\/\/petworld.ma\/index.php\/produit\/camon-bbq-bacon-de-patate-douce-et-poulet-90g\/","title":{"rendered":"Camon BBQ Bacon de Patate douce et Poulet 90g"},"content":{"rendered":"<p><span dir=\"auto\">D\u00e9licieux bacon de patate douce au poulet, un aliment compl\u00e9mentaire savoureux \u00e0 m\u00e2cher pour chiens adultes.<\/span><br \/>\n<span dir=\"auto\">Contient de la patate douce, du poulet, de la tomate, du paprika et du romarin.<\/span><\/p>\n<p><span dir=\"auto\">Sans additifs.<\/span><br \/>\n<span dir=\"auto\">Friandise dentaire<\/span><br \/>\n<span dir=\"auto\">Prot\u00e9ine unique.<\/span><\/p>\n<p>&nbsp;<\/p>\n","protected":false},"excerpt":{"rendered":"<ul>\n<li>Aliment compl\u00e9mentaire pour chiens adultes, \u00e0 base de poulet, de dinde, de patate douce, de potiron, de carotte, de paprika et de romarin.<\/li>\n<li>Formule sans gluten.<\/li>\n<li>Sans additifs.<\/li>\n<li>Riche en prot\u00e9ines de premi\u00e8re qualit\u00e9.<\/li>\n<\/ul>\n","protected":false},"featured_media":34135,"template":"","meta":{"jetpack_publicize_message":"","jetpack_publicize_feature_enabled":true,"jetpack_social_post_already_shared":true,"jetpack_social_options":{"image_generator_settings":{"template":"highway","default_image_id":0,"font":"","enabled":false},"version":2}},"product_brand":[],"product_cat":[39,106],"product_tag":[],"class_list":{"0":"post-34134","1":"product","2":"type-product","3":"status-publish","4":"has-post-thumbnail","6":"product_cat-friandises-et-pates-pour-chien","7":"product_cat-jouet-et-dressage","9":"first","10":"outofstock","11":"taxable","12":"shipping-taxable","13":"purchasable","14":"product-type-simple"},"supplier_id":8770,"supplier_sku":"AE912\/A","barcode":"8019808241418","atum_controlled":true,"out_stock_date":"2026-04-25 23:01:42","out_stock_threshold":null,"inheritable":false,"inbound_stock":0,"stock_on_hold":1,"sold_today":0,"sales_last_days":4,"reserved_stock":0,"customer_returns":0,"warehouse_damage":0,"lost_in_post":0,"other_logs":0,"out_stock_days":0,"lost_sales":0,"has_location":false,"update_date":"2026-04-26T09:20:11","atum_locations":[],"atum_stock_status":"outofstock","restock_status":false,"low_stock_amount":2,"sales_update_date":"2026-04-26T09:20:10","calc_backorders":null,"jetpack_publicize_connections":[],"jetpack_sharing_enabled":true,"batches":[],"_links":{"self":[{"href":"https:\/\/petworld.ma\/index.php\/wp-json\/wp\/v2\/product\/34134","targetHints":{"allow":["GET"]}}],"collection":[{"href":"https:\/\/petworld.ma\/index.php\/wp-json\/wp\/v2\/product"}],"about":[{"href":"https:\/\/petworld.ma\/index.php\/wp-json\/wp\/v2\/types\/product"}],"wp:featuredmedia":[{"embeddable":true,"href":"https:\/\/petworld.ma\/index.php\/wp-json\/wp\/v2\/media\/34135"}],"wp:attachment":[{"href":"https:\/\/petworld.ma\/index.php\/wp-json\/wp\/v2\/media?parent=34134"}],"wp:term":[{"taxonomy":"product_brand","embeddable":true,"href":"https:\/\/petworld.ma\/index.php\/wp-json\/wp\/v2\/product_brand?post=34134"},{"taxonomy":"product_cat","embeddable":true,"href":"https:\/\/petworld.ma\/index.php\/wp-json\/wp\/v2\/product_cat?post=34134"},{"taxonomy":"product_tag","embeddable":true,"href":"https:\/\/petworld.ma\/index.php\/wp-json\/wp\/v2\/product_tag?post=34134"}],"curies":[{"name":"wp","href":"https:\/\/api.w.org\/{rel}","templated":true}]}}