{"id":34139,"date":"2026-01-24T12:34:14","date_gmt":"2026-01-24T12:34:14","guid":{"rendered":"https:\/\/petworld.ma\/?post_type=product&#038;p=34139"},"modified":"2026-03-15T20:59:35","modified_gmt":"2026-03-15T20:59:35","slug":"couches-jetables-camon-plusieurs-tailles-xs-s","status":"publish","type":"product","link":"https:\/\/petworld.ma\/index.php\/produit\/couches-jetables-camon-plusieurs-tailles-xs-s\/","title":{"rendered":"Couches jetables Camon Plusieurs Tailles (XS \/ S)"},"content":{"rendered":"<p><span dir=\"auto\">Couches jetables, id\u00e9ales pour les chiens incontinents, malades ou en convalescence.<\/span><br \/>\n<span dir=\"auto\">Conviennent \u00e9galement aux chiennes en chaleur.<\/span><br \/>\n<span dir=\"auto\">Faciles \u00e0 mettre et \u00e0 ajuster gr\u00e2ce \u00e0 leurs fermetures pratiques.<\/span><\/p>\n<p><span dir=\"auto\">Disponibles par paquets de 12.<\/span><\/p>\n<p><strong><span dir=\"auto\">Mode d&#8217;emploi\u00a0:<\/span><\/strong><br \/>\n<span dir=\"auto\">1. Enfilez la couche \u00e0 votre chien en passant sa queue dans l&rsquo;ouverture pr\u00e9vue \u00e0 cet effet.<\/span><br \/>\n<span dir=\"auto\">2. Passez la couche entre ses pattes arri\u00e8re.<\/span><br \/>\n<span dir=\"auto\">3. Ajustez le tour de taille \u00e0 l&rsquo;aide des fermetures, sans trop serrer.<\/span><\/p>\n<table border=\"0\" width=\"573\" cellspacing=\"0\" cellpadding=\"0\">\n<tbody>\n<tr>\n<td height=\"20\"><strong><span dir=\"auto\">Code<\/span><\/strong><\/td>\n<td><strong><span dir=\"auto\">Taille\/Circonf\u00e9rence*<\/span><\/strong><\/td>\n<td><strong><span dir=\"auto\">Courses<\/span><\/strong><\/td>\n<\/tr>\n<tr>\n<td height=\"28\"><span dir=\"auto\">B044\/0<\/span><\/td>\n<td><span dir=\"auto\">XS (20\/30 cm)<\/span><\/td>\n<td><span dir=\"auto\">Chihuahua, Pom\u00e9ranien (races de chiens miniatures)<\/span><\/td>\n<\/tr>\n<tr>\n<td height=\"28\"><span dir=\"auto\">B044\/1<\/span><\/td>\n<td><span dir=\"auto\">S (25\/35 cm)<\/span><\/td>\n<td><span dir=\"auto\">Yorkshire terrier, Pinscher nain<\/span><\/td>\n<\/tr>\n<\/tbody>\n<\/table>\n","protected":false},"excerpt":{"rendered":"<p>Couches jetables, id\u00e9ales pour les chiens incontinents, malades ou en convalescence. Conviennent \u00e9galement aux chiennes en chaleur. Faciles \u00e0 mettre et \u00e0 ajuster gr\u00e2ce \u00e0 leurs fermetures pratiques. Disponibles par paquets de 12. Mode d&#8217;emploi\u00a0: 1. Enfilez la couche \u00e0 votre chien en passant sa queue dans l&rsquo;ouverture pr\u00e9vue \u00e0 cet effet. 2. Passez la [&#8230;]\n","protected":false},"featured_media":34144,"template":"","meta":{"jetpack_publicize_message":"","jetpack_publicize_feature_enabled":true,"jetpack_social_post_already_shared":true,"jetpack_social_options":{"image_generator_settings":{"template":"highway","default_image_id":0,"font":"","enabled":false},"version":2}},"product_brand":[],"product_cat":[227],"product_tag":[],"class_list":{"0":"post-34139","1":"product","2":"type-product","3":"status-publish","4":"has-post-thumbnail","6":"product_cat-couches-tapis-absorbant","8":"first","9":"instock","10":"taxable","11":"shipping-taxable","12":"purchasable","13":"product-type-variable"},"supplier_id":null,"supplier_sku":"","barcode":null,"atum_controlled":true,"out_stock_date":null,"out_stock_threshold":null,"inheritable":true,"inbound_stock":0,"stock_on_hold":0,"sold_today":0,"sales_last_days":0,"reserved_stock":0,"customer_returns":0,"warehouse_damage":0,"lost_in_post":0,"other_logs":0,"out_stock_days":0,"lost_sales":0,"has_location":false,"update_date":"2026-04-28T00:14:00","atum_locations":[],"atum_stock_status":"instock","restock_status":false,"low_stock_amount":"","sales_update_date":"2026-04-28T00:13:59","calc_backorders":null,"jetpack_publicize_connections":[],"jetpack_sharing_enabled":true,"batches":[],"_links":{"self":[{"href":"https:\/\/petworld.ma\/index.php\/wp-json\/wp\/v2\/product\/34139","targetHints":{"allow":["GET"]}}],"collection":[{"href":"https:\/\/petworld.ma\/index.php\/wp-json\/wp\/v2\/product"}],"about":[{"href":"https:\/\/petworld.ma\/index.php\/wp-json\/wp\/v2\/types\/product"}],"wp:featuredmedia":[{"embeddable":true,"href":"https:\/\/petworld.ma\/index.php\/wp-json\/wp\/v2\/media\/34144"}],"wp:attachment":[{"href":"https:\/\/petworld.ma\/index.php\/wp-json\/wp\/v2\/media?parent=34139"}],"wp:term":[{"taxonomy":"product_brand","embeddable":true,"href":"https:\/\/petworld.ma\/index.php\/wp-json\/wp\/v2\/product_brand?post=34139"},{"taxonomy":"product_cat","embeddable":true,"href":"https:\/\/petworld.ma\/index.php\/wp-json\/wp\/v2\/product_cat?post=34139"},{"taxonomy":"product_tag","embeddable":true,"href":"https:\/\/petworld.ma\/index.php\/wp-json\/wp\/v2\/product_tag?post=34139"}],"curies":[{"name":"wp","href":"https:\/\/api.w.org\/{rel}","templated":true}]}}