{"id":34146,"date":"2026-01-24T12:53:12","date_gmt":"2026-01-24T12:53:12","guid":{"rendered":"https:\/\/petworld.ma\/?post_type=product&#038;p=34146"},"modified":"2026-04-17T08:55:59","modified_gmt":"2026-04-17T08:55:59","slug":"camon-brosse-de-nettoyage-de-poils-sous-forme-de-rouleau","status":"publish","type":"product","link":"https:\/\/petworld.ma\/index.php\/produit\/camon-brosse-de-nettoyage-de-poils-sous-forme-de-rouleau\/","title":{"rendered":"Brosse de Nettoyage de Poils sous Forme de Rouleau &#8211; Camon"},"content":{"rendered":"<p><span dir=\"auto\">Cette brosse ultra-pratique est id\u00e9ale pour \u00e9liminer les poils de chien et de chat, les peluches et les fibres des v\u00eatements, canap\u00e9s et tapis.<\/span><br \/>\n<span dir=\"auto\">Elle est fournie avec un rouleau de 60 feuilles adh\u00e9sives pr\u00e9d\u00e9coup\u00e9es.<\/span><br \/>\n<span dir=\"auto\">Son manche ergonomique est en plastique robuste.<\/span><br \/>\n<span dir=\"auto\">Nouvelle formule au d\u00e9licat parfum de musc blanc.<\/span><\/p>\n","protected":false},"excerpt":{"rendered":"<p>Taille: 11.5cm\/17cm<\/p>\n","protected":false},"featured_media":34147,"template":"","meta":{"jetpack_publicize_message":"","jetpack_publicize_feature_enabled":true,"jetpack_social_post_already_shared":true,"jetpack_social_options":{"image_generator_settings":{"template":"highway","default_image_id":0,"font":"","enabled":false},"version":2}},"product_brand":[],"product_cat":[222,223],"product_tag":[],"class_list":{"0":"post-34146","1":"product","2":"type-product","3":"status-publish","4":"has-post-thumbnail","6":"product_cat-brosses-coupe-griffes","7":"product_cat-brosses-coupe-griffes-hygiene-et-soins","9":"first","10":"instock","11":"taxable","12":"shipping-taxable","13":"purchasable","14":"product-type-simple"},"supplier_id":8770,"supplier_sku":"C700","barcode":"8019808069227","atum_controlled":true,"out_stock_date":null,"out_stock_threshold":null,"inheritable":false,"inbound_stock":0,"stock_on_hold":0,"sold_today":0,"sales_last_days":1,"reserved_stock":0,"customer_returns":0,"warehouse_damage":0,"lost_in_post":0,"other_logs":0,"out_stock_days":0,"lost_sales":0,"has_location":false,"update_date":"2026-04-28T00:14:00","atum_locations":[],"atum_stock_status":"instock","restock_status":false,"low_stock_amount":2,"sales_update_date":"2026-04-28T00:14:00","calc_backorders":null,"jetpack_publicize_connections":[],"jetpack_sharing_enabled":true,"batches":[],"_links":{"self":[{"href":"https:\/\/petworld.ma\/index.php\/wp-json\/wp\/v2\/product\/34146","targetHints":{"allow":["GET"]}}],"collection":[{"href":"https:\/\/petworld.ma\/index.php\/wp-json\/wp\/v2\/product"}],"about":[{"href":"https:\/\/petworld.ma\/index.php\/wp-json\/wp\/v2\/types\/product"}],"wp:featuredmedia":[{"embeddable":true,"href":"https:\/\/petworld.ma\/index.php\/wp-json\/wp\/v2\/media\/34147"}],"wp:attachment":[{"href":"https:\/\/petworld.ma\/index.php\/wp-json\/wp\/v2\/media?parent=34146"}],"wp:term":[{"taxonomy":"product_brand","embeddable":true,"href":"https:\/\/petworld.ma\/index.php\/wp-json\/wp\/v2\/product_brand?post=34146"},{"taxonomy":"product_cat","embeddable":true,"href":"https:\/\/petworld.ma\/index.php\/wp-json\/wp\/v2\/product_cat?post=34146"},{"taxonomy":"product_tag","embeddable":true,"href":"https:\/\/petworld.ma\/index.php\/wp-json\/wp\/v2\/product_tag?post=34146"}],"curies":[{"name":"wp","href":"https:\/\/api.w.org\/{rel}","templated":true}]}}