{"id":34155,"date":"2026-01-24T13:17:12","date_gmt":"2026-01-24T13:17:12","guid":{"rendered":"https:\/\/petworld.ma\/?post_type=product&#038;p=34155"},"modified":"2026-04-09T12:26:45","modified_gmt":"2026-04-09T12:26:45","slug":"camon-lingettes-pour-chien-et-chat-a-la-bergamote-100pcs","status":"publish","type":"product","link":"https:\/\/petworld.ma\/index.php\/produit\/camon-lingettes-pour-chien-et-chat-a-la-bergamote-100pcs\/","title":{"rendered":"Lingettes pour Chien et Chat \u00e0 la Bergamote (100pcs) &#8211; Camon"},"content":{"rendered":"<p><span dir=\"auto\">Lingettes nettoyantes parfum\u00e9es \u00e0 la bergamote pour le pelage et le visage, grand format de 100 lingettes.<\/span><br \/>\n<span dir=\"auto\">Extr\u00eamement pratiques pour votre animal, gardez-les \u00e0 port\u00e9e de main \u00e0 la maison comme en d\u00e9placement pour nettoyer le pelage et les pattes, \u00e9liminer les odeurs et nettoyer le visage et les oreilles.<\/span><br \/>\n<span dir=\"auto\">Leur formule douce rafra\u00eechit, nourrit et prot\u00e8ge le pelage.<\/span><\/p>\n<p><span dir=\"auto\">Sans alcool<\/span><br \/>\n<span dir=\"auto\">ni parab\u00e8nes.<\/span><\/p>\n<p><strong><span dir=\"auto\">Quantit\u00e9 par paquet\u00a0:<\/span><\/strong><span dir=\"auto\">\u00a0100 lingettes.<\/span><br \/>\n<strong><span dir=\"auto\">Dimensions\u00a0:<\/span><\/strong><span dir=\"auto\">\u00a030 x 17\u00a0cm.<\/span><\/p>\n<p><span dir=\"auto\">Fabriqu\u00e9 en Italie.<\/span><\/p>\n","protected":false},"excerpt":{"rendered":"<p>Lingettes nettoyantes parfum\u00e9es \u00e0 la bergamote pour le pelage et le visage, grand format de 100 lingettes. Extr\u00eamement pratiques pour votre animal, gardez-les \u00e0 port\u00e9e de main \u00e0 la maison comme en d\u00e9placement pour nettoyer le pelage et les pattes, \u00e9liminer les odeurs et nettoyer le visage et les oreilles. Leur formule douce rafra\u00eechit, nourrit [&#8230;]\n","protected":false},"featured_media":34156,"template":"","meta":{"jetpack_publicize_message":"","jetpack_publicize_feature_enabled":true,"jetpack_social_post_already_shared":true,"jetpack_social_options":{"image_generator_settings":{"template":"highway","default_image_id":0,"font":"","enabled":false},"version":2}},"product_brand":[],"product_cat":[225,224],"product_tag":[],"class_list":{"0":"post-34155","1":"product","2":"type-product","3":"status-publish","4":"has-post-thumbnail","6":"product_cat-lingettes-serviettes-hygiene-et-soins-pour-chat","7":"product_cat-lingettes-serviettes","9":"first","10":"instock","11":"sale","12":"taxable","13":"shipping-taxable","14":"purchasable","15":"product-type-simple"},"supplier_id":8770,"supplier_sku":"LA004","barcode":"8019808187792","atum_controlled":true,"out_stock_date":null,"out_stock_threshold":null,"inheritable":false,"inbound_stock":0,"stock_on_hold":0,"sold_today":0,"sales_last_days":0,"reserved_stock":0,"customer_returns":0,"warehouse_damage":0,"lost_in_post":0,"other_logs":0,"out_stock_days":0,"lost_sales":0,"has_location":false,"update_date":"2026-04-25T08:58:29","atum_locations":[],"atum_stock_status":"instock","restock_status":false,"low_stock_amount":2,"sales_update_date":"2026-04-25T08:58:29","calc_backorders":null,"jetpack_publicize_connections":[],"jetpack_sharing_enabled":true,"batches":[],"_links":{"self":[{"href":"https:\/\/petworld.ma\/index.php\/wp-json\/wp\/v2\/product\/34155","targetHints":{"allow":["GET"]}}],"collection":[{"href":"https:\/\/petworld.ma\/index.php\/wp-json\/wp\/v2\/product"}],"about":[{"href":"https:\/\/petworld.ma\/index.php\/wp-json\/wp\/v2\/types\/product"}],"wp:featuredmedia":[{"embeddable":true,"href":"https:\/\/petworld.ma\/index.php\/wp-json\/wp\/v2\/media\/34156"}],"wp:attachment":[{"href":"https:\/\/petworld.ma\/index.php\/wp-json\/wp\/v2\/media?parent=34155"}],"wp:term":[{"taxonomy":"product_brand","embeddable":true,"href":"https:\/\/petworld.ma\/index.php\/wp-json\/wp\/v2\/product_brand?post=34155"},{"taxonomy":"product_cat","embeddable":true,"href":"https:\/\/petworld.ma\/index.php\/wp-json\/wp\/v2\/product_cat?post=34155"},{"taxonomy":"product_tag","embeddable":true,"href":"https:\/\/petworld.ma\/index.php\/wp-json\/wp\/v2\/product_tag?post=34155"}],"curies":[{"name":"wp","href":"https:\/\/api.w.org\/{rel}","templated":true}]}}